{"id":2786,"date":"2025-08-13T08:49:54","date_gmt":"2025-08-13T08:49:54","guid":{"rendered":"https:\/\/vanmodel-sheetmetal.com\/?page_id=2786"},"modified":"2025-08-13T08:49:54","modified_gmt":"2025-08-13T08:49:54","slug":"other-cases","status":"publish","type":"page","link":"https:\/\/vanmodel-sheetmetal.com\/de\/other-cases\/","title":{"rendered":"Andere F\u00e4lle"},"content":{"rendered":"<style>.kb-row-layout-wrap.wp-block-kadence-rowlayout.kb-row-layout-id2539_3b4f4a-5c{margin-top:0px;margin-bottom:0px;}.kb-row-layout-id2539_3b4f4a-5c > .kt-row-column-wrap{align-content:start;}:where(.kb-row-layout-id2539_3b4f4a-5c > .kt-row-column-wrap) > .wp-block-kadence-column{justify-content:start;}.kb-row-layout-id2539_3b4f4a-5c > .kt-row-column-wrap{column-gap:var(--global-kb-gap-md, 2rem);row-gap:var(--global-kb-gap-md, 2rem);max-width:1000px;margin-left:auto;margin-right:auto;padding-top:60px;padding-bottom:60px;grid-template-columns:minmax(0, 1fr);}.kb-row-layout-id2539_3b4f4a-5c{background-image:url('http:\/\/vanmodel-sheetmetal.com\/wp-content\/uploads\/2025\/06\/1711751077455_.pic_.jpg');background-size:cover;background-position:center center;background-attachment:scroll;background-repeat:no-repeat;}.kb-row-layout-id2539_3b4f4a-5c > .kt-row-layout-overlay{opacity:0.80;background-color:var(--global-palette4, #2D3748);}@media all and (max-width: 1024px){.kb-row-layout-id2539_3b4f4a-5c > .kt-row-column-wrap{grid-template-columns:minmax(0, 1fr);}}@media all and (max-width: 767px){.kb-row-layout-id2539_3b4f4a-5c > .kt-row-column-wrap{padding-top:60px;grid-template-columns:minmax(0, 1fr);}}<\/style><div class=\"kb-row-layout-wrap kb-row-layout-id2539_3b4f4a-5c alignnone kt-row-has-bg wp-block-kadence-rowlayout\"><div class=\"kt-row-layout-overlay kt-row-overlay-normal\"><\/div><div class=\"kt-row-column-wrap kt-has-1-columns kt-row-layout-equal kt-tab-layout-inherit kt-mobile-layout-row kt-row-valign-top\">\n<style>.kadence-column2539_444f04-88 > .kt-inside-inner-col,.kadence-column2539_444f04-88 > .kt-inside-inner-col:before{border-top-left-radius:0px;border-top-right-radius:0px;border-bottom-right-radius:0px;border-bottom-left-radius:0px;}.kadence-column2539_444f04-88 > .kt-inside-inner-col{column-gap:var(--global-kb-gap-sm, 1rem);}.kadence-column2539_444f04-88 > .kt-inside-inner-col{flex-direction:column;}.kadence-column2539_444f04-88 > .kt-inside-inner-col > .aligncenter{width:100%;}.kadence-column2539_444f04-88 > .kt-inside-inner-col:before{opacity:0.3;}.kadence-column2539_444f04-88{position:relative;}@media all and (max-width: 1024px){.kadence-column2539_444f04-88 > .kt-inside-inner-col{flex-direction:column;justify-content:center;}}@media all and (max-width: 767px){.kadence-column2539_444f04-88 > .kt-inside-inner-col{flex-direction:column;justify-content:center;}}<\/style>\n<div class=\"wp-block-kadence-column kadence-column2539_444f04-88\"><div class=\"kt-inside-inner-col\"><style>.wp-block-kadence-advancedheading.kt-adv-heading2539_8af5bb-4b, .wp-block-kadence-advancedheading.kt-adv-heading2539_8af5bb-4b[data-kb-block=\"kb-adv-heading2539_8af5bb-4b\"]{text-align:center;font-size:var(--global-kb-font-size-xl, 3rem);line-height:1.2;font-style:normal;color:#ffffff;}.wp-block-kadence-advancedheading.kt-adv-heading2539_8af5bb-4b mark.kt-highlight, .wp-block-kadence-advancedheading.kt-adv-heading2539_8af5bb-4b[data-kb-block=\"kb-adv-heading2539_8af5bb-4b\"] mark.kt-highlight{font-style:normal;color:#f76a0c;-webkit-box-decoration-break:clone;box-decoration-break:clone;padding-top:0px;padding-right:0px;padding-bottom:0px;padding-left:0px;}.wp-block-kadence-advancedheading.kt-adv-heading2539_8af5bb-4b img.kb-inline-image, .wp-block-kadence-advancedheading.kt-adv-heading2539_8af5bb-4b[data-kb-block=\"kb-adv-heading2539_8af5bb-4b\"] img.kb-inline-image{width:150px;vertical-align:baseline;}<\/style>\n<h1 class=\"kt-adv-heading2539_8af5bb-4b wp-block-kadence-advancedheading\" data-kb-block=\"kb-adv-heading2539_8af5bb-4b\">Professioneller Halbleiterblechhersteller<\/h1>\n<\/div><\/div>\n\n<\/div><\/div>\n\n<style>.kb-row-layout-wrap.wp-block-kadence-rowlayout.kb-row-layout-id2539_f98097-97{margin-top:0px;}.kb-row-layout-id2539_f98097-97 > .kt-row-column-wrap{align-content:start;}:where(.kb-row-layout-id2539_f98097-97 > .kt-row-column-wrap) > .wp-block-kadence-column{justify-content:start;}.kb-row-layout-id2539_f98097-97 > .kt-row-column-wrap{column-gap:var(--global-kb-gap-md, 2rem);row-gap:var(--global-kb-gap-md, 2rem);max-width:var( --global-content-width, 1290px );padding-left:var(--global-content-edge-padding);padding-right:var(--global-content-edge-padding);padding-top:80px;padding-bottom:24px;grid-template-columns:minmax(0, 1fr);}.kb-row-layout-id2539_f98097-97 > .kt-row-layout-overlay{opacity:0.30;}@media all and (max-width: 1024px){.kb-row-layout-id2539_f98097-97 > .kt-row-column-wrap{grid-template-columns:minmax(0, 1fr);}}@media all and (max-width: 767px){.kb-row-layout-id2539_f98097-97 > .kt-row-column-wrap{grid-template-columns:minmax(0, 1fr);}}<\/style><div class=\"kb-row-layout-wrap kb-row-layout-id2539_f98097-97 alignnone wp-block-kadence-rowlayout\"><div class=\"kt-row-column-wrap kt-has-1-columns kt-row-layout-equal kt-tab-layout-inherit kt-mobile-layout-row kt-row-valign-top kb-theme-content-width\">\n<style>.kadence-column2539_1cf398-54 > .kt-inside-inner-col,.kadence-column2539_1cf398-54 > .kt-inside-inner-col:before{border-top-left-radius:0px;border-top-right-radius:0px;border-bottom-right-radius:0px;border-bottom-left-radius:0px;}.kadence-column2539_1cf398-54 > .kt-inside-inner-col{column-gap:var(--global-kb-gap-sm, 1rem);}.kadence-column2539_1cf398-54 > .kt-inside-inner-col{flex-direction:column;}.kadence-column2539_1cf398-54 > .kt-inside-inner-col > .aligncenter{width:100%;}.kadence-column2539_1cf398-54 > .kt-inside-inner-col:before{opacity:0.3;}.kadence-column2539_1cf398-54{position:relative;}@media all and (max-width: 1024px){.kadence-column2539_1cf398-54 > .kt-inside-inner-col{flex-direction:column;justify-content:center;}}@media all and (max-width: 767px){.kadence-column2539_1cf398-54 > .kt-inside-inner-col{flex-direction:column;justify-content:center;}}<\/style>\n<div class=\"wp-block-kadence-column kadence-column2539_1cf398-54\"><div class=\"kt-inside-inner-col\">\n<p><strong>Vanmodel<\/strong>&nbsp;bietet hochwertige Blechfertigungsdienstleistungen f\u00fcr Industriekunden mit Schwerpunkt auf der Halbleiterbranche an. Wir bieten umfassende Design-, Prototyping-, Produktions- und Testdienstleistungen, um sicherzustellen, dass Ihre kundenspezifischen Halbleiter-Blechkomponenten den strengsten Spezifikationen entsprechen.<\/p>\n\n\n\n<p>Unsere gro\u00dfe betriebseigene Anlage verf\u00fcgt \u00fcber mehr als 15.000 Standardwerkzeuge zur Herstellung kundenspezifischer Blechteile f\u00fcr verschiedene Halbleiteranwendungen. Dar\u00fcber hinaus fertigen wir kundenspezifische Werkzeuge f\u00fcr komplexe Form-, Gr\u00f6\u00dfen- und Volumenanforderungen mit au\u00dfergew\u00f6hnlich engen Toleranzen. Wir wissen, dass Komponenten von Halbleiteranlagen mit zuverl\u00e4ssiger, wiederholbarer Pr\u00e4zision arbeiten m\u00fcssen.<\/p>\n\n\n\n<p>Unabh\u00e4ngig von Gr\u00f6\u00dfe, Form, Volumen oder Pr\u00e4zisionsanforderungen Ihres Projekts verf\u00fcgt Vanmodel \u00fcber das Wissen, die Erfahrung und die Ausr\u00fcstung, um optimale Baugruppen zu liefern. Wenn Sie mit uns zusammenarbeiten, steht unser Team in jeder Phase in regelm\u00e4\u00dfigem Kontakt \u2013 von Design und Prototyping bis hin zu Produktion und Tests. Unser Ziel ist es, Sie mit hochwertigen Blechkomponenten f\u00fcr Ihre Halbleiterfertigung zu beliefern.<\/p>\n\n\n\n<p>Wir sind stolz auf unsere enge Zusammenarbeit mit Entwicklern und Eink\u00e4ufern von Automobilprodukten, um Blechteile gleich beim ersten Mal korrekt und effizient herzustellen. Wir haben die Produktion von Komponenten in gro\u00dfen St\u00fcckzahlen mit absoluter JIT-Zuverl\u00e4ssigkeit perfektioniert und bieten die Qualit\u00e4t und langfristige Leistung, die unsere Kunden erwarten.<\/p>\n\n\n\n<p>F\u00fchrende globale Unternehmen vertrauen Vanmodel ihre kundenspezifischen Blechteile f\u00fcr die Automobilindustrie an. Erfahren Sie, warum Branchenf\u00fchrer sich bei wichtigen Blechkomponenten immer wieder f\u00fcr Vanmodel entscheiden.<\/p>\n<\/div><\/div>\n\n<\/div><\/div>\n\n<style>.kb-row-layout-id2539_6cf2c4-9c > .kt-row-column-wrap{align-content:start;}:where(.kb-row-layout-id2539_6cf2c4-9c > .kt-row-column-wrap) > .wp-block-kadence-column{justify-content:start;}.kb-row-layout-id2539_6cf2c4-9c > .kt-row-column-wrap{column-gap:var(--global-kb-gap-md, 2rem);row-gap:var(--global-kb-gap-md, 2rem);max-width:var( --global-content-width, 1290px );padding-left:var(--global-content-edge-padding);padding-right:var(--global-content-edge-padding);padding-top:24px;padding-bottom:80px;grid-template-columns:minmax(0, 1fr);}.kb-row-layout-id2539_6cf2c4-9c > .kt-row-layout-overlay{opacity:0.30;}@media all and (max-width: 1024px){.kb-row-layout-id2539_6cf2c4-9c > .kt-row-column-wrap{grid-template-columns:minmax(0, 1fr);}}@media all and (max-width: 767px){.kb-row-layout-id2539_6cf2c4-9c > .kt-row-column-wrap{grid-template-columns:minmax(0, 1fr);}}<\/style><div class=\"kb-row-layout-wrap kb-row-layout-id2539_6cf2c4-9c alignnone wp-block-kadence-rowlayout\"><div class=\"kt-row-column-wrap kt-has-1-columns kt-row-layout-equal kt-tab-layout-inherit kt-mobile-layout-row kt-row-valign-top kb-theme-content-width\">\n<style>.kadence-column2539_923763-bf > .kt-inside-inner-col,.kadence-column2539_923763-bf > .kt-inside-inner-col:before{border-top-left-radius:0px;border-top-right-radius:0px;border-bottom-right-radius:0px;border-bottom-left-radius:0px;}.kadence-column2539_923763-bf > .kt-inside-inner-col{column-gap:var(--global-kb-gap-sm, 1rem);}.kadence-column2539_923763-bf > .kt-inside-inner-col{flex-direction:column;}.kadence-column2539_923763-bf > .kt-inside-inner-col > .aligncenter{width:100%;}.kadence-column2539_923763-bf > .kt-inside-inner-col:before{opacity:0.3;}.kadence-column2539_923763-bf{position:relative;}@media all and (max-width: 1024px){.kadence-column2539_923763-bf > .kt-inside-inner-col{flex-direction:column;justify-content:center;}}@media all and (max-width: 767px){.kadence-column2539_923763-bf > .kt-inside-inner-col{flex-direction:column;justify-content:center;}}<\/style>\n<div class=\"wp-block-kadence-column kadence-column2539_923763-bf\"><div class=\"kt-inside-inner-col\"><style>.kb-gallery-id-2539_fa09ac-30.kb-gallery-ul.kb-gallery-type-fluidcarousel .kt-blocks-carousel figure .kb-gal-image-radius, .kb-gallery-id-2539_fa09ac-30.kb-gallery-ul.kb-gallery-type-fluidcarousel .kt-blocks-carousel figure .kb-gal-image-radius img{height:400px;}.kb-gallery-id-2539_fa09ac-30 .kadence-blocks-gallery-item .kb-gal-image-radius, .kb-gallery-id-2539_fa09ac-30 .kb-slide-item .kb-gal-image-radius img{border-radius:0px 0px 0px 0px;;}.kb-gallery-wrap-id-2539_fa09ac-30.wp-block-kadence-advancedgallery{overflow:visible;}.kb-gallery-wrap-id-2539_fa09ac-30.wp-block-kadence-advancedgallery .kt-blocks-carousel{overflow:visible;max-width:100%;}<\/style><div class=\"kb-gallery-wrap-id-2539_fa09ac-30 alignnone wp-block-kadence-advancedgallery\"><div class=\"kb-gallery-ul kb-gallery-non-static kb-gallery-type-fluidcarousel kb-gallery-id-2539_fa09ac-30 kb-gallery-caption-style-bottom-hover kb-gallery-filter-none\" data-image-filter=\"none\" data-lightbox-caption=\"true\"><div class=\"kt-blocks-carousel splide kt-carousel-container-dotstyle-dark kt-carousel-arrowstyle-whiteondark kt-carousel-dotstyle-dark kb-slider-group-arrow kb-slider-arrow-position-center\" data-slider-anim-speed=\"400\" data-slider-scroll=\"1\" data-slider-arrows=\"true\" data-slider-dots=\"true\" data-slider-hover-pause=\"false\" data-slider-auto=\"\" data-slider-speed=\"7000\" data-slider-type=\"fluidcarousel\" data-slider-center-mode=\"true\" data-slider-gap=\"10px\" data-slider-gap-tablet=\"10px\" data-slider-gap-mobile=\"10px\" data-show-pause-button=\"false\"><div class=\"splide__track\"><ul class=\"kt-blocks-carousel-init kb-blocks-fluid-carousel splide__list\"><li class=\"kb-slide-item kb-gallery-carousel-item splide__slide\"><div class=\"kadence-blocks-gallery-item\"><div class=\"kadence-blocks-gallery-item-inner\"><figure class=\"kb-gallery-figure kadence-blocks-gallery-item-hide-caption\"><div class=\"kb-gal-image-radius\"><div class=\"kb-gallery-image-contain\" ><img loading=\"lazy\" decoding=\"async\" src=\"http:\/\/vanmodel-sheetmetal.com\/wp-content\/uploads\/2025\/07\/WechatIMG183.png\" width=\"800\" height=\"600\" alt=\"\" data-full-image=\"http:\/\/vanmodel-sheetmetal.com\/wp-content\/uploads\/2025\/07\/WechatIMG183.png\" data-light-image=\"http:\/\/vanmodel-sheetmetal.com\/wp-content\/uploads\/2025\/07\/WechatIMG183.png\" data-id=\"2541\" class=\"wp-image-2541 skip-lazy\" srcset=\"https:\/\/vanmodel-sheetmetal.com\/wp-content\/uploads\/2025\/07\/WechatIMG183.png 800w, https:\/\/vanmodel-sheetmetal.com\/wp-content\/uploads\/2025\/07\/WechatIMG183-300x225.png 300w, https:\/\/vanmodel-sheetmetal.com\/wp-content\/uploads\/2025\/07\/WechatIMG183-768x576.png 768w, https:\/\/vanmodel-sheetmetal.com\/wp-content\/uploads\/2025\/07\/WechatIMG183-600x450.png 600w\" sizes=\"auto, (max-width: 800px) 100vw, 800px\" \/><\/div><\/div><\/figure><\/div><\/div><\/li><li class=\"kb-slide-item kb-gallery-carousel-item splide__slide\"><div class=\"kadence-blocks-gallery-item\"><div class=\"kadence-blocks-gallery-item-inner\"><figure class=\"kb-gallery-figure kadence-blocks-gallery-item-hide-caption\"><div class=\"kb-gal-image-radius\"><div class=\"kb-gallery-image-contain\" ><img loading=\"lazy\" decoding=\"async\" src=\"http:\/\/vanmodel-sheetmetal.com\/wp-content\/uploads\/2025\/07\/WechatIMG182.png\" width=\"800\" height=\"600\" alt=\"\" data-full-image=\"http:\/\/vanmodel-sheetmetal.com\/wp-content\/uploads\/2025\/07\/WechatIMG182.png\" data-light-image=\"http:\/\/vanmodel-sheetmetal.com\/wp-content\/uploads\/2025\/07\/WechatIMG182.png\" data-id=\"2542\" class=\"wp-image-2542 skip-lazy\" srcset=\"https:\/\/vanmodel-sheetmetal.com\/wp-content\/uploads\/2025\/07\/WechatIMG182.png 800w, https:\/\/vanmodel-sheetmetal.com\/wp-content\/uploads\/2025\/07\/WechatIMG182-300x225.png 300w, https:\/\/vanmodel-sheetmetal.com\/wp-content\/uploads\/2025\/07\/WechatIMG182-768x576.png 768w, https:\/\/vanmodel-sheetmetal.com\/wp-content\/uploads\/2025\/07\/WechatIMG182-600x450.png 600w\" sizes=\"auto, (max-width: 800px) 100vw, 800px\" \/><\/div><\/div><\/figure><\/div><\/div><\/li><\/ul><\/div><\/div><\/div><\/div><\/div><\/div>\n\n<\/div><\/div>","protected":false},"excerpt":{"rendered":"<p>Der professionelle Halbleiterblechhersteller Vanmodel bietet hochwertige Blechfertigungsdienstleistungen f\u00fcr Industriekunden mit Schwerpunkt auf der Halbleiterbranche. Wir bieten umfassende Design-, Prototyping-, Produktions- und Testdienstleistungen, um sicherzustellen, dass Ihre kundenspezifischen Halbleiterblechkomponenten den strengsten Spezifikationen entsprechen. Unsere gro\u00dfe hauseigene Anlage beherbergt mehr\u2026<\/p>","protected":false},"author":1,"featured_media":0,"parent":0,"menu_order":0,"comment_status":"closed","ping_status":"closed","template":"","meta":{"_kad_blocks_custom_css":"","_kad_blocks_head_custom_js":"","_kad_blocks_body_custom_js":"","_kad_blocks_footer_custom_js":"","_kadence_starter_templates_imported_post":true,"_kad_post_transparent":"","_kad_post_title":"hide","_kad_post_layout":"fullwidth","_kad_post_sidebar_id":"","_kad_post_content_style":"unboxed","_kad_post_vertical_padding":"hide","_kad_post_feature":"hide","_kad_post_feature_position":"","_kad_post_header":false,"_kad_post_footer":false,"_kad_post_classname":"","footnotes":""},"class_list":["post-2786","page","type-page","status-publish","hentry"],"yoast_head":"<!-- This site is optimized with the Yoast SEO Premium plugin v20.5 (Yoast SEO v27.4) - https:\/\/yoast.com\/product\/yoast-seo-premium-wordpress\/ -->\n<title>Other Cases - Vanmodel-sheet metal<\/title>\n<meta name=\"robots\" content=\"index, follow, max-snippet:-1, max-image-preview:large, max-video-preview:-1\" \/>\n<link rel=\"canonical\" href=\"https:\/\/vanmodel-sheetmetal.com\/de\/other-cases\/\" \/>\n<meta property=\"og:locale\" content=\"de_DE\" \/>\n<meta property=\"og:type\" content=\"article\" \/>\n<meta property=\"og:title\" content=\"Other Cases\" \/>\n<meta property=\"og:description\" content=\"Professional Semiconductor Sheet Metal Manufacturer Vanmodel&nbsp;has been providing quality sheet metal production services to industrial customers, with a strong focus on the semiconductor sector. We offer a full range of design, prototyping, production, and testing services to ensure your custom semiconductor sheet metal components meet the most stringent specifications. Our large in-house facility houses more...\" \/>\n<meta property=\"og:url\" content=\"https:\/\/vanmodel-sheetmetal.com\/de\/other-cases\/\" \/>\n<meta property=\"og:site_name\" content=\"Vanmodel-sheet metal\" \/>\n<meta name=\"twitter:card\" content=\"summary_large_image\" \/>\n<meta name=\"twitter:label1\" content=\"Gesch\u00e4tzte Lesezeit\" \/>\n\t<meta name=\"twitter:data1\" content=\"2\u00a0Minuten\" \/>\n<script type=\"application\/ld+json\" class=\"yoast-schema-graph\">{\"@context\":\"https:\\\/\\\/schema.org\",\"@graph\":[{\"@type\":\"WebPage\",\"@id\":\"https:\\\/\\\/vanmodel-sheetmetal.com\\\/other-cases\\\/\",\"url\":\"https:\\\/\\\/vanmodel-sheetmetal.com\\\/other-cases\\\/\",\"name\":\"Other Cases - Vanmodel-sheet metal\",\"isPartOf\":{\"@id\":\"https:\\\/\\\/vanmodel-sheetmetal.com\\\/#website\"},\"datePublished\":\"2025-08-13T08:49:54+00:00\",\"breadcrumb\":{\"@id\":\"https:\\\/\\\/vanmodel-sheetmetal.com\\\/other-cases\\\/#breadcrumb\"},\"inLanguage\":\"de\",\"potentialAction\":[{\"@type\":\"ReadAction\",\"target\":[\"https:\\\/\\\/vanmodel-sheetmetal.com\\\/other-cases\\\/\"]}]},{\"@type\":\"BreadcrumbList\",\"@id\":\"https:\\\/\\\/vanmodel-sheetmetal.com\\\/other-cases\\\/#breadcrumb\",\"itemListElement\":[{\"@type\":\"ListItem\",\"position\":1,\"name\":\"Home\",\"item\":\"https:\\\/\\\/vanmodel-sheetmetal.com\\\/\"},{\"@type\":\"ListItem\",\"position\":2,\"name\":\"Other Cases\"}]},{\"@type\":\"WebSite\",\"@id\":\"https:\\\/\\\/vanmodel-sheetmetal.com\\\/#website\",\"url\":\"https:\\\/\\\/vanmodel-sheetmetal.com\\\/\",\"name\":\"Vanmodel-sheet metal\",\"description\":\"Dongguan Vanmodel Precision metal Products Group\",\"publisher\":{\"@id\":\"https:\\\/\\\/vanmodel-sheetmetal.com\\\/#organization\"},\"potentialAction\":[{\"@type\":\"SearchAction\",\"target\":{\"@type\":\"EntryPoint\",\"urlTemplate\":\"https:\\\/\\\/vanmodel-sheetmetal.com\\\/?s={search_term_string}\"},\"query-input\":{\"@type\":\"PropertyValueSpecification\",\"valueRequired\":true,\"valueName\":\"search_term_string\"}}],\"inLanguage\":\"de\"},{\"@type\":\"Organization\",\"@id\":\"https:\\\/\\\/vanmodel-sheetmetal.com\\\/#organization\",\"name\":\"Vanmodel-sheet metal\",\"url\":\"https:\\\/\\\/vanmodel-sheetmetal.com\\\/\",\"logo\":{\"@type\":\"ImageObject\",\"inLanguage\":\"de\",\"@id\":\"https:\\\/\\\/vanmodel-sheetmetal.com\\\/#\\\/schema\\\/logo\\\/image\\\/\",\"url\":\"https:\\\/\\\/vanmodel-sheetmetal.com\\\/wp-content\\\/uploads\\\/2025\\\/06\\\/logo21.png\",\"contentUrl\":\"https:\\\/\\\/vanmodel-sheetmetal.com\\\/wp-content\\\/uploads\\\/2025\\\/06\\\/logo21.png\",\"width\":426,\"height\":220,\"caption\":\"Vanmodel-sheet metal\"},\"image\":{\"@id\":\"https:\\\/\\\/vanmodel-sheetmetal.com\\\/#\\\/schema\\\/logo\\\/image\\\/\"}}]}<\/script>\n<!-- \/ Yoast SEO Premium plugin. -->","yoast_head_json":{"title":"Other Cases - Vanmodel-sheet metal","robots":{"index":"index","follow":"follow","max-snippet":"max-snippet:-1","max-image-preview":"max-image-preview:large","max-video-preview":"max-video-preview:-1"},"canonical":"https:\/\/vanmodel-sheetmetal.com\/de\/other-cases\/","og_locale":"de_DE","og_type":"article","og_title":"Other Cases","og_description":"Professional Semiconductor Sheet Metal Manufacturer Vanmodel&nbsp;has been providing quality sheet metal production services to industrial customers, with a strong focus on the semiconductor sector. We offer a full range of design, prototyping, production, and testing services to ensure your custom semiconductor sheet metal components meet the most stringent specifications. Our large in-house facility houses more...","og_url":"https:\/\/vanmodel-sheetmetal.com\/de\/other-cases\/","og_site_name":"Vanmodel-sheet metal","twitter_card":"summary_large_image","twitter_misc":{"Gesch\u00e4tzte Lesezeit":"2\u00a0Minuten"},"schema":{"@context":"https:\/\/schema.org","@graph":[{"@type":"WebPage","@id":"https:\/\/vanmodel-sheetmetal.com\/other-cases\/","url":"https:\/\/vanmodel-sheetmetal.com\/other-cases\/","name":"Other Cases - Vanmodel-sheet metal","isPartOf":{"@id":"https:\/\/vanmodel-sheetmetal.com\/#website"},"datePublished":"2025-08-13T08:49:54+00:00","breadcrumb":{"@id":"https:\/\/vanmodel-sheetmetal.com\/other-cases\/#breadcrumb"},"inLanguage":"de","potentialAction":[{"@type":"ReadAction","target":["https:\/\/vanmodel-sheetmetal.com\/other-cases\/"]}]},{"@type":"BreadcrumbList","@id":"https:\/\/vanmodel-sheetmetal.com\/other-cases\/#breadcrumb","itemListElement":[{"@type":"ListItem","position":1,"name":"Home","item":"https:\/\/vanmodel-sheetmetal.com\/"},{"@type":"ListItem","position":2,"name":"Other Cases"}]},{"@type":"WebSite","@id":"https:\/\/vanmodel-sheetmetal.com\/#website","url":"https:\/\/vanmodel-sheetmetal.com\/","name":"Vanmodel-sheet metal","description":"Dongguan Vanmodel Precision metal Products Group","publisher":{"@id":"https:\/\/vanmodel-sheetmetal.com\/#organization"},"potentialAction":[{"@type":"SearchAction","target":{"@type":"EntryPoint","urlTemplate":"https:\/\/vanmodel-sheetmetal.com\/?s={search_term_string}"},"query-input":{"@type":"PropertyValueSpecification","valueRequired":true,"valueName":"search_term_string"}}],"inLanguage":"de"},{"@type":"Organization","@id":"https:\/\/vanmodel-sheetmetal.com\/#organization","name":"Vanmodel-sheet metal","url":"https:\/\/vanmodel-sheetmetal.com\/","logo":{"@type":"ImageObject","inLanguage":"de","@id":"https:\/\/vanmodel-sheetmetal.com\/#\/schema\/logo\/image\/","url":"https:\/\/vanmodel-sheetmetal.com\/wp-content\/uploads\/2025\/06\/logo21.png","contentUrl":"https:\/\/vanmodel-sheetmetal.com\/wp-content\/uploads\/2025\/06\/logo21.png","width":426,"height":220,"caption":"Vanmodel-sheet metal"},"image":{"@id":"https:\/\/vanmodel-sheetmetal.com\/#\/schema\/logo\/image\/"}}]}},"taxonomy_info":[],"featured_image_src_large":false,"author_info":{"display_name":"admin","author_link":"https:\/\/vanmodel-sheetmetal.com\/de\/author\/admin\/"},"comment_info":0,"_links":{"self":[{"href":"https:\/\/vanmodel-sheetmetal.com\/de\/wp-json\/wp\/v2\/pages\/2786","targetHints":{"allow":["GET"]}}],"collection":[{"href":"https:\/\/vanmodel-sheetmetal.com\/de\/wp-json\/wp\/v2\/pages"}],"about":[{"href":"https:\/\/vanmodel-sheetmetal.com\/de\/wp-json\/wp\/v2\/types\/page"}],"author":[{"embeddable":true,"href":"https:\/\/vanmodel-sheetmetal.com\/de\/wp-json\/wp\/v2\/users\/1"}],"replies":[{"embeddable":true,"href":"https:\/\/vanmodel-sheetmetal.com\/de\/wp-json\/wp\/v2\/comments?post=2786"}],"version-history":[{"count":1,"href":"https:\/\/vanmodel-sheetmetal.com\/de\/wp-json\/wp\/v2\/pages\/2786\/revisions"}],"predecessor-version":[{"id":2787,"href":"https:\/\/vanmodel-sheetmetal.com\/de\/wp-json\/wp\/v2\/pages\/2786\/revisions\/2787"}],"wp:attachment":[{"href":"https:\/\/vanmodel-sheetmetal.com\/de\/wp-json\/wp\/v2\/media?parent=2786"}],"curies":[{"name":"wp","href":"https:\/\/api.w.org\/{rel}","templated":true}]}}