{"id":2576,"date":"2025-07-01T04:10:45","date_gmt":"2025-07-01T04:10:45","guid":{"rendered":"https:\/\/vanmodel-sheetmetal.com\/?post_type=product&#038;p=2576"},"modified":"2025-10-26T14:01:22","modified_gmt":"2025-10-26T14:01:22","slug":"metal-spinning","status":"publish","type":"product","link":"https:\/\/vanmodel-sheetmetal.com\/de\/produkt\/metal-spinning\/","title":{"rendered":"Metalldr\u00fccken"},"content":{"rendered":"<p class=\"ds-markdown-paragraph\"><strong>Metalldr\u00fcckdienstleistungen: Pr\u00e4zisionsgeformte Bauteile f\u00fcr anspruchsvolle Branchen<\/strong><\/p>\n<p class=\"ds-markdown-paragraph\">Metalldr\u00fccken \u2013 auch als Dr\u00fcckformung oder Metalldrehen bezeichnet \u2013 bietet vielseitige und kosteng\u00fcnstige L\u00f6sungen zur Herstellung pr\u00e4zisionssymmetrischer Bauteile. Dieses effiziente Umformverfahren formt flache Metallscheiben oder -rohre durch kontrollierten Druck bei hoher Rotationsgeschwindigkeit zu exakt geformten, rotationssymmetrischen Teilen.<\/p>\n<p class=\"ds-markdown-paragraph\"><strong>Dank seiner inh\u00e4renten Vorteile<\/strong>\u00a0Das Metalldr\u00fccken hat sich in einer Vielzahl von Branchen zu einer bevorzugten Methode entwickelt.\u00a0<strong>Zum Beispiel,<\/strong>\u00a0Es findet breite Anwendung in\u00a0<strong>Luft- und Raumfahrt, Automobilindustrie, Beleuchtungsindustrie und Gastgewerbe<\/strong>\u00a0Sektoren.\u00a0<strong>Dar\u00fcber hinaus,<\/strong>\u00a0Dieser Prozess zeichnet sich durch seine\u00a0<strong>Kosteneffizienz<\/strong>au\u00dfergew\u00f6hnlich\u00a0<strong>Materialeffizienz<\/strong>und die F\u00e4higkeit, aufrechtzuerhalten\u00a0<strong>Hohe Pr\u00e4zision sowohl bei der Prototypenentwicklung als auch bei der Serienproduktion<\/strong>.<\/p>\n<p class=\"ds-markdown-paragraph\"><strong>Warum sollten Sie sich f\u00fcr unsere Metalldr\u00fcckdienstleistungen entscheiden?<\/strong><\/p>\n<ul>\n<li>\n<p class=\"ds-markdown-paragraph\"><strong>Nachgewiesene Kosteneffizienz:<\/strong>\u00a0Im Vergleich zu alternativen Methoden werden Materialverschwendung und Werkzeugkosten deutlich reduziert.<\/p>\n<\/li>\n<li>\n<p class=\"ds-markdown-paragraph\"><strong>Au\u00dfergew\u00f6hnliche Vielseitigkeit:<\/strong>\u00a0Verarbeitung verschiedener Metalle, darunter Aluminium, Edelstahl und Kupferlegierungen.<\/p>\n<\/li>\n<li>\n<p class=\"ds-markdown-paragraph\"><strong>Schnelle Bearbeitung:<\/strong>\u00a0Von schnellen Prototypen bis hin zu vollen Produktionsmengen mit gleichbleibenden Ergebnissen.<\/p>\n<\/li>\n<li>\n<p class=\"ds-markdown-paragraph\"><strong>Pr\u00e4zisionstechnik:<\/strong>\u00a0Erreichen Sie enge Toleranzen und erstklassige Oberfl\u00e4cheng\u00fcten f\u00fcr anspruchsvolle Anwendungen.<\/p>\n<\/li>\n<\/ul>\n<p class=\"ds-markdown-paragraph\"><strong>Entdecken Sie die M\u00f6glichkeiten des Metallspinnens<\/strong><br \/>\nUnsere Metalldr\u00fcckanlagen eignen sich ideal f\u00fcr Anwendungen, die von Architekturelementen und Beleuchtungsk\u00f6rpern bis hin zu speziellen Industriekomponenten reichen, und bieten sowohl Qualit\u00e4t als auch Zuverl\u00e4ssigkeit.<\/p>\n<p class=\"ds-markdown-paragraph\"><strong>Bereit, Ihre Metallkonzepte in die Realit\u00e4t umzusetzen?<\/strong><br \/>\n[Kontaktieren Sie uns f\u00fcr eine technische Beratung] oder [Fordern Sie ein Projektangebot an]<\/p>","protected":false},"excerpt":{"rendered":"<p>Metalldr\u00fccken: Pr\u00e4zisionsgeformte Bauteile f\u00fcr anspruchsvolle Branchen. Metalldr\u00fccken \u2013 auch als Dr\u00fcckwalzen oder Metalldrehen bekannt \u2013 bietet vielseitige und kosteng\u00fcnstige L\u00f6sungen zur Herstellung pr\u00e4zisionssymmetrischer Bauteile. Dieses effiziente Umformverfahren verwandelt flache Metallscheiben oder -rohre durch kontrollierte Druckanwendung bei hoher Rotationsgeschwindigkeit in exakt geformte, rotationssymmetrische Teile. Dank seiner inh\u00e4renten\u2026<\/p>","protected":false},"featured_media":2554,"template":"","meta":{"_kad_blocks_custom_css":"","_kad_blocks_head_custom_js":"","_kad_blocks_body_custom_js":"","_kad_blocks_footer_custom_js":"","_kadence_starter_templates_imported_post":false,"_kad_post_transparent":"default","_kad_post_title":"","_kad_post_layout":"default","_kad_post_sidebar_id":"","_kad_post_content_style":"default","_kad_post_vertical_padding":"default","_kad_post_feature":"","_kad_post_feature_position":"","_kad_post_header":false,"_kad_post_footer":false,"_kad_post_classname":""},"product_brand":[],"product_cat":[36],"product_tag":[54,52,53],"class_list":{"0":"post-2576","1":"product","2":"type-product","3":"status-publish","4":"has-post-thumbnail","6":"product_cat-precision-stamping","7":"product_tag-metal-forming","8":"product_tag-metal-spinning","9":"product_tag-spin-forming","11":"first","12":"instock","13":"shipping-taxable","14":"product-type-external","15":"entry","16":"content-bg","17":"loop-entry"},"yoast_head":"<!-- This site is optimized with the Yoast SEO Premium plugin v20.5 (Yoast SEO v27.4) - https:\/\/yoast.com\/product\/yoast-seo-premium-wordpress\/ -->\n<title>Metal Spinning - Vanmodel-sheet metal<\/title>\n<meta name=\"description\" content=\"Expert metal spinning services for aerospace &amp; automotive components. High-precision spin forming with excellent cost-effectiveness.\" \/>\n<meta name=\"robots\" content=\"index, follow, max-snippet:-1, max-image-preview:large, max-video-preview:-1\" \/>\n<link rel=\"canonical\" href=\"https:\/\/vanmodel-sheetmetal.com\/de\/produkt\/metal-spinning\/\" \/>\n<meta property=\"og:locale\" content=\"de_DE\" \/>\n<meta property=\"og:type\" content=\"article\" \/>\n<meta property=\"og:title\" content=\"Metal Spinning\" \/>\n<meta property=\"og:description\" content=\"Expert metal spinning services for aerospace &amp; automotive components. High-precision spin forming with excellent cost-effectiveness.\" \/>\n<meta property=\"og:url\" content=\"https:\/\/vanmodel-sheetmetal.com\/de\/produkt\/metal-spinning\/\" \/>\n<meta property=\"og:site_name\" content=\"Vanmodel-sheet metal\" \/>\n<meta property=\"article:modified_time\" content=\"2025-10-26T14:01:22+00:00\" \/>\n<meta property=\"og:image\" content=\"https:\/\/vanmodel-sheetmetal.com\/wp-content\/uploads\/2023\/07\/Metal-Spinning.jpg\" \/>\n\t<meta property=\"og:image:width\" content=\"800\" \/>\n\t<meta property=\"og:image:height\" content=\"800\" \/>\n\t<meta property=\"og:image:type\" content=\"image\/jpeg\" \/>\n<meta name=\"twitter:card\" content=\"summary_large_image\" \/>\n<meta name=\"twitter:label1\" content=\"Gesch\u00e4tzte Lesezeit\" \/>\n\t<meta name=\"twitter:data1\" content=\"2\u00a0Minuten\" \/>\n<script type=\"application\/ld+json\" class=\"yoast-schema-graph\">{\"@context\":\"https:\\\/\\\/schema.org\",\"@graph\":[{\"@type\":\"WebPage\",\"@id\":\"https:\\\/\\\/vanmodel-sheetmetal.com\\\/product\\\/metal-spinning\\\/\",\"url\":\"https:\\\/\\\/vanmodel-sheetmetal.com\\\/product\\\/metal-spinning\\\/\",\"name\":\"Metal Spinning - Vanmodel-sheet metal\",\"isPartOf\":{\"@id\":\"https:\\\/\\\/vanmodel-sheetmetal.com\\\/#website\"},\"primaryImageOfPage\":{\"@id\":\"https:\\\/\\\/vanmodel-sheetmetal.com\\\/product\\\/metal-spinning\\\/#primaryimage\"},\"image\":{\"@id\":\"https:\\\/\\\/vanmodel-sheetmetal.com\\\/product\\\/metal-spinning\\\/#primaryimage\"},\"thumbnailUrl\":\"https:\\\/\\\/vanmodel-sheetmetal.com\\\/wp-content\\\/uploads\\\/2023\\\/07\\\/Metal-Spinning.jpg\",\"datePublished\":\"2025-07-01T04:10:45+00:00\",\"dateModified\":\"2025-10-26T14:01:22+00:00\",\"description\":\"Expert metal spinning services for aerospace & automotive components. High-precision spin forming with excellent cost-effectiveness.\",\"breadcrumb\":{\"@id\":\"https:\\\/\\\/vanmodel-sheetmetal.com\\\/product\\\/metal-spinning\\\/#breadcrumb\"},\"inLanguage\":\"de\",\"potentialAction\":[{\"@type\":\"ReadAction\",\"target\":[\"https:\\\/\\\/vanmodel-sheetmetal.com\\\/product\\\/metal-spinning\\\/\"]}]},{\"@type\":\"ImageObject\",\"inLanguage\":\"de\",\"@id\":\"https:\\\/\\\/vanmodel-sheetmetal.com\\\/product\\\/metal-spinning\\\/#primaryimage\",\"url\":\"https:\\\/\\\/vanmodel-sheetmetal.com\\\/wp-content\\\/uploads\\\/2023\\\/07\\\/Metal-Spinning.jpg\",\"contentUrl\":\"https:\\\/\\\/vanmodel-sheetmetal.com\\\/wp-content\\\/uploads\\\/2023\\\/07\\\/Metal-Spinning.jpg\",\"width\":800,\"height\":800},{\"@type\":\"BreadcrumbList\",\"@id\":\"https:\\\/\\\/vanmodel-sheetmetal.com\\\/product\\\/metal-spinning\\\/#breadcrumb\",\"itemListElement\":[{\"@type\":\"ListItem\",\"position\":1,\"name\":\"Home\",\"item\":\"https:\\\/\\\/vanmodel-sheetmetal.com\\\/\"},{\"@type\":\"ListItem\",\"position\":2,\"name\":\"Product\",\"item\":\"https:\\\/\\\/vanmodel-sheetmetal.com\\\/es\\\/product\\\/\"},{\"@type\":\"ListItem\",\"position\":3,\"name\":\"Metal Spinning\"}]},{\"@type\":\"WebSite\",\"@id\":\"https:\\\/\\\/vanmodel-sheetmetal.com\\\/#website\",\"url\":\"https:\\\/\\\/vanmodel-sheetmetal.com\\\/\",\"name\":\"Vanmodel-sheet metal\",\"description\":\"Dongguan Vanmodel Precision metal Products Group\",\"publisher\":{\"@id\":\"https:\\\/\\\/vanmodel-sheetmetal.com\\\/#organization\"},\"potentialAction\":[{\"@type\":\"SearchAction\",\"target\":{\"@type\":\"EntryPoint\",\"urlTemplate\":\"https:\\\/\\\/vanmodel-sheetmetal.com\\\/?s={search_term_string}\"},\"query-input\":{\"@type\":\"PropertyValueSpecification\",\"valueRequired\":true,\"valueName\":\"search_term_string\"}}],\"inLanguage\":\"de\"},{\"@type\":\"Organization\",\"@id\":\"https:\\\/\\\/vanmodel-sheetmetal.com\\\/#organization\",\"name\":\"Vanmodel-sheet metal\",\"url\":\"https:\\\/\\\/vanmodel-sheetmetal.com\\\/\",\"logo\":{\"@type\":\"ImageObject\",\"inLanguage\":\"de\",\"@id\":\"https:\\\/\\\/vanmodel-sheetmetal.com\\\/#\\\/schema\\\/logo\\\/image\\\/\",\"url\":\"https:\\\/\\\/vanmodel-sheetmetal.com\\\/wp-content\\\/uploads\\\/2025\\\/06\\\/logo21.png\",\"contentUrl\":\"https:\\\/\\\/vanmodel-sheetmetal.com\\\/wp-content\\\/uploads\\\/2025\\\/06\\\/logo21.png\",\"width\":426,\"height\":220,\"caption\":\"Vanmodel-sheet metal\"},\"image\":{\"@id\":\"https:\\\/\\\/vanmodel-sheetmetal.com\\\/#\\\/schema\\\/logo\\\/image\\\/\"}}]}<\/script>\n<!-- \/ Yoast SEO Premium plugin. -->","yoast_head_json":{"title":"Metal Spinning - Vanmodel-sheet metal","description":"Expert metal spinning services for aerospace & automotive components. High-precision spin forming with excellent cost-effectiveness.","robots":{"index":"index","follow":"follow","max-snippet":"max-snippet:-1","max-image-preview":"max-image-preview:large","max-video-preview":"max-video-preview:-1"},"canonical":"https:\/\/vanmodel-sheetmetal.com\/de\/produkt\/metal-spinning\/","og_locale":"de_DE","og_type":"article","og_title":"Metal Spinning","og_description":"Expert metal spinning services for aerospace & automotive components. High-precision spin forming with excellent cost-effectiveness.","og_url":"https:\/\/vanmodel-sheetmetal.com\/de\/produkt\/metal-spinning\/","og_site_name":"Vanmodel-sheet metal","article_modified_time":"2025-10-26T14:01:22+00:00","og_image":[{"width":800,"height":800,"url":"https:\/\/vanmodel-sheetmetal.com\/wp-content\/uploads\/2023\/07\/Metal-Spinning.jpg","type":"image\/jpeg"}],"twitter_card":"summary_large_image","twitter_misc":{"Gesch\u00e4tzte Lesezeit":"2\u00a0Minuten"},"schema":{"@context":"https:\/\/schema.org","@graph":[{"@type":"WebPage","@id":"https:\/\/vanmodel-sheetmetal.com\/product\/metal-spinning\/","url":"https:\/\/vanmodel-sheetmetal.com\/product\/metal-spinning\/","name":"Metal Spinning - Vanmodel-sheet metal","isPartOf":{"@id":"https:\/\/vanmodel-sheetmetal.com\/#website"},"primaryImageOfPage":{"@id":"https:\/\/vanmodel-sheetmetal.com\/product\/metal-spinning\/#primaryimage"},"image":{"@id":"https:\/\/vanmodel-sheetmetal.com\/product\/metal-spinning\/#primaryimage"},"thumbnailUrl":"https:\/\/vanmodel-sheetmetal.com\/wp-content\/uploads\/2023\/07\/Metal-Spinning.jpg","datePublished":"2025-07-01T04:10:45+00:00","dateModified":"2025-10-26T14:01:22+00:00","description":"Expert metal spinning services for aerospace & automotive components. High-precision spin forming with excellent cost-effectiveness.","breadcrumb":{"@id":"https:\/\/vanmodel-sheetmetal.com\/product\/metal-spinning\/#breadcrumb"},"inLanguage":"de","potentialAction":[{"@type":"ReadAction","target":["https:\/\/vanmodel-sheetmetal.com\/product\/metal-spinning\/"]}]},{"@type":"ImageObject","inLanguage":"de","@id":"https:\/\/vanmodel-sheetmetal.com\/product\/metal-spinning\/#primaryimage","url":"https:\/\/vanmodel-sheetmetal.com\/wp-content\/uploads\/2023\/07\/Metal-Spinning.jpg","contentUrl":"https:\/\/vanmodel-sheetmetal.com\/wp-content\/uploads\/2023\/07\/Metal-Spinning.jpg","width":800,"height":800},{"@type":"BreadcrumbList","@id":"https:\/\/vanmodel-sheetmetal.com\/product\/metal-spinning\/#breadcrumb","itemListElement":[{"@type":"ListItem","position":1,"name":"Home","item":"https:\/\/vanmodel-sheetmetal.com\/"},{"@type":"ListItem","position":2,"name":"Product","item":"https:\/\/vanmodel-sheetmetal.com\/es\/product\/"},{"@type":"ListItem","position":3,"name":"Metal Spinning"}]},{"@type":"WebSite","@id":"https:\/\/vanmodel-sheetmetal.com\/#website","url":"https:\/\/vanmodel-sheetmetal.com\/","name":"Vanmodel-sheet metal","description":"Dongguan Vanmodel Precision metal Products Group","publisher":{"@id":"https:\/\/vanmodel-sheetmetal.com\/#organization"},"potentialAction":[{"@type":"SearchAction","target":{"@type":"EntryPoint","urlTemplate":"https:\/\/vanmodel-sheetmetal.com\/?s={search_term_string}"},"query-input":{"@type":"PropertyValueSpecification","valueRequired":true,"valueName":"search_term_string"}}],"inLanguage":"de"},{"@type":"Organization","@id":"https:\/\/vanmodel-sheetmetal.com\/#organization","name":"Vanmodel-sheet metal","url":"https:\/\/vanmodel-sheetmetal.com\/","logo":{"@type":"ImageObject","inLanguage":"de","@id":"https:\/\/vanmodel-sheetmetal.com\/#\/schema\/logo\/image\/","url":"https:\/\/vanmodel-sheetmetal.com\/wp-content\/uploads\/2025\/06\/logo21.png","contentUrl":"https:\/\/vanmodel-sheetmetal.com\/wp-content\/uploads\/2025\/06\/logo21.png","width":426,"height":220,"caption":"Vanmodel-sheet metal"},"image":{"@id":"https:\/\/vanmodel-sheetmetal.com\/#\/schema\/logo\/image\/"}}]}},"taxonomy_info":{"product_cat":[{"value":36,"label":"Precision Stamping"}],"product_tag":[{"value":54,"label":"Metal Forming"},{"value":52,"label":"Metal Spinning"},{"value":53,"label":"Spin Forming"}]},"featured_image_src_large":["https:\/\/vanmodel-sheetmetal.com\/wp-content\/uploads\/2023\/07\/Metal-Spinning.jpg",800,800,false],"author_info":[],"comment_info":"","_links":{"self":[{"href":"https:\/\/vanmodel-sheetmetal.com\/de\/wp-json\/wp\/v2\/product\/2576","targetHints":{"allow":["GET"]}}],"collection":[{"href":"https:\/\/vanmodel-sheetmetal.com\/de\/wp-json\/wp\/v2\/product"}],"about":[{"href":"https:\/\/vanmodel-sheetmetal.com\/de\/wp-json\/wp\/v2\/types\/product"}],"wp:featuredmedia":[{"embeddable":true,"href":"https:\/\/vanmodel-sheetmetal.com\/de\/wp-json\/wp\/v2\/media\/2554"}],"wp:attachment":[{"href":"https:\/\/vanmodel-sheetmetal.com\/de\/wp-json\/wp\/v2\/media?parent=2576"}],"wp:term":[{"taxonomy":"product_brand","embeddable":true,"href":"https:\/\/vanmodel-sheetmetal.com\/de\/wp-json\/wp\/v2\/product_brand?post=2576"},{"taxonomy":"product_cat","embeddable":true,"href":"https:\/\/vanmodel-sheetmetal.com\/de\/wp-json\/wp\/v2\/product_cat?post=2576"},{"taxonomy":"product_tag","embeddable":true,"href":"https:\/\/vanmodel-sheetmetal.com\/de\/wp-json\/wp\/v2\/product_tag?post=2576"}],"curies":[{"name":"wp","href":"https:\/\/api.w.org\/{rel}","templated":true}]}}