{"id":2628,"date":"2025-07-05T10:24:01","date_gmt":"2025-07-05T10:24:01","guid":{"rendered":"https:\/\/vanmodel-sheetmetal.com\/?post_type=product&#038;p=2628"},"modified":"2025-10-26T13:52:33","modified_gmt":"2025-10-26T13:52:33","slug":"ops-chassis-enclosure","status":"publish","type":"product","link":"https:\/\/vanmodel-sheetmetal.com\/de\/produkt\/ops-chassis-enclosure\/","title":{"rendered":"OPS-Chassis-Geh\u00e4use"},"content":{"rendered":"<p>Pr\u00e4zisionsblechbearbeitung: Ihre Vision, unsere Handwerkskunst<\/p>\n<p>Im Mittelpunkt unserer Dienstleistung steht die Umsetzung Ihrer Konzepte in langlebige und hochwertige Blechprodukte. Dies erreichen wir durch flexible Fertigungsprozesse, die kundenspezifisches Formenstanzen nahtlos mit pr\u00e4zisem Laserschneiden verbinden. So gew\u00e4hrleisten wir Ihnen \u2013 unabh\u00e4ngig davon, ob Sie einen einzelnen Prototyp oder eine Gro\u00dfserie ben\u00f6tigen \u2013 h\u00f6chste Genauigkeit und Effizienz im gesamten Prozess.<\/p>\n<p>Unser Qualit\u00e4tsversprechen:<\/p>\n<p>Auswahl hochwertiger Materialien<br \/>\nWir verwenden hochfesten, verzinkten Stahl und andere hochwertige Metalle, um eine solide Qualit\u00e4tsgrundlage zu schaffen. Diese Materialauswahl gew\u00e4hrleistet hervorragende Rostbest\u00e4ndigkeit und Langlebigkeit. Dar\u00fcber hinaus sichert diese sorgf\u00e4ltige Entscheidung Ihre Investition und sorgt f\u00fcr langfristige Leistungsf\u00e4higkeit.<\/p>\n<p>Erweiterte Oberfl\u00e4chenveredelungsoptionen<br \/>\nNeben pr\u00e4ziser Formgebung bieten wir umfassende Oberfl\u00e4chenveredelungsl\u00f6sungen. Sie k\u00f6nnen beispielsweise zwischen geb\u00fcrsteten, eloxierten, polierten, sandgestrahlten oder pulverbeschichteten Oberfl\u00e4chen w\u00e4hlen. Jede dieser Optionen ist zudem so konzipiert, dass sie eine au\u00dfergew\u00f6hnliche Best\u00e4ndigkeit gegen Korrosion und Farbverblassung bietet und gleichzeitig Ihre gew\u00fcnschte \u00c4sthetik erzielt.<\/p>\n<p>Komplette Anpassungsdienstleistungen<br \/>\nAm wichtigsten ist uns, dass Ihre individuellen Anforderungen im Mittelpunkt stehen. Deshalb passen wir uns Ihren Bed\u00fcrfnissen voll und ganz an, indem wir Sondergr\u00f6\u00dfen und -farben auf Basis Ihrer CAD-Zeichnungen oder Muster fertigen. So stellen wir sicher, dass das Endprodukt perfekt Ihren Designvorstellungen und funktionalen Spezifikationen entspricht.<\/p>\n<p>Ihr Komplettanbieter f\u00fcr die Fertigung<br \/>\nDank unserer umfassenden Kompetenzen sind wir bestens f\u00fcr Geh\u00e4use, Halterungen und architektonische Bauteile geeignet. Dar\u00fcber hinaus gew\u00e4hrleistet unser integriertes Service-Modell Konsistenz und Zuverl\u00e4ssigkeit vom ersten Prototyp bis zur Serienfertigung.<\/p>\n<p>Bereit, Ihr Projekt zu starten?<br \/>\nWenn Sie einen zuverl\u00e4ssigen Fertigungspartner suchen, [kontaktieren Sie uns f\u00fcr eine kostenlose Beratung] oder [fordern Sie ein Sofortangebot an].<\/p>","protected":false},"excerpt":{"rendered":"<p>Pr\u00e4zisionsblechbearbeitung: Ihre Vision, unsere Handwerkskunst. Im Mittelpunkt unserer Dienstleistung steht die Umsetzung Ihrer Konzepte in langlebige, hochwertige Blechprodukte. Dies erreichen wir durch flexible Fertigungsprozesse, die kundenspezifisches Formenstanzen nahtlos mit pr\u00e4zisem Laserschneiden verbinden. Ob Sie einen einzelnen Prototyp oder \u2026 ben\u00f6tigen<\/p>","protected":false},"featured_media":2625,"template":"","meta":{"_kad_blocks_custom_css":"","_kad_blocks_head_custom_js":"","_kad_blocks_body_custom_js":"","_kad_blocks_footer_custom_js":"","_kadence_starter_templates_imported_post":false,"_kad_post_transparent":"default","_kad_post_title":"","_kad_post_layout":"default","_kad_post_sidebar_id":"","_kad_post_content_style":"default","_kad_post_vertical_padding":"default","_kad_post_feature":"","_kad_post_feature_position":"","_kad_post_header":false,"_kad_post_footer":false,"_kad_post_classname":""},"product_brand":[],"product_cat":[34],"product_tag":[51],"class_list":{"0":"post-2628","1":"product","2":"type-product","3":"status-publish","4":"has-post-thumbnail","6":"product_cat-sheet-metal-fabrication","7":"product_tag-sheet-metal-fabrication","9":"first","10":"instock","11":"shipping-taxable","12":"product-type-simple","13":"entry","14":"content-bg","15":"loop-entry"},"yoast_head":"<!-- This site is optimized with the Yoast SEO Premium plugin v20.5 (Yoast SEO v27.4) - https:\/\/yoast.com\/product\/yoast-seo-premium-wordpress\/ -->\n<title>OPS Chassis Enclosure - Vanmodel-sheet metal<\/title>\n<meta name=\"description\" content=\"VanModel specializes in sheet metal fabrication &amp; custom stamping services. Using high-strength galvanized steel with powder coating finishes.\" \/>\n<meta name=\"robots\" content=\"index, follow, max-snippet:-1, max-image-preview:large, max-video-preview:-1\" \/>\n<link rel=\"canonical\" href=\"https:\/\/vanmodel-sheetmetal.com\/de\/produkt\/ops-chassis-enclosure\/\" \/>\n<meta property=\"og:locale\" content=\"de_DE\" \/>\n<meta property=\"og:type\" content=\"article\" \/>\n<meta property=\"og:title\" content=\"OPS Chassis Enclosure\" \/>\n<meta property=\"og:description\" content=\"VanModel specializes in sheet metal fabrication &amp; custom stamping services. Using high-strength galvanized steel with powder coating finishes.\" \/>\n<meta property=\"og:url\" content=\"https:\/\/vanmodel-sheetmetal.com\/de\/produkt\/ops-chassis-enclosure\/\" \/>\n<meta property=\"og:site_name\" content=\"Vanmodel-sheet metal\" \/>\n<meta property=\"article:modified_time\" content=\"2025-10-26T13:52:33+00:00\" \/>\n<meta property=\"og:image\" content=\"https:\/\/vanmodel-sheetmetal.com\/wp-content\/uploads\/2023\/07\/Sheet-Metal-Fabrication1.png\" \/>\n\t<meta property=\"og:image:width\" content=\"800\" \/>\n\t<meta property=\"og:image:height\" content=\"800\" \/>\n\t<meta property=\"og:image:type\" content=\"image\/png\" \/>\n<meta name=\"twitter:card\" content=\"summary_large_image\" \/>\n<meta name=\"twitter:label1\" content=\"Gesch\u00e4tzte Lesezeit\" \/>\n\t<meta name=\"twitter:data1\" content=\"2\u00a0Minuten\" \/>\n<script type=\"application\/ld+json\" class=\"yoast-schema-graph\">{\"@context\":\"https:\\\/\\\/schema.org\",\"@graph\":[{\"@type\":\"WebPage\",\"@id\":\"https:\\\/\\\/vanmodel-sheetmetal.com\\\/product\\\/ops-chassis-enclosure\\\/\",\"url\":\"https:\\\/\\\/vanmodel-sheetmetal.com\\\/product\\\/ops-chassis-enclosure\\\/\",\"name\":\"OPS Chassis Enclosure - Vanmodel-sheet metal\",\"isPartOf\":{\"@id\":\"https:\\\/\\\/vanmodel-sheetmetal.com\\\/#website\"},\"primaryImageOfPage\":{\"@id\":\"https:\\\/\\\/vanmodel-sheetmetal.com\\\/product\\\/ops-chassis-enclosure\\\/#primaryimage\"},\"image\":{\"@id\":\"https:\\\/\\\/vanmodel-sheetmetal.com\\\/product\\\/ops-chassis-enclosure\\\/#primaryimage\"},\"thumbnailUrl\":\"https:\\\/\\\/vanmodel-sheetmetal.com\\\/wp-content\\\/uploads\\\/2023\\\/07\\\/Sheet-Metal-Fabrication1.png\",\"datePublished\":\"2025-07-05T10:24:01+00:00\",\"dateModified\":\"2025-10-26T13:52:33+00:00\",\"description\":\"VanModel specializes in sheet metal fabrication & custom stamping services. Using high-strength galvanized steel with powder coating finishes.\",\"breadcrumb\":{\"@id\":\"https:\\\/\\\/vanmodel-sheetmetal.com\\\/product\\\/ops-chassis-enclosure\\\/#breadcrumb\"},\"inLanguage\":\"de\",\"potentialAction\":[{\"@type\":\"ReadAction\",\"target\":[\"https:\\\/\\\/vanmodel-sheetmetal.com\\\/product\\\/ops-chassis-enclosure\\\/\"]}]},{\"@type\":\"ImageObject\",\"inLanguage\":\"de\",\"@id\":\"https:\\\/\\\/vanmodel-sheetmetal.com\\\/product\\\/ops-chassis-enclosure\\\/#primaryimage\",\"url\":\"https:\\\/\\\/vanmodel-sheetmetal.com\\\/wp-content\\\/uploads\\\/2023\\\/07\\\/Sheet-Metal-Fabrication1.png\",\"contentUrl\":\"https:\\\/\\\/vanmodel-sheetmetal.com\\\/wp-content\\\/uploads\\\/2023\\\/07\\\/Sheet-Metal-Fabrication1.png\",\"width\":800,\"height\":800},{\"@type\":\"BreadcrumbList\",\"@id\":\"https:\\\/\\\/vanmodel-sheetmetal.com\\\/product\\\/ops-chassis-enclosure\\\/#breadcrumb\",\"itemListElement\":[{\"@type\":\"ListItem\",\"position\":1,\"name\":\"Home\",\"item\":\"https:\\\/\\\/vanmodel-sheetmetal.com\\\/\"},{\"@type\":\"ListItem\",\"position\":2,\"name\":\"Product\",\"item\":\"https:\\\/\\\/vanmodel-sheetmetal.com\\\/es\\\/product\\\/\"},{\"@type\":\"ListItem\",\"position\":3,\"name\":\"OPS Chassis Enclosure\"}]},{\"@type\":\"WebSite\",\"@id\":\"https:\\\/\\\/vanmodel-sheetmetal.com\\\/#website\",\"url\":\"https:\\\/\\\/vanmodel-sheetmetal.com\\\/\",\"name\":\"Vanmodel-sheet metal\",\"description\":\"Dongguan Vanmodel Precision metal Products Group\",\"publisher\":{\"@id\":\"https:\\\/\\\/vanmodel-sheetmetal.com\\\/#organization\"},\"potentialAction\":[{\"@type\":\"SearchAction\",\"target\":{\"@type\":\"EntryPoint\",\"urlTemplate\":\"https:\\\/\\\/vanmodel-sheetmetal.com\\\/?s={search_term_string}\"},\"query-input\":{\"@type\":\"PropertyValueSpecification\",\"valueRequired\":true,\"valueName\":\"search_term_string\"}}],\"inLanguage\":\"de\"},{\"@type\":\"Organization\",\"@id\":\"https:\\\/\\\/vanmodel-sheetmetal.com\\\/#organization\",\"name\":\"Vanmodel-sheet metal\",\"url\":\"https:\\\/\\\/vanmodel-sheetmetal.com\\\/\",\"logo\":{\"@type\":\"ImageObject\",\"inLanguage\":\"de\",\"@id\":\"https:\\\/\\\/vanmodel-sheetmetal.com\\\/#\\\/schema\\\/logo\\\/image\\\/\",\"url\":\"https:\\\/\\\/vanmodel-sheetmetal.com\\\/wp-content\\\/uploads\\\/2025\\\/06\\\/logo21.png\",\"contentUrl\":\"https:\\\/\\\/vanmodel-sheetmetal.com\\\/wp-content\\\/uploads\\\/2025\\\/06\\\/logo21.png\",\"width\":426,\"height\":220,\"caption\":\"Vanmodel-sheet metal\"},\"image\":{\"@id\":\"https:\\\/\\\/vanmodel-sheetmetal.com\\\/#\\\/schema\\\/logo\\\/image\\\/\"}}]}<\/script>\n<!-- \/ Yoast SEO Premium plugin. -->","yoast_head_json":{"title":"OPS Chassis Enclosure - Vanmodel-sheet metal","description":"VanModel specializes in sheet metal fabrication & custom stamping services. Using high-strength galvanized steel with powder coating finishes.","robots":{"index":"index","follow":"follow","max-snippet":"max-snippet:-1","max-image-preview":"max-image-preview:large","max-video-preview":"max-video-preview:-1"},"canonical":"https:\/\/vanmodel-sheetmetal.com\/de\/produkt\/ops-chassis-enclosure\/","og_locale":"de_DE","og_type":"article","og_title":"OPS Chassis Enclosure","og_description":"VanModel specializes in sheet metal fabrication & custom stamping services. Using high-strength galvanized steel with powder coating finishes.","og_url":"https:\/\/vanmodel-sheetmetal.com\/de\/produkt\/ops-chassis-enclosure\/","og_site_name":"Vanmodel-sheet metal","article_modified_time":"2025-10-26T13:52:33+00:00","og_image":[{"width":800,"height":800,"url":"https:\/\/vanmodel-sheetmetal.com\/wp-content\/uploads\/2023\/07\/Sheet-Metal-Fabrication1.png","type":"image\/png"}],"twitter_card":"summary_large_image","twitter_misc":{"Gesch\u00e4tzte Lesezeit":"2\u00a0Minuten"},"schema":{"@context":"https:\/\/schema.org","@graph":[{"@type":"WebPage","@id":"https:\/\/vanmodel-sheetmetal.com\/product\/ops-chassis-enclosure\/","url":"https:\/\/vanmodel-sheetmetal.com\/product\/ops-chassis-enclosure\/","name":"OPS Chassis Enclosure - Vanmodel-sheet metal","isPartOf":{"@id":"https:\/\/vanmodel-sheetmetal.com\/#website"},"primaryImageOfPage":{"@id":"https:\/\/vanmodel-sheetmetal.com\/product\/ops-chassis-enclosure\/#primaryimage"},"image":{"@id":"https:\/\/vanmodel-sheetmetal.com\/product\/ops-chassis-enclosure\/#primaryimage"},"thumbnailUrl":"https:\/\/vanmodel-sheetmetal.com\/wp-content\/uploads\/2023\/07\/Sheet-Metal-Fabrication1.png","datePublished":"2025-07-05T10:24:01+00:00","dateModified":"2025-10-26T13:52:33+00:00","description":"VanModel specializes in sheet metal fabrication & custom stamping services. Using high-strength galvanized steel with powder coating finishes.","breadcrumb":{"@id":"https:\/\/vanmodel-sheetmetal.com\/product\/ops-chassis-enclosure\/#breadcrumb"},"inLanguage":"de","potentialAction":[{"@type":"ReadAction","target":["https:\/\/vanmodel-sheetmetal.com\/product\/ops-chassis-enclosure\/"]}]},{"@type":"ImageObject","inLanguage":"de","@id":"https:\/\/vanmodel-sheetmetal.com\/product\/ops-chassis-enclosure\/#primaryimage","url":"https:\/\/vanmodel-sheetmetal.com\/wp-content\/uploads\/2023\/07\/Sheet-Metal-Fabrication1.png","contentUrl":"https:\/\/vanmodel-sheetmetal.com\/wp-content\/uploads\/2023\/07\/Sheet-Metal-Fabrication1.png","width":800,"height":800},{"@type":"BreadcrumbList","@id":"https:\/\/vanmodel-sheetmetal.com\/product\/ops-chassis-enclosure\/#breadcrumb","itemListElement":[{"@type":"ListItem","position":1,"name":"Home","item":"https:\/\/vanmodel-sheetmetal.com\/"},{"@type":"ListItem","position":2,"name":"Product","item":"https:\/\/vanmodel-sheetmetal.com\/es\/product\/"},{"@type":"ListItem","position":3,"name":"OPS Chassis Enclosure"}]},{"@type":"WebSite","@id":"https:\/\/vanmodel-sheetmetal.com\/#website","url":"https:\/\/vanmodel-sheetmetal.com\/","name":"Vanmodel-sheet metal","description":"Dongguan Vanmodel Precision metal Products Group","publisher":{"@id":"https:\/\/vanmodel-sheetmetal.com\/#organization"},"potentialAction":[{"@type":"SearchAction","target":{"@type":"EntryPoint","urlTemplate":"https:\/\/vanmodel-sheetmetal.com\/?s={search_term_string}"},"query-input":{"@type":"PropertyValueSpecification","valueRequired":true,"valueName":"search_term_string"}}],"inLanguage":"de"},{"@type":"Organization","@id":"https:\/\/vanmodel-sheetmetal.com\/#organization","name":"Vanmodel-sheet metal","url":"https:\/\/vanmodel-sheetmetal.com\/","logo":{"@type":"ImageObject","inLanguage":"de","@id":"https:\/\/vanmodel-sheetmetal.com\/#\/schema\/logo\/image\/","url":"https:\/\/vanmodel-sheetmetal.com\/wp-content\/uploads\/2025\/06\/logo21.png","contentUrl":"https:\/\/vanmodel-sheetmetal.com\/wp-content\/uploads\/2025\/06\/logo21.png","width":426,"height":220,"caption":"Vanmodel-sheet metal"},"image":{"@id":"https:\/\/vanmodel-sheetmetal.com\/#\/schema\/logo\/image\/"}}]}},"taxonomy_info":{"product_cat":[{"value":34,"label":"Sheet Metal Fabrication"}],"product_tag":[{"value":51,"label":"Sheet Metal Fabrication"}]},"featured_image_src_large":["https:\/\/vanmodel-sheetmetal.com\/wp-content\/uploads\/2023\/07\/Sheet-Metal-Fabrication1.png",800,800,false],"author_info":[],"comment_info":"","_links":{"self":[{"href":"https:\/\/vanmodel-sheetmetal.com\/de\/wp-json\/wp\/v2\/product\/2628","targetHints":{"allow":["GET"]}}],"collection":[{"href":"https:\/\/vanmodel-sheetmetal.com\/de\/wp-json\/wp\/v2\/product"}],"about":[{"href":"https:\/\/vanmodel-sheetmetal.com\/de\/wp-json\/wp\/v2\/types\/product"}],"wp:featuredmedia":[{"embeddable":true,"href":"https:\/\/vanmodel-sheetmetal.com\/de\/wp-json\/wp\/v2\/media\/2625"}],"wp:attachment":[{"href":"https:\/\/vanmodel-sheetmetal.com\/de\/wp-json\/wp\/v2\/media?parent=2628"}],"wp:term":[{"taxonomy":"product_brand","embeddable":true,"href":"https:\/\/vanmodel-sheetmetal.com\/de\/wp-json\/wp\/v2\/product_brand?post=2628"},{"taxonomy":"product_cat","embeddable":true,"href":"https:\/\/vanmodel-sheetmetal.com\/de\/wp-json\/wp\/v2\/product_cat?post=2628"},{"taxonomy":"product_tag","embeddable":true,"href":"https:\/\/vanmodel-sheetmetal.com\/de\/wp-json\/wp\/v2\/product_tag?post=2628"}],"curies":[{"name":"wp","href":"https:\/\/api.w.org\/{rel}","templated":true}]}}