{"id":2632,"date":"2025-07-05T10:49:34","date_gmt":"2025-07-05T10:49:34","guid":{"rendered":"https:\/\/vanmodel-sheetmetal.com\/?post_type=product&#038;p=2632"},"modified":"2025-10-26T13:46:26","modified_gmt":"2025-10-26T13:46:26","slug":"hdmi-7-1-display-metal-bezel-enclosure","status":"publish","type":"product","link":"https:\/\/vanmodel-sheetmetal.com\/de\/produkt\/hdmi-7-1-display-metal-bezel-enclosure\/","title":{"rendered":"HDMI 7.1-Displaygeh\u00e4use mit Metallblende"},"content":{"rendered":"<p class=\"ds-markdown-paragraph\"><strong>Pr\u00e4zisionsblechbearbeitung, ma\u00dfgeschneidert auf Ihre Vision<\/strong><\/p>\n<p class=\"ds-markdown-paragraph\">Bei VanModel schlie\u00dfen wir die L\u00fccke zwischen Ihren Konzepten und hochwertigen, langlebigen Blechprodukten.\u00a0<strong>Speziell,<\/strong>\u00a0Unsere flexiblen Fertigungsprozesse integrieren nahtlos kundenspezifisches Formenstanzen und pr\u00e4zises Laserschneiden und gew\u00e4hrleisten so, dass Ihr Projekt \u2013 von einzelnen Prototypen bis hin zu Serienproduktionen \u2013 mit au\u00dfergew\u00f6hnlicher Effizienz und Genauigkeit ausgef\u00fchrt wird.<\/p>\n<p class=\"ds-markdown-paragraph\"><strong>Unser Bekenntnis zu Exzellenz:<\/strong><\/p>\n<p class=\"ds-markdown-paragraph\"><strong>Un\u00fcbertroffene Materialqualit\u00e4t<\/strong><br \/>\nWir fertigen Ihre Produkte aus hochfestem, verzinktem Stahl und anderen hochwertigen Metallen.\u00a0<strong>Infolge,<\/strong>\u00a0Dies gew\u00e4hrleistet eine hervorragende Rostbest\u00e4ndigkeit und langfristige strukturelle Haltbarkeit.\u00a0<strong>Letztlich,<\/strong>\u00a0Diese grundlegende Eigenschaft sch\u00fctzt Ihre Investition und gew\u00e4hrleistet die Langlebigkeit des Produkts.<\/p>\n<p class=\"ds-markdown-paragraph\"><strong>Hochentwickelte Oberfl\u00e4chenveredelung<\/strong><br \/>\nNeben der pr\u00e4zisen Formgebung bieten wir eine breite Palette an sorgf\u00e4ltigen Oberfl\u00e4chenbearbeitungsoptionen an.\u00a0<strong>Zum Beispiel,<\/strong>\u00a0W\u00e4hlen Sie zwischen geb\u00fcrsteten, eloxierten, polierten, sandgestrahlten oder pulverbeschichteten Oberfl\u00e4chen, um die gew\u00fcnschte \u00c4sthetik zu erzielen.\u00a0<strong>w\u00e4hrend<\/strong>\u00a0Gew\u00e4hrleistet au\u00dfergew\u00f6hnliche Best\u00e4ndigkeit gegen Korrosion und Farbverblassen.<\/p>\n<p class=\"ds-markdown-paragraph\"><strong>Kompletter Anpassungsservice<\/strong><br \/>\nIhre Vorgaben sind unsere Blaupause.\u00a0<strong>Daher,<\/strong>\u00a0Wir passen uns voll und ganz Ihren Bed\u00fcrfnissen an und akzeptieren Sondergr\u00f6\u00dfen und -farben auf Basis Ihrer CAD-Zeichnungen oder physischen Muster.\u00a0<strong>Dieser Ansatz<\/strong>\u00a0garantiert, dass das Endprodukt perfekt mit Ihren Designvorstellungen und funktionalen Anforderungen \u00fcbereinstimmt.<\/p>\n<p class=\"ds-markdown-paragraph\"><strong>Ihr Komplettanbieter f\u00fcr die Fertigung<\/strong><br \/>\n<strong>Angesichts unserer umfassenden F\u00e4higkeiten,<\/strong>\u00a0Wir eignen sich ideal f\u00fcr Anwendungen in Geh\u00e4usen, Halterungen und architektonischen Bauteilen.\u00a0<strong>Dar\u00fcber hinaus,<\/strong>\u00a0Unser integriertes Servicemodell gew\u00e4hrleistet Konsistenz und Zuverl\u00e4ssigkeit vom Prototyp bis zur Serienproduktion.<\/p>\n<p class=\"ds-markdown-paragraph\"><strong>Bereit, Ihr Design zum Leben zu erwecken?<\/strong><br \/>\n<strong>Wenn Sie ein Projekt im Sinn haben,<\/strong>\u00a0[Kontaktieren Sie uns f\u00fcr eine kostenlose Projektberatung] oder [Fordern Sie ein Sofortangebot an]<\/p>","protected":false},"excerpt":{"rendered":"<p>Pr\u00e4zisionsblechbearbeitung, ma\u00dfgeschneidert nach Ihren Vorstellungen. Bei VanModel schlie\u00dfen wir die L\u00fccke zwischen Ihren Ideen und hochwertigen, langlebigen Blechprodukten. Unsere flexiblen Fertigungsprozesse integrieren nahtlos kundenspezifisches Formenstanzen und pr\u00e4zises Laserschneiden. So stellen wir sicher, dass Ihr Projekt \u2013 vom Einzelprototypen bis zur Serienfertigung \u2013 mit h\u00f6chster Effizienz und Genauigkeit umgesetzt wird. Unser Anspruch an Exzellenz: Un\u00fcbertroffen\u2026<\/p>","protected":false},"featured_media":2634,"template":"","meta":{"_kad_blocks_custom_css":"","_kad_blocks_head_custom_js":"","_kad_blocks_body_custom_js":"","_kad_blocks_footer_custom_js":"","_kadence_starter_templates_imported_post":false,"_kad_post_transparent":"default","_kad_post_title":"","_kad_post_layout":"default","_kad_post_sidebar_id":"","_kad_post_content_style":"default","_kad_post_vertical_padding":"default","_kad_post_feature":"","_kad_post_feature_position":"","_kad_post_header":false,"_kad_post_footer":false,"_kad_post_classname":""},"product_brand":[],"product_cat":[34],"product_tag":[50],"class_list":{"0":"post-2632","1":"product","2":"type-product","3":"status-publish","4":"has-post-thumbnail","6":"product_cat-sheet-metal-fabrication","7":"product_tag-custom-sheet-metal-fabrication-stamping-services","9":"first","10":"instock","11":"shipping-taxable","12":"product-type-simple","13":"entry","14":"content-bg","15":"loop-entry"},"yoast_head":"<!-- This site is optimized with the Yoast SEO Premium plugin v20.5 (Yoast SEO v27.4) - https:\/\/yoast.com\/product\/yoast-seo-premium-wordpress\/ -->\n<title>HDMI 7.1 Display Metal Bezel Enclosure - Vanmodel-sheet metal<\/title>\n<meta name=\"description\" content=\"Expert in sheet metal fabrication, custom stamping &amp; precision laser cutting. We use high-strength galvanized steel &amp; offer powder coating.\" \/>\n<meta name=\"robots\" content=\"index, follow, max-snippet:-1, max-image-preview:large, max-video-preview:-1\" \/>\n<link rel=\"canonical\" href=\"https:\/\/vanmodel-sheetmetal.com\/de\/produkt\/hdmi-7-1-display-metal-bezel-enclosure\/\" \/>\n<meta property=\"og:locale\" content=\"de_DE\" \/>\n<meta property=\"og:type\" content=\"article\" \/>\n<meta property=\"og:title\" content=\"HDMI 7.1 Display Metal Bezel Enclosure\" \/>\n<meta property=\"og:description\" content=\"Expert in sheet metal fabrication, custom stamping &amp; precision laser cutting. We use high-strength galvanized steel &amp; offer powder coating.\" \/>\n<meta property=\"og:url\" content=\"https:\/\/vanmodel-sheetmetal.com\/de\/produkt\/hdmi-7-1-display-metal-bezel-enclosure\/\" \/>\n<meta property=\"og:site_name\" content=\"Vanmodel-sheet metal\" \/>\n<meta property=\"article:modified_time\" content=\"2025-10-26T13:46:26+00:00\" \/>\n<meta property=\"og:image\" content=\"https:\/\/vanmodel-sheetmetal.com\/wp-content\/uploads\/2025\/07\/11-HDMI-7-.1-\u663e\u793a\u5c4f\u91d1\u5c5e\u6846\u5916\u58f32.png\" \/>\n\t<meta property=\"og:image:width\" content=\"800\" \/>\n\t<meta property=\"og:image:height\" content=\"800\" \/>\n\t<meta property=\"og:image:type\" content=\"image\/png\" \/>\n<meta name=\"twitter:card\" content=\"summary_large_image\" \/>\n<meta name=\"twitter:label1\" content=\"Gesch\u00e4tzte Lesezeit\" \/>\n\t<meta name=\"twitter:data1\" content=\"2\u00a0Minuten\" \/>\n<script type=\"application\/ld+json\" class=\"yoast-schema-graph\">{\"@context\":\"https:\\\/\\\/schema.org\",\"@graph\":[{\"@type\":\"WebPage\",\"@id\":\"https:\\\/\\\/vanmodel-sheetmetal.com\\\/product\\\/hdmi-7-1-display-metal-bezel-enclosure\\\/\",\"url\":\"https:\\\/\\\/vanmodel-sheetmetal.com\\\/product\\\/hdmi-7-1-display-metal-bezel-enclosure\\\/\",\"name\":\"HDMI 7.1 Display Metal Bezel Enclosure - Vanmodel-sheet metal\",\"isPartOf\":{\"@id\":\"https:\\\/\\\/vanmodel-sheetmetal.com\\\/#website\"},\"primaryImageOfPage\":{\"@id\":\"https:\\\/\\\/vanmodel-sheetmetal.com\\\/product\\\/hdmi-7-1-display-metal-bezel-enclosure\\\/#primaryimage\"},\"image\":{\"@id\":\"https:\\\/\\\/vanmodel-sheetmetal.com\\\/product\\\/hdmi-7-1-display-metal-bezel-enclosure\\\/#primaryimage\"},\"thumbnailUrl\":\"https:\\\/\\\/vanmodel-sheetmetal.com\\\/wp-content\\\/uploads\\\/2025\\\/07\\\/11-HDMI-7-.1-\u663e\u793a\u5c4f\u91d1\u5c5e\u6846\u5916\u58f32.png\",\"datePublished\":\"2025-07-05T10:49:34+00:00\",\"dateModified\":\"2025-10-26T13:46:26+00:00\",\"description\":\"Expert in sheet metal fabrication, custom stamping & precision laser cutting. We use high-strength galvanized steel & offer powder coating.\",\"breadcrumb\":{\"@id\":\"https:\\\/\\\/vanmodel-sheetmetal.com\\\/product\\\/hdmi-7-1-display-metal-bezel-enclosure\\\/#breadcrumb\"},\"inLanguage\":\"de\",\"potentialAction\":[{\"@type\":\"ReadAction\",\"target\":[\"https:\\\/\\\/vanmodel-sheetmetal.com\\\/product\\\/hdmi-7-1-display-metal-bezel-enclosure\\\/\"]}]},{\"@type\":\"ImageObject\",\"inLanguage\":\"de\",\"@id\":\"https:\\\/\\\/vanmodel-sheetmetal.com\\\/product\\\/hdmi-7-1-display-metal-bezel-enclosure\\\/#primaryimage\",\"url\":\"https:\\\/\\\/vanmodel-sheetmetal.com\\\/wp-content\\\/uploads\\\/2025\\\/07\\\/11-HDMI-7-.1-\u663e\u793a\u5c4f\u91d1\u5c5e\u6846\u5916\u58f32.png\",\"contentUrl\":\"https:\\\/\\\/vanmodel-sheetmetal.com\\\/wp-content\\\/uploads\\\/2025\\\/07\\\/11-HDMI-7-.1-\u663e\u793a\u5c4f\u91d1\u5c5e\u6846\u5916\u58f32.png\",\"width\":800,\"height\":800},{\"@type\":\"BreadcrumbList\",\"@id\":\"https:\\\/\\\/vanmodel-sheetmetal.com\\\/product\\\/hdmi-7-1-display-metal-bezel-enclosure\\\/#breadcrumb\",\"itemListElement\":[{\"@type\":\"ListItem\",\"position\":1,\"name\":\"Home\",\"item\":\"https:\\\/\\\/vanmodel-sheetmetal.com\\\/\"},{\"@type\":\"ListItem\",\"position\":2,\"name\":\"Product\",\"item\":\"https:\\\/\\\/vanmodel-sheetmetal.com\\\/es\\\/product\\\/\"},{\"@type\":\"ListItem\",\"position\":3,\"name\":\"HDMI 7.1 Display Metal Bezel Enclosure\"}]},{\"@type\":\"WebSite\",\"@id\":\"https:\\\/\\\/vanmodel-sheetmetal.com\\\/#website\",\"url\":\"https:\\\/\\\/vanmodel-sheetmetal.com\\\/\",\"name\":\"Vanmodel-sheet metal\",\"description\":\"Dongguan Vanmodel Precision metal Products Group\",\"publisher\":{\"@id\":\"https:\\\/\\\/vanmodel-sheetmetal.com\\\/#organization\"},\"potentialAction\":[{\"@type\":\"SearchAction\",\"target\":{\"@type\":\"EntryPoint\",\"urlTemplate\":\"https:\\\/\\\/vanmodel-sheetmetal.com\\\/?s={search_term_string}\"},\"query-input\":{\"@type\":\"PropertyValueSpecification\",\"valueRequired\":true,\"valueName\":\"search_term_string\"}}],\"inLanguage\":\"de\"},{\"@type\":\"Organization\",\"@id\":\"https:\\\/\\\/vanmodel-sheetmetal.com\\\/#organization\",\"name\":\"Vanmodel-sheet metal\",\"url\":\"https:\\\/\\\/vanmodel-sheetmetal.com\\\/\",\"logo\":{\"@type\":\"ImageObject\",\"inLanguage\":\"de\",\"@id\":\"https:\\\/\\\/vanmodel-sheetmetal.com\\\/#\\\/schema\\\/logo\\\/image\\\/\",\"url\":\"https:\\\/\\\/vanmodel-sheetmetal.com\\\/wp-content\\\/uploads\\\/2025\\\/06\\\/logo21.png\",\"contentUrl\":\"https:\\\/\\\/vanmodel-sheetmetal.com\\\/wp-content\\\/uploads\\\/2025\\\/06\\\/logo21.png\",\"width\":426,\"height\":220,\"caption\":\"Vanmodel-sheet metal\"},\"image\":{\"@id\":\"https:\\\/\\\/vanmodel-sheetmetal.com\\\/#\\\/schema\\\/logo\\\/image\\\/\"}}]}<\/script>\n<!-- \/ Yoast SEO Premium plugin. -->","yoast_head_json":{"title":"HDMI 7.1 Display Metal Bezel Enclosure - Vanmodel-sheet metal","description":"Expert in sheet metal fabrication, custom stamping & precision laser cutting. We use high-strength galvanized steel & offer powder coating.","robots":{"index":"index","follow":"follow","max-snippet":"max-snippet:-1","max-image-preview":"max-image-preview:large","max-video-preview":"max-video-preview:-1"},"canonical":"https:\/\/vanmodel-sheetmetal.com\/de\/produkt\/hdmi-7-1-display-metal-bezel-enclosure\/","og_locale":"de_DE","og_type":"article","og_title":"HDMI 7.1 Display Metal Bezel Enclosure","og_description":"Expert in sheet metal fabrication, custom stamping & precision laser cutting. We use high-strength galvanized steel & offer powder coating.","og_url":"https:\/\/vanmodel-sheetmetal.com\/de\/produkt\/hdmi-7-1-display-metal-bezel-enclosure\/","og_site_name":"Vanmodel-sheet metal","article_modified_time":"2025-10-26T13:46:26+00:00","og_image":[{"width":800,"height":800,"url":"https:\/\/vanmodel-sheetmetal.com\/wp-content\/uploads\/2025\/07\/11-HDMI-7-.1-\u663e\u793a\u5c4f\u91d1\u5c5e\u6846\u5916\u58f32.png","type":"image\/png"}],"twitter_card":"summary_large_image","twitter_misc":{"Gesch\u00e4tzte Lesezeit":"2\u00a0Minuten"},"schema":{"@context":"https:\/\/schema.org","@graph":[{"@type":"WebPage","@id":"https:\/\/vanmodel-sheetmetal.com\/product\/hdmi-7-1-display-metal-bezel-enclosure\/","url":"https:\/\/vanmodel-sheetmetal.com\/product\/hdmi-7-1-display-metal-bezel-enclosure\/","name":"HDMI 7.1 Display Metal Bezel Enclosure - Vanmodel-sheet metal","isPartOf":{"@id":"https:\/\/vanmodel-sheetmetal.com\/#website"},"primaryImageOfPage":{"@id":"https:\/\/vanmodel-sheetmetal.com\/product\/hdmi-7-1-display-metal-bezel-enclosure\/#primaryimage"},"image":{"@id":"https:\/\/vanmodel-sheetmetal.com\/product\/hdmi-7-1-display-metal-bezel-enclosure\/#primaryimage"},"thumbnailUrl":"https:\/\/vanmodel-sheetmetal.com\/wp-content\/uploads\/2025\/07\/11-HDMI-7-.1-\u663e\u793a\u5c4f\u91d1\u5c5e\u6846\u5916\u58f32.png","datePublished":"2025-07-05T10:49:34+00:00","dateModified":"2025-10-26T13:46:26+00:00","description":"Expert in sheet metal fabrication, custom stamping & precision laser cutting. We use high-strength galvanized steel & offer powder coating.","breadcrumb":{"@id":"https:\/\/vanmodel-sheetmetal.com\/product\/hdmi-7-1-display-metal-bezel-enclosure\/#breadcrumb"},"inLanguage":"de","potentialAction":[{"@type":"ReadAction","target":["https:\/\/vanmodel-sheetmetal.com\/product\/hdmi-7-1-display-metal-bezel-enclosure\/"]}]},{"@type":"ImageObject","inLanguage":"de","@id":"https:\/\/vanmodel-sheetmetal.com\/product\/hdmi-7-1-display-metal-bezel-enclosure\/#primaryimage","url":"https:\/\/vanmodel-sheetmetal.com\/wp-content\/uploads\/2025\/07\/11-HDMI-7-.1-\u663e\u793a\u5c4f\u91d1\u5c5e\u6846\u5916\u58f32.png","contentUrl":"https:\/\/vanmodel-sheetmetal.com\/wp-content\/uploads\/2025\/07\/11-HDMI-7-.1-\u663e\u793a\u5c4f\u91d1\u5c5e\u6846\u5916\u58f32.png","width":800,"height":800},{"@type":"BreadcrumbList","@id":"https:\/\/vanmodel-sheetmetal.com\/product\/hdmi-7-1-display-metal-bezel-enclosure\/#breadcrumb","itemListElement":[{"@type":"ListItem","position":1,"name":"Home","item":"https:\/\/vanmodel-sheetmetal.com\/"},{"@type":"ListItem","position":2,"name":"Product","item":"https:\/\/vanmodel-sheetmetal.com\/es\/product\/"},{"@type":"ListItem","position":3,"name":"HDMI 7.1 Display Metal Bezel Enclosure"}]},{"@type":"WebSite","@id":"https:\/\/vanmodel-sheetmetal.com\/#website","url":"https:\/\/vanmodel-sheetmetal.com\/","name":"Vanmodel-sheet metal","description":"Dongguan Vanmodel Precision metal Products Group","publisher":{"@id":"https:\/\/vanmodel-sheetmetal.com\/#organization"},"potentialAction":[{"@type":"SearchAction","target":{"@type":"EntryPoint","urlTemplate":"https:\/\/vanmodel-sheetmetal.com\/?s={search_term_string}"},"query-input":{"@type":"PropertyValueSpecification","valueRequired":true,"valueName":"search_term_string"}}],"inLanguage":"de"},{"@type":"Organization","@id":"https:\/\/vanmodel-sheetmetal.com\/#organization","name":"Vanmodel-sheet metal","url":"https:\/\/vanmodel-sheetmetal.com\/","logo":{"@type":"ImageObject","inLanguage":"de","@id":"https:\/\/vanmodel-sheetmetal.com\/#\/schema\/logo\/image\/","url":"https:\/\/vanmodel-sheetmetal.com\/wp-content\/uploads\/2025\/06\/logo21.png","contentUrl":"https:\/\/vanmodel-sheetmetal.com\/wp-content\/uploads\/2025\/06\/logo21.png","width":426,"height":220,"caption":"Vanmodel-sheet metal"},"image":{"@id":"https:\/\/vanmodel-sheetmetal.com\/#\/schema\/logo\/image\/"}}]}},"taxonomy_info":{"product_cat":[{"value":34,"label":"Sheet Metal Fabrication"}],"product_tag":[{"value":50,"label":"Custom Sheet Metal Fabrication &amp; Stamping Services"}]},"featured_image_src_large":["https:\/\/vanmodel-sheetmetal.com\/wp-content\/uploads\/2025\/07\/11-HDMI-7-.1-\u663e\u793a\u5c4f\u91d1\u5c5e\u6846\u5916\u58f32.png",800,800,false],"author_info":[],"comment_info":"","_links":{"self":[{"href":"https:\/\/vanmodel-sheetmetal.com\/de\/wp-json\/wp\/v2\/product\/2632","targetHints":{"allow":["GET"]}}],"collection":[{"href":"https:\/\/vanmodel-sheetmetal.com\/de\/wp-json\/wp\/v2\/product"}],"about":[{"href":"https:\/\/vanmodel-sheetmetal.com\/de\/wp-json\/wp\/v2\/types\/product"}],"wp:featuredmedia":[{"embeddable":true,"href":"https:\/\/vanmodel-sheetmetal.com\/de\/wp-json\/wp\/v2\/media\/2634"}],"wp:attachment":[{"href":"https:\/\/vanmodel-sheetmetal.com\/de\/wp-json\/wp\/v2\/media?parent=2632"}],"wp:term":[{"taxonomy":"product_brand","embeddable":true,"href":"https:\/\/vanmodel-sheetmetal.com\/de\/wp-json\/wp\/v2\/product_brand?post=2632"},{"taxonomy":"product_cat","embeddable":true,"href":"https:\/\/vanmodel-sheetmetal.com\/de\/wp-json\/wp\/v2\/product_cat?post=2632"},{"taxonomy":"product_tag","embeddable":true,"href":"https:\/\/vanmodel-sheetmetal.com\/de\/wp-json\/wp\/v2\/product_tag?post=2632"}],"curies":[{"name":"wp","href":"https:\/\/api.w.org\/{rel}","templated":true}]}}