{"id":2672,"date":"2025-07-06T06:07:29","date_gmt":"2025-07-06T06:07:29","guid":{"rendered":"https:\/\/vanmodel-sheetmetal.com\/?post_type=product&#038;p=2672"},"modified":"2025-10-26T12:55:50","modified_gmt":"2025-10-26T12:55:50","slug":"between-centers-centerless-grinding","status":"publish","type":"product","link":"https:\/\/vanmodel-sheetmetal.com\/de\/produkt\/between-centers-centerless-grinding\/","title":{"rendered":"Metallstanzen"},"content":{"rendered":"<div id=\"Info-box-wrap-3139\" class=\"aio-icon-box top-icon\" data-immersive-translate-walked=\"b34589ab-fc21-41ba-8201-3949857882e2\">\n<div class=\"aio-icon-description ult-responsive\" data-ultimate-target=\"#Info-box-wrap-3139 .aio-icon-description\" data-responsive-json-new=\"{&quot;font-size&quot;:&quot;&quot;,&quot;line-height&quot;:&quot;&quot;}\" data-immersive-translate-walked=\"b34589ab-fc21-41ba-8201-3949857882e2\" data-immersive-translate-paragraph=\"1\">\n<p class=\"ds-markdown-paragraph\"><strong>Was ist Metallpr\u00e4gen?<\/strong><br \/>\nDie Metallstanzung ist ein hocheffizientes Fertigungsverfahren, das flaches Blech (Stahl, Aluminium, Messing usw.) in pr\u00e4zise, komplexe Bauteile umwandelt. Dabei werden spezielle Werkzeuge verwendet, die als Stanzwerkzeuge bezeichnet werden.\u00a0<strong>Stanzwerkzeuge<\/strong>\u00a0Mithilfe leistungsstarker Pressen werden Schneiden, Biegen, Stanzen, Pr\u00e4gen und Umformen in schneller Folge durchgef\u00fchrt \u2013 oft werden Teile in Sekundenschnelle fertiggestellt.<\/p>\n<p class=\"ds-markdown-paragraph\"><strong>Warum Industrien auf Stanzverfahren angewiesen sind:<\/strong><\/p>\n<ul>\n<li>\n<p class=\"ds-markdown-paragraph\"><strong>Kosteneffizienz:<\/strong>\u00a0Ideal f\u00fcr die Massenproduktion, wodurch die St\u00fcckkosten deutlich gesenkt werden<\/p>\n<\/li>\n<li>\n<p class=\"ds-markdown-paragraph\"><strong>Pr\u00e4zision und Konsistenz:<\/strong>\u00a0H\u00e4lt Toleranzen innerhalb von \u00b10,05 mm \u00fcber Millionen von Teilen hinweg ein.<\/p>\n<\/li>\n<li>\n<p class=\"ds-markdown-paragraph\"><strong>Materialvielfalt:<\/strong>\u00a0Verarbeitet alles von d\u00fcnnen Folien (0,1 mm) bis hin zu dicken Platten (6,0 mm+).<\/p>\n<\/li>\n<li>\n<p class=\"ds-markdown-paragraph\"><strong>Komplexe Geometrie:<\/strong>\u00a0Erzeugt komplexe Formen, die mit maschineller Bearbeitung oder Guss nicht m\u00f6glich sind.<\/p>\n<\/li>\n<\/ul>\n<p class=\"ds-markdown-paragraph\"><strong>Wichtigste Stanzverfahren, die wir beherrschen:<\/strong><\/p>\n<ol start=\"1\">\n<li>\n<p class=\"ds-markdown-paragraph\"><strong>Folgeverbundstanzen:<\/strong>\u00a0Mehrere Arbeitsg\u00e4nge werden nacheinander in einem einzigen Werkzeug durchgef\u00fchrt, wobei das Spulenmaterial durch automatisierte Pressen gef\u00fchrt wird.\u00a0<em>Ideal f\u00fcr Steckverbinder, Halterungen und elektrische Kontakte.<\/em><\/p>\n<\/li>\n<li>\n<p class=\"ds-markdown-paragraph\"><strong>Transferstempelung:<\/strong>\u00a0Die Teile werden mittels mechanischer Transfersysteme zwischen den jeweiligen Stationen bewegt.\u00a0<em>Ideal f\u00fcr gr\u00f6\u00dfere Bauteile wie z. B. Strukturbauteile im Automobilbereich.<\/em><\/p>\n<\/li>\n<li>\n<p class=\"ds-markdown-paragraph\"><strong>Feinstanzen:<\/strong>\u00a0Liefert ultra-glatte, gratfreie Kanten f\u00fcr kritische Anwendungen.\u00a0<em>Unverzichtbar f\u00fcr medizinische Ger\u00e4te und Pr\u00e4zisionszahnr\u00e4der.<\/em><\/p>\n<\/li>\n<li>\n<p class=\"ds-markdown-paragraph\"><strong>Tiefziehen:<\/strong>\u00a0Formt Bleche zu nahtlosen 3D-Formen (Becher, Geh\u00e4use, Zylinder).\u00a0<em>Wird f\u00fcr Sp\u00fclbecken, Geh\u00e4use und Abschirmungskomponenten verwendet.<\/em><\/p>\n<\/li>\n<\/ol>\n<p class=\"ds-markdown-paragraph\"><strong>\u00dcber die Presse hinaus: Unsere Mehrwertdienste<\/strong><\/p>\n<ul>\n<li>\n<p class=\"ds-markdown-paragraph\"><strong>Werkzeugexzellenz:<\/strong>\u00a0Eigene Konstruktion und Fertigung von Pr\u00e4zisionsstanzwerkzeugen<\/p>\n<\/li>\n<li>\n<p class=\"ds-markdown-paragraph\"><strong>Integrierte Sekund\u00e4roperationen:<\/strong><\/p>\n<ul>\n<li>\n<p class=\"ds-markdown-paragraph\">CNC-Bearbeitung f\u00fcr kritische Merkmale<\/p>\n<\/li>\n<li>\n<p class=\"ds-markdown-paragraph\">Oberfl\u00e4chenveredelung (Galvanisieren, Pulverbeschichten, Anodisieren)<\/p>\n<\/li>\n<li>\n<p class=\"ds-markdown-paragraph\">Automatisiertes Schwei\u00dfen und Montage<\/p>\n<\/li>\n<\/ul>\n<\/li>\n<li>\n<p class=\"ds-markdown-paragraph\"><strong>Qualit\u00e4tssicherung:<\/strong>\u00a0Echtzeit\u00fcberwachung mit im Werkzeug integrierten Sensoren, CMM-Inspektion und Materialr\u00fcckverfolgbarkeit<\/p>\n<\/li>\n<\/ul>\n<p class=\"ds-markdown-paragraph\"><strong>Materialwissenschaftliche Expertise:<\/strong><br \/>\nWir stempeln:<\/p>\n<ul>\n<li>\n<p class=\"ds-markdown-paragraph\">Kohlenstoff- und Edelstahl<\/p>\n<\/li>\n<li>\n<p class=\"ds-markdown-paragraph\">Aluminium- und Kupferlegierungen<\/p>\n<\/li>\n<li>\n<p class=\"ds-markdown-paragraph\">Exotische Metalle (Inconel, Titan)<\/p>\n<\/li>\n<li>\n<p class=\"ds-markdown-paragraph\">Spezialbeschichtungen (verzinkt, Aluzink)<\/p>\n<\/li>\n<\/ul>\n<p class=\"ds-markdown-paragraph\"><strong>Warum sollten Sie bei Ihren Stempelprojekten mit VanModel zusammenarbeiten?<\/strong><\/p>\n<ul>\n<li>\n<p class=\"ds-markdown-paragraph\"><strong>Markteinf\u00fchrungsgeschwindigkeit:<\/strong>\u00a0Schnelle Prototypenerstellung und Werkzeugentwicklung<\/p>\n<\/li>\n<li>\n<p class=\"ds-markdown-paragraph\"><strong>Technischer Support:<\/strong>\u00a0DFM-Optimierung (Design for Manufacturing)<\/p>\n<\/li>\n<li>\n<p class=\"ds-markdown-paragraph\"><strong>Vertikale Integration:<\/strong>\u00a0Vollst\u00e4ndiger Produktionszyklus vom Rohmaterial bis zur fertigen Montage<\/p>\n<\/li>\n<li>\n<p class=\"ds-markdown-paragraph\"><strong>Branchenkonformit\u00e4t:<\/strong>\u00a0Erf\u00fcllt die Normen IATF 16949, ISO 13485 und die Luft- und Raumfahrtnormen.<\/p>\n<\/li>\n<\/ul>\n<p class=\"ds-markdown-paragraph\"><strong>Sind Sie bereit, die Vorteile der Pr\u00e4zisionsmetallstanzung f\u00fcr Ihr n\u00e4chstes Projekt zu nutzen?<\/strong><\/p>\n<p class=\"ds-markdown-paragraph\"><strong>Entdecken Sie unsere fortschrittlichen Funktionen und fordern Sie noch heute ein Angebot an:<\/strong><br \/>\n<strong><a href=\"https:\/\/vanmodel-sheetmetal.com\/de\/\" target=\"_blank\" rel=\"noopener noreferrer\">www.vanmodel-sheetmetal.com<\/a><\/strong><\/p>\n<\/div>\n<\/div>","protected":false},"excerpt":{"rendered":"<p>Was ist Metallstanzen? Metallstanzen ist ein hocheffizientes Fertigungsverfahren, bei dem Bleche (Stahl, Aluminium, Messing usw.) in pr\u00e4zise, komplexe Bauteile umgewandelt werden. Mithilfe spezieller Werkzeuge, sogenannter Stanzwerkzeuge, und leistungsstarker Pressen werden in schneller Folge Schnitte, Biegen, Stanzen, Pr\u00e4gen und Formen durchgef\u00fchrt \u2013 oft in Sekundenschnelle. Warum Branchen auf Stanzen setzen:\u2026<\/p>","protected":false},"featured_media":2769,"template":"","meta":{"_kad_blocks_custom_css":"","_kad_blocks_head_custom_js":"","_kad_blocks_body_custom_js":"","_kad_blocks_footer_custom_js":"","_kadence_starter_templates_imported_post":false,"_kad_post_transparent":"default","_kad_post_title":"","_kad_post_layout":"default","_kad_post_sidebar_id":"","_kad_post_content_style":"default","_kad_post_vertical_padding":"default","_kad_post_feature":"","_kad_post_feature_position":"","_kad_post_header":false,"_kad_post_footer":false,"_kad_post_classname":""},"product_brand":[],"product_cat":[38],"product_tag":[47],"class_list":{"0":"post-2672","1":"product","2":"type-product","3":"status-publish","4":"has-post-thumbnail","6":"product_cat-others","7":"product_tag-precision-metal-stamping-manufacturer-supplier-vanmodel","9":"first","10":"instock","11":"shipping-taxable","12":"product-type-simple","13":"entry","14":"content-bg","15":"loop-entry"},"yoast_head":"<!-- This site is optimized with the Yoast SEO Premium plugin v20.5 (Yoast SEO v27.4) - https:\/\/yoast.com\/product\/yoast-seo-premium-wordpress\/ -->\n<title>Metal Stamping - Vanmodel-sheet metal<\/title>\n<meta name=\"description\" content=\"VanModel is a leading metal stamping manufacturer in China. We offer custom progressive die stamping, deep drawing &amp; fine blanking services. Get a quote!\" \/>\n<meta name=\"robots\" content=\"index, follow, max-snippet:-1, max-image-preview:large, max-video-preview:-1\" \/>\n<link rel=\"canonical\" href=\"https:\/\/vanmodel-sheetmetal.com\/de\/produkt\/between-centers-centerless-grinding\/\" \/>\n<meta property=\"og:locale\" content=\"de_DE\" \/>\n<meta property=\"og:type\" content=\"article\" \/>\n<meta property=\"og:title\" content=\"Metal Stamping\" \/>\n<meta property=\"og:description\" content=\"VanModel is a leading metal stamping manufacturer in China. We offer custom progressive die stamping, deep drawing &amp; fine blanking services. Get a quote!\" \/>\n<meta property=\"og:url\" content=\"https:\/\/vanmodel-sheetmetal.com\/de\/produkt\/between-centers-centerless-grinding\/\" \/>\n<meta property=\"og:site_name\" content=\"Vanmodel-sheet metal\" \/>\n<meta property=\"article:modified_time\" content=\"2025-10-26T12:55:50+00:00\" \/>\n<meta property=\"og:image\" content=\"https:\/\/vanmodel-sheetmetal.com\/wp-content\/uploads\/2025\/07\/Metal-Stamping1.png\" \/>\n\t<meta property=\"og:image:width\" content=\"800\" \/>\n\t<meta property=\"og:image:height\" content=\"800\" \/>\n\t<meta property=\"og:image:type\" content=\"image\/png\" \/>\n<meta name=\"twitter:card\" content=\"summary_large_image\" \/>\n<meta name=\"twitter:label1\" content=\"Gesch\u00e4tzte Lesezeit\" \/>\n\t<meta name=\"twitter:data1\" content=\"2\u00a0Minuten\" \/>\n<script type=\"application\/ld+json\" class=\"yoast-schema-graph\">{\"@context\":\"https:\\\/\\\/schema.org\",\"@graph\":[{\"@type\":\"WebPage\",\"@id\":\"https:\\\/\\\/vanmodel-sheetmetal.com\\\/product\\\/between-centers-centerless-grinding\\\/\",\"url\":\"https:\\\/\\\/vanmodel-sheetmetal.com\\\/product\\\/between-centers-centerless-grinding\\\/\",\"name\":\"Metal Stamping - Vanmodel-sheet metal\",\"isPartOf\":{\"@id\":\"https:\\\/\\\/vanmodel-sheetmetal.com\\\/#website\"},\"primaryImageOfPage\":{\"@id\":\"https:\\\/\\\/vanmodel-sheetmetal.com\\\/product\\\/between-centers-centerless-grinding\\\/#primaryimage\"},\"image\":{\"@id\":\"https:\\\/\\\/vanmodel-sheetmetal.com\\\/product\\\/between-centers-centerless-grinding\\\/#primaryimage\"},\"thumbnailUrl\":\"https:\\\/\\\/vanmodel-sheetmetal.com\\\/wp-content\\\/uploads\\\/2025\\\/07\\\/Metal-Stamping1.png\",\"datePublished\":\"2025-07-06T06:07:29+00:00\",\"dateModified\":\"2025-10-26T12:55:50+00:00\",\"description\":\"VanModel is a leading metal stamping manufacturer in China. We offer custom progressive die stamping, deep drawing & fine blanking services. Get a quote!\",\"breadcrumb\":{\"@id\":\"https:\\\/\\\/vanmodel-sheetmetal.com\\\/product\\\/between-centers-centerless-grinding\\\/#breadcrumb\"},\"inLanguage\":\"de\",\"potentialAction\":[{\"@type\":\"ReadAction\",\"target\":[\"https:\\\/\\\/vanmodel-sheetmetal.com\\\/product\\\/between-centers-centerless-grinding\\\/\"]}]},{\"@type\":\"ImageObject\",\"inLanguage\":\"de\",\"@id\":\"https:\\\/\\\/vanmodel-sheetmetal.com\\\/product\\\/between-centers-centerless-grinding\\\/#primaryimage\",\"url\":\"https:\\\/\\\/vanmodel-sheetmetal.com\\\/wp-content\\\/uploads\\\/2025\\\/07\\\/Metal-Stamping1.png\",\"contentUrl\":\"https:\\\/\\\/vanmodel-sheetmetal.com\\\/wp-content\\\/uploads\\\/2025\\\/07\\\/Metal-Stamping1.png\",\"width\":800,\"height\":800},{\"@type\":\"BreadcrumbList\",\"@id\":\"https:\\\/\\\/vanmodel-sheetmetal.com\\\/product\\\/between-centers-centerless-grinding\\\/#breadcrumb\",\"itemListElement\":[{\"@type\":\"ListItem\",\"position\":1,\"name\":\"Home\",\"item\":\"https:\\\/\\\/vanmodel-sheetmetal.com\\\/\"},{\"@type\":\"ListItem\",\"position\":2,\"name\":\"Product\",\"item\":\"https:\\\/\\\/vanmodel-sheetmetal.com\\\/es\\\/product\\\/\"},{\"@type\":\"ListItem\",\"position\":3,\"name\":\"Metal Stamping\"}]},{\"@type\":\"WebSite\",\"@id\":\"https:\\\/\\\/vanmodel-sheetmetal.com\\\/#website\",\"url\":\"https:\\\/\\\/vanmodel-sheetmetal.com\\\/\",\"name\":\"Vanmodel-sheet metal\",\"description\":\"Dongguan Vanmodel Precision metal Products Group\",\"publisher\":{\"@id\":\"https:\\\/\\\/vanmodel-sheetmetal.com\\\/#organization\"},\"potentialAction\":[{\"@type\":\"SearchAction\",\"target\":{\"@type\":\"EntryPoint\",\"urlTemplate\":\"https:\\\/\\\/vanmodel-sheetmetal.com\\\/?s={search_term_string}\"},\"query-input\":{\"@type\":\"PropertyValueSpecification\",\"valueRequired\":true,\"valueName\":\"search_term_string\"}}],\"inLanguage\":\"de\"},{\"@type\":\"Organization\",\"@id\":\"https:\\\/\\\/vanmodel-sheetmetal.com\\\/#organization\",\"name\":\"Vanmodel-sheet metal\",\"url\":\"https:\\\/\\\/vanmodel-sheetmetal.com\\\/\",\"logo\":{\"@type\":\"ImageObject\",\"inLanguage\":\"de\",\"@id\":\"https:\\\/\\\/vanmodel-sheetmetal.com\\\/#\\\/schema\\\/logo\\\/image\\\/\",\"url\":\"https:\\\/\\\/vanmodel-sheetmetal.com\\\/wp-content\\\/uploads\\\/2025\\\/06\\\/logo21.png\",\"contentUrl\":\"https:\\\/\\\/vanmodel-sheetmetal.com\\\/wp-content\\\/uploads\\\/2025\\\/06\\\/logo21.png\",\"width\":426,\"height\":220,\"caption\":\"Vanmodel-sheet metal\"},\"image\":{\"@id\":\"https:\\\/\\\/vanmodel-sheetmetal.com\\\/#\\\/schema\\\/logo\\\/image\\\/\"}}]}<\/script>\n<!-- \/ Yoast SEO Premium plugin. -->","yoast_head_json":{"title":"Metal Stamping - Vanmodel-sheet metal","description":"VanModel is a leading metal stamping manufacturer in China. We offer custom progressive die stamping, deep drawing & fine blanking services. Get a quote!","robots":{"index":"index","follow":"follow","max-snippet":"max-snippet:-1","max-image-preview":"max-image-preview:large","max-video-preview":"max-video-preview:-1"},"canonical":"https:\/\/vanmodel-sheetmetal.com\/de\/produkt\/between-centers-centerless-grinding\/","og_locale":"de_DE","og_type":"article","og_title":"Metal Stamping","og_description":"VanModel is a leading metal stamping manufacturer in China. We offer custom progressive die stamping, deep drawing & fine blanking services. Get a quote!","og_url":"https:\/\/vanmodel-sheetmetal.com\/de\/produkt\/between-centers-centerless-grinding\/","og_site_name":"Vanmodel-sheet metal","article_modified_time":"2025-10-26T12:55:50+00:00","og_image":[{"width":800,"height":800,"url":"https:\/\/vanmodel-sheetmetal.com\/wp-content\/uploads\/2025\/07\/Metal-Stamping1.png","type":"image\/png"}],"twitter_card":"summary_large_image","twitter_misc":{"Gesch\u00e4tzte Lesezeit":"2\u00a0Minuten"},"schema":{"@context":"https:\/\/schema.org","@graph":[{"@type":"WebPage","@id":"https:\/\/vanmodel-sheetmetal.com\/product\/between-centers-centerless-grinding\/","url":"https:\/\/vanmodel-sheetmetal.com\/product\/between-centers-centerless-grinding\/","name":"Metal Stamping - Vanmodel-sheet metal","isPartOf":{"@id":"https:\/\/vanmodel-sheetmetal.com\/#website"},"primaryImageOfPage":{"@id":"https:\/\/vanmodel-sheetmetal.com\/product\/between-centers-centerless-grinding\/#primaryimage"},"image":{"@id":"https:\/\/vanmodel-sheetmetal.com\/product\/between-centers-centerless-grinding\/#primaryimage"},"thumbnailUrl":"https:\/\/vanmodel-sheetmetal.com\/wp-content\/uploads\/2025\/07\/Metal-Stamping1.png","datePublished":"2025-07-06T06:07:29+00:00","dateModified":"2025-10-26T12:55:50+00:00","description":"VanModel is a leading metal stamping manufacturer in China. We offer custom progressive die stamping, deep drawing & fine blanking services. Get a quote!","breadcrumb":{"@id":"https:\/\/vanmodel-sheetmetal.com\/product\/between-centers-centerless-grinding\/#breadcrumb"},"inLanguage":"de","potentialAction":[{"@type":"ReadAction","target":["https:\/\/vanmodel-sheetmetal.com\/product\/between-centers-centerless-grinding\/"]}]},{"@type":"ImageObject","inLanguage":"de","@id":"https:\/\/vanmodel-sheetmetal.com\/product\/between-centers-centerless-grinding\/#primaryimage","url":"https:\/\/vanmodel-sheetmetal.com\/wp-content\/uploads\/2025\/07\/Metal-Stamping1.png","contentUrl":"https:\/\/vanmodel-sheetmetal.com\/wp-content\/uploads\/2025\/07\/Metal-Stamping1.png","width":800,"height":800},{"@type":"BreadcrumbList","@id":"https:\/\/vanmodel-sheetmetal.com\/product\/between-centers-centerless-grinding\/#breadcrumb","itemListElement":[{"@type":"ListItem","position":1,"name":"Home","item":"https:\/\/vanmodel-sheetmetal.com\/"},{"@type":"ListItem","position":2,"name":"Product","item":"https:\/\/vanmodel-sheetmetal.com\/es\/product\/"},{"@type":"ListItem","position":3,"name":"Metal Stamping"}]},{"@type":"WebSite","@id":"https:\/\/vanmodel-sheetmetal.com\/#website","url":"https:\/\/vanmodel-sheetmetal.com\/","name":"Vanmodel-sheet metal","description":"Dongguan Vanmodel Precision metal Products Group","publisher":{"@id":"https:\/\/vanmodel-sheetmetal.com\/#organization"},"potentialAction":[{"@type":"SearchAction","target":{"@type":"EntryPoint","urlTemplate":"https:\/\/vanmodel-sheetmetal.com\/?s={search_term_string}"},"query-input":{"@type":"PropertyValueSpecification","valueRequired":true,"valueName":"search_term_string"}}],"inLanguage":"de"},{"@type":"Organization","@id":"https:\/\/vanmodel-sheetmetal.com\/#organization","name":"Vanmodel-sheet metal","url":"https:\/\/vanmodel-sheetmetal.com\/","logo":{"@type":"ImageObject","inLanguage":"de","@id":"https:\/\/vanmodel-sheetmetal.com\/#\/schema\/logo\/image\/","url":"https:\/\/vanmodel-sheetmetal.com\/wp-content\/uploads\/2025\/06\/logo21.png","contentUrl":"https:\/\/vanmodel-sheetmetal.com\/wp-content\/uploads\/2025\/06\/logo21.png","width":426,"height":220,"caption":"Vanmodel-sheet metal"},"image":{"@id":"https:\/\/vanmodel-sheetmetal.com\/#\/schema\/logo\/image\/"}}]}},"taxonomy_info":{"product_cat":[{"value":38,"label":"Others"}],"product_tag":[{"value":47,"label":"Precision Metal Stamping Manufacturer &amp; Supplier | VanModel"}]},"featured_image_src_large":["https:\/\/vanmodel-sheetmetal.com\/wp-content\/uploads\/2025\/07\/Metal-Stamping1.png",800,800,false],"author_info":[],"comment_info":"","_links":{"self":[{"href":"https:\/\/vanmodel-sheetmetal.com\/de\/wp-json\/wp\/v2\/product\/2672","targetHints":{"allow":["GET"]}}],"collection":[{"href":"https:\/\/vanmodel-sheetmetal.com\/de\/wp-json\/wp\/v2\/product"}],"about":[{"href":"https:\/\/vanmodel-sheetmetal.com\/de\/wp-json\/wp\/v2\/types\/product"}],"wp:featuredmedia":[{"embeddable":true,"href":"https:\/\/vanmodel-sheetmetal.com\/de\/wp-json\/wp\/v2\/media\/2769"}],"wp:attachment":[{"href":"https:\/\/vanmodel-sheetmetal.com\/de\/wp-json\/wp\/v2\/media?parent=2672"}],"wp:term":[{"taxonomy":"product_brand","embeddable":true,"href":"https:\/\/vanmodel-sheetmetal.com\/de\/wp-json\/wp\/v2\/product_brand?post=2672"},{"taxonomy":"product_cat","embeddable":true,"href":"https:\/\/vanmodel-sheetmetal.com\/de\/wp-json\/wp\/v2\/product_cat?post=2672"},{"taxonomy":"product_tag","embeddable":true,"href":"https:\/\/vanmodel-sheetmetal.com\/de\/wp-json\/wp\/v2\/product_tag?post=2672"}],"curies":[{"name":"wp","href":"https:\/\/api.w.org\/{rel}","templated":true}]}}