{"id":2435,"date":"2023-07-03T16:28:04","date_gmt":"2023-07-03T16:28:04","guid":{"rendered":"http:\/\/gzt.drm.mybluehost.me\/?post_type=product&#038;p=2435"},"modified":"2025-10-26T15:01:18","modified_gmt":"2025-10-26T15:01:18","slug":"cnc-machining","status":"publish","type":"product","link":"https:\/\/vanmodel-sheetmetal.com\/es\/producto\/cnc-machining\/","title":{"rendered":"Mecanizado CNC"},"content":{"rendered":"<p class=\"ds-markdown-paragraph\"><strong>Mecanizado CNC de precisi\u00f3n: Soluciones de fabricaci\u00f3n avanzadas para industrias exigentes.<\/strong><\/p>\n<p class=\"ds-markdown-paragraph\">El mecanizado CNC representa un enfoque sofisticado para la fabricaci\u00f3n moderna, donde un software inform\u00e1tico preprogramado dirige los equipos industriales con una precisi\u00f3n excepcional.\u00a0<strong>Espec\u00edficamente,<\/strong>\u00a0Esta tecnolog\u00eda opera maquinaria diversa, desde rectificadoras y tornos de precisi\u00f3n hasta fresadoras y routers avanzados, ejecutando tareas de corte tridimensionales complejas mediante secuencias de comandos optimizadas.<\/p>\n<p class=\"ds-markdown-paragraph\"><strong>Principales ventajas de nuestros servicios de mecanizado CNC:<\/strong><\/p>\n<p class=\"ds-markdown-paragraph\">\u2022\u00a0<strong>Precisi\u00f3n y consistencia inigualables<\/strong><br \/>\nNuestros sistemas automatizados eliminan el error humano,\u00a0<strong>as\u00ed<\/strong>\u00a0mantener una precisi\u00f3n excepcional durante todo el proceso de producci\u00f3n.\u00a0<strong>Adem\u00e1s,<\/strong>\u00a0Esto garantiza que cada componente cumpla con las especificaciones exactas, al tiempo que reduce el desperdicio de material.<\/p>\n<p class=\"ds-markdown-paragraph\">\u2022\u00a0<strong>Mayor eficiencia de producci\u00f3n<\/strong><br \/>\n<strong>Adem\u00e1s,<\/strong>\u00a0Nuestro proceso de fabricaci\u00f3n optimizado reduce significativamente el tiempo de producci\u00f3n y los costes laborales.\u00a0<strong>Como consecuencia,<\/strong>\u00a0Los clientes se benefician de una finalizaci\u00f3n m\u00e1s r\u00e1pida de los proyectos sin comprometer los est\u00e1ndares de calidad.<\/p>\n<p class=\"ds-markdown-paragraph\">\u2022\u00a0<strong>Versatilidad integral de los materiales<\/strong><br \/>\nProcesamos con profesionalidad una amplia gama de materiales, incluyendo metales, pl\u00e1sticos y materiales compuestos.\u00a0<strong>Adem\u00e1s,<\/strong>\u00a0Nuestros t\u00e9cnicos poseen un profundo conocimiento de las propiedades de los materiales, lo que permite desarrollar estrategias de mecanizado \u00f3ptimas para cada aplicaci\u00f3n espec\u00edfica.<\/p>\n<p class=\"ds-markdown-paragraph\">\u2022\u00a0<strong>Capacidades geom\u00e9tricas avanzadas<\/strong><br \/>\n<strong>No solo<\/strong>\u00a0\u00bfNuestro equipo maneja dise\u00f1os complejos?\u00a0<strong>pero tambi\u00e9n<\/strong>\u00a0Produce componentes sofisticados que ser\u00edan dif\u00edciles de conseguir mediante m\u00e9todos manuales.\u00a0<strong>Por lo tanto,<\/strong>\u00a0Los dise\u00f1adores pueden explorar soluciones m\u00e1s innovadoras sin las limitaciones de la fabricaci\u00f3n.<\/p>\n<p class=\"ds-markdown-paragraph\"><strong>Nuestra gama integral de servicios:<\/strong><\/p>\n<ul>\n<li>\n<p class=\"ds-markdown-paragraph\">Fresado multieje (3-5 ejes)<\/p>\n<\/li>\n<li>\n<p class=\"ds-markdown-paragraph\">Operaciones de torneado de precisi\u00f3n<\/p>\n<\/li>\n<li>\n<p class=\"ds-markdown-paragraph\">Mecanizado de componentes complejos<\/p>\n<\/li>\n<li>\n<p class=\"ds-markdown-paragraph\">Del prototipo a la producci\u00f3n en serie<\/p>\n<\/li>\n<\/ul>\n<p class=\"ds-markdown-paragraph\"><strong>Aplicaciones espec\u00edficas del sector:<\/strong><br \/>\nNuestra experiencia en mecanizado CNC presta servicios a sectores cr\u00edticos como componentes aeroespaciales, sistemas automotrices, dispositivos m\u00e9dicos y equipos industriales.\u00a0<strong>Respectivamente,<\/strong>\u00a0Mantenemos certificaciones que cumplen con los est\u00e1ndares internacionales de calidad.<\/p>\n<p class=\"ds-markdown-paragraph\"><strong>Control de calidad riguroso:<\/strong><br \/>\n<strong>Para asegurar<\/strong>\u00a0Para lograr la plena satisfacci\u00f3n del cliente, cada proyecto se somete a una inspecci\u00f3n exhaustiva utilizando equipos de metrolog\u00eda de \u00faltima generaci\u00f3n.\u00a0<strong>De este modo,<\/strong>\u00a0Garantizamos el cumplimiento tanto de las normas internacionales como de los requisitos espec\u00edficos de cada cliente.<\/p>\n<p class=\"ds-markdown-paragraph\"><strong>Comience su proyecto de fabricaci\u00f3n:<\/strong><br \/>\n[Solicite un presupuesto detallado] o [Consulte con nuestro equipo de ingenier\u00eda]<\/p>","protected":false},"excerpt":{"rendered":"<p>Mecanizado CNC de Precisi\u00f3n: Soluciones de Fabricaci\u00f3n Avanzadas para Industrias Exigentes. El mecanizado CNC representa un enfoque sofisticado para la fabricaci\u00f3n moderna, donde un software preprogramado dirige los equipos industriales con una precisi\u00f3n excepcional. En concreto, esta tecnolog\u00eda opera diversas m\u00e1quinas, desde rectificadoras y tornos de precisi\u00f3n hasta fresadoras y routers avanzados, ejecutando complejas tareas de corte tridimensional mediante secuencias de comandos optimizadas. Ventajas Clave de Nuestro Mecanizado CNC\u2026<\/p>","protected":false},"featured_media":2549,"template":"","meta":{"_kad_blocks_custom_css":"","_kad_blocks_head_custom_js":"","_kad_blocks_body_custom_js":"","_kad_blocks_footer_custom_js":"","_kadence_starter_templates_imported_post":false,"_kad_post_transparent":"default","_kad_post_title":"","_kad_post_layout":"default","_kad_post_sidebar_id":"","_kad_post_content_style":"default","_kad_post_vertical_padding":"default","_kad_post_feature":"","_kad_post_feature_position":"","_kad_post_header":false,"_kad_post_footer":false,"_kad_post_classname":""},"product_brand":[],"product_cat":[38],"product_tag":[],"class_list":{"0":"post-2435","1":"product","2":"type-product","3":"status-publish","4":"has-post-thumbnail","6":"product_cat-others","8":"first","9":"instock","10":"shipping-taxable","11":"product-type-external","12":"entry","13":"content-bg","14":"loop-entry"},"yoast_head":"<!-- This site is optimized with the Yoast SEO Premium plugin v20.5 (Yoast SEO v27.4) - https:\/\/yoast.com\/product\/yoast-seo-premium-wordpress\/ -->\n<title>CNC Machining - Vanmodel-sheet metal<\/title>\n<meta name=\"robots\" content=\"index, follow, max-snippet:-1, max-image-preview:large, max-video-preview:-1\" \/>\n<link rel=\"canonical\" href=\"https:\/\/vanmodel-sheetmetal.com\/es\/producto\/cnc-machining\/\" \/>\n<meta property=\"og:locale\" content=\"es_ES\" \/>\n<meta property=\"og:type\" content=\"article\" \/>\n<meta property=\"og:title\" content=\"CNC Machining\" \/>\n<meta property=\"og:description\" content=\"Precision CNC Machining: Advanced Manufacturing Solutions for Demanding Industries CNC machining represents a sophisticated approach to modern manufacturing, where pre-programmed computer software directs industrial equipment with exceptional accuracy.\u00a0Specifically,\u00a0this technology operates diverse machinery\u2014from precision grinders and lathes to advanced mills and routers\u2014executing complex three-dimensional cutting tasks through optimized command sequences. Key Advantages of Our CNC Machining...\" \/>\n<meta property=\"og:url\" content=\"https:\/\/vanmodel-sheetmetal.com\/es\/producto\/cnc-machining\/\" \/>\n<meta property=\"og:site_name\" content=\"Vanmodel-sheet metal\" \/>\n<meta property=\"article:modified_time\" content=\"2025-10-26T15:01:18+00:00\" \/>\n<meta property=\"og:image\" content=\"https:\/\/vanmodel-sheetmetal.com\/wp-content\/uploads\/2023\/07\/CNC-Machining.jpg\" \/>\n\t<meta property=\"og:image:width\" content=\"800\" \/>\n\t<meta property=\"og:image:height\" content=\"800\" \/>\n\t<meta property=\"og:image:type\" content=\"image\/jpeg\" \/>\n<meta name=\"twitter:card\" content=\"summary_large_image\" \/>\n<meta name=\"twitter:label1\" content=\"Tiempo de lectura\" \/>\n\t<meta name=\"twitter:data1\" content=\"2 minutos\" \/>\n<script type=\"application\/ld+json\" class=\"yoast-schema-graph\">{\"@context\":\"https:\\\/\\\/schema.org\",\"@graph\":[{\"@type\":\"WebPage\",\"@id\":\"https:\\\/\\\/vanmodel-sheetmetal.com\\\/product\\\/cnc-machining\\\/\",\"url\":\"https:\\\/\\\/vanmodel-sheetmetal.com\\\/product\\\/cnc-machining\\\/\",\"name\":\"CNC Machining - Vanmodel-sheet metal\",\"isPartOf\":{\"@id\":\"https:\\\/\\\/vanmodel-sheetmetal.com\\\/#website\"},\"primaryImageOfPage\":{\"@id\":\"https:\\\/\\\/vanmodel-sheetmetal.com\\\/product\\\/cnc-machining\\\/#primaryimage\"},\"image\":{\"@id\":\"https:\\\/\\\/vanmodel-sheetmetal.com\\\/product\\\/cnc-machining\\\/#primaryimage\"},\"thumbnailUrl\":\"https:\\\/\\\/vanmodel-sheetmetal.com\\\/wp-content\\\/uploads\\\/2023\\\/07\\\/CNC-Machining.jpg\",\"datePublished\":\"2023-07-03T16:28:04+00:00\",\"dateModified\":\"2025-10-26T15:01:18+00:00\",\"breadcrumb\":{\"@id\":\"https:\\\/\\\/vanmodel-sheetmetal.com\\\/product\\\/cnc-machining\\\/#breadcrumb\"},\"inLanguage\":\"es\",\"potentialAction\":[{\"@type\":\"ReadAction\",\"target\":[\"https:\\\/\\\/vanmodel-sheetmetal.com\\\/product\\\/cnc-machining\\\/\"]}]},{\"@type\":\"ImageObject\",\"inLanguage\":\"es\",\"@id\":\"https:\\\/\\\/vanmodel-sheetmetal.com\\\/product\\\/cnc-machining\\\/#primaryimage\",\"url\":\"https:\\\/\\\/vanmodel-sheetmetal.com\\\/wp-content\\\/uploads\\\/2023\\\/07\\\/CNC-Machining.jpg\",\"contentUrl\":\"https:\\\/\\\/vanmodel-sheetmetal.com\\\/wp-content\\\/uploads\\\/2023\\\/07\\\/CNC-Machining.jpg\",\"width\":800,\"height\":800},{\"@type\":\"BreadcrumbList\",\"@id\":\"https:\\\/\\\/vanmodel-sheetmetal.com\\\/product\\\/cnc-machining\\\/#breadcrumb\",\"itemListElement\":[{\"@type\":\"ListItem\",\"position\":1,\"name\":\"Home\",\"item\":\"https:\\\/\\\/vanmodel-sheetmetal.com\\\/\"},{\"@type\":\"ListItem\",\"position\":2,\"name\":\"Product\",\"item\":\"https:\\\/\\\/vanmodel-sheetmetal.com\\\/es\\\/product\\\/\"},{\"@type\":\"ListItem\",\"position\":3,\"name\":\"CNC Machining\"}]},{\"@type\":\"WebSite\",\"@id\":\"https:\\\/\\\/vanmodel-sheetmetal.com\\\/#website\",\"url\":\"https:\\\/\\\/vanmodel-sheetmetal.com\\\/\",\"name\":\"Vanmodel-sheet metal\",\"description\":\"Dongguan Vanmodel Precision metal Products Group\",\"publisher\":{\"@id\":\"https:\\\/\\\/vanmodel-sheetmetal.com\\\/#organization\"},\"potentialAction\":[{\"@type\":\"SearchAction\",\"target\":{\"@type\":\"EntryPoint\",\"urlTemplate\":\"https:\\\/\\\/vanmodel-sheetmetal.com\\\/?s={search_term_string}\"},\"query-input\":{\"@type\":\"PropertyValueSpecification\",\"valueRequired\":true,\"valueName\":\"search_term_string\"}}],\"inLanguage\":\"es\"},{\"@type\":\"Organization\",\"@id\":\"https:\\\/\\\/vanmodel-sheetmetal.com\\\/#organization\",\"name\":\"Vanmodel-sheet metal\",\"url\":\"https:\\\/\\\/vanmodel-sheetmetal.com\\\/\",\"logo\":{\"@type\":\"ImageObject\",\"inLanguage\":\"es\",\"@id\":\"https:\\\/\\\/vanmodel-sheetmetal.com\\\/#\\\/schema\\\/logo\\\/image\\\/\",\"url\":\"https:\\\/\\\/vanmodel-sheetmetal.com\\\/wp-content\\\/uploads\\\/2025\\\/06\\\/logo21.png\",\"contentUrl\":\"https:\\\/\\\/vanmodel-sheetmetal.com\\\/wp-content\\\/uploads\\\/2025\\\/06\\\/logo21.png\",\"width\":426,\"height\":220,\"caption\":\"Vanmodel-sheet metal\"},\"image\":{\"@id\":\"https:\\\/\\\/vanmodel-sheetmetal.com\\\/#\\\/schema\\\/logo\\\/image\\\/\"}}]}<\/script>\n<!-- \/ Yoast SEO Premium plugin. -->","yoast_head_json":{"title":"CNC Machining - Vanmodel-sheet metal","robots":{"index":"index","follow":"follow","max-snippet":"max-snippet:-1","max-image-preview":"max-image-preview:large","max-video-preview":"max-video-preview:-1"},"canonical":"https:\/\/vanmodel-sheetmetal.com\/es\/producto\/cnc-machining\/","og_locale":"es_ES","og_type":"article","og_title":"CNC Machining","og_description":"Precision CNC Machining: Advanced Manufacturing Solutions for Demanding Industries CNC machining represents a sophisticated approach to modern manufacturing, where pre-programmed computer software directs industrial equipment with exceptional accuracy.\u00a0Specifically,\u00a0this technology operates diverse machinery\u2014from precision grinders and lathes to advanced mills and routers\u2014executing complex three-dimensional cutting tasks through optimized command sequences. Key Advantages of Our CNC Machining...","og_url":"https:\/\/vanmodel-sheetmetal.com\/es\/producto\/cnc-machining\/","og_site_name":"Vanmodel-sheet metal","article_modified_time":"2025-10-26T15:01:18+00:00","og_image":[{"width":800,"height":800,"url":"https:\/\/vanmodel-sheetmetal.com\/wp-content\/uploads\/2023\/07\/CNC-Machining.jpg","type":"image\/jpeg"}],"twitter_card":"summary_large_image","twitter_misc":{"Tiempo de lectura":"2 minutos"},"schema":{"@context":"https:\/\/schema.org","@graph":[{"@type":"WebPage","@id":"https:\/\/vanmodel-sheetmetal.com\/product\/cnc-machining\/","url":"https:\/\/vanmodel-sheetmetal.com\/product\/cnc-machining\/","name":"CNC Machining - Vanmodel-sheet metal","isPartOf":{"@id":"https:\/\/vanmodel-sheetmetal.com\/#website"},"primaryImageOfPage":{"@id":"https:\/\/vanmodel-sheetmetal.com\/product\/cnc-machining\/#primaryimage"},"image":{"@id":"https:\/\/vanmodel-sheetmetal.com\/product\/cnc-machining\/#primaryimage"},"thumbnailUrl":"https:\/\/vanmodel-sheetmetal.com\/wp-content\/uploads\/2023\/07\/CNC-Machining.jpg","datePublished":"2023-07-03T16:28:04+00:00","dateModified":"2025-10-26T15:01:18+00:00","breadcrumb":{"@id":"https:\/\/vanmodel-sheetmetal.com\/product\/cnc-machining\/#breadcrumb"},"inLanguage":"es","potentialAction":[{"@type":"ReadAction","target":["https:\/\/vanmodel-sheetmetal.com\/product\/cnc-machining\/"]}]},{"@type":"ImageObject","inLanguage":"es","@id":"https:\/\/vanmodel-sheetmetal.com\/product\/cnc-machining\/#primaryimage","url":"https:\/\/vanmodel-sheetmetal.com\/wp-content\/uploads\/2023\/07\/CNC-Machining.jpg","contentUrl":"https:\/\/vanmodel-sheetmetal.com\/wp-content\/uploads\/2023\/07\/CNC-Machining.jpg","width":800,"height":800},{"@type":"BreadcrumbList","@id":"https:\/\/vanmodel-sheetmetal.com\/product\/cnc-machining\/#breadcrumb","itemListElement":[{"@type":"ListItem","position":1,"name":"Home","item":"https:\/\/vanmodel-sheetmetal.com\/"},{"@type":"ListItem","position":2,"name":"Product","item":"https:\/\/vanmodel-sheetmetal.com\/es\/product\/"},{"@type":"ListItem","position":3,"name":"CNC Machining"}]},{"@type":"WebSite","@id":"https:\/\/vanmodel-sheetmetal.com\/#website","url":"https:\/\/vanmodel-sheetmetal.com\/","name":"Vanmodel-sheet metal","description":"Dongguan Vanmodel Precision metal Products Group","publisher":{"@id":"https:\/\/vanmodel-sheetmetal.com\/#organization"},"potentialAction":[{"@type":"SearchAction","target":{"@type":"EntryPoint","urlTemplate":"https:\/\/vanmodel-sheetmetal.com\/?s={search_term_string}"},"query-input":{"@type":"PropertyValueSpecification","valueRequired":true,"valueName":"search_term_string"}}],"inLanguage":"es"},{"@type":"Organization","@id":"https:\/\/vanmodel-sheetmetal.com\/#organization","name":"Vanmodel-sheet metal","url":"https:\/\/vanmodel-sheetmetal.com\/","logo":{"@type":"ImageObject","inLanguage":"es","@id":"https:\/\/vanmodel-sheetmetal.com\/#\/schema\/logo\/image\/","url":"https:\/\/vanmodel-sheetmetal.com\/wp-content\/uploads\/2025\/06\/logo21.png","contentUrl":"https:\/\/vanmodel-sheetmetal.com\/wp-content\/uploads\/2025\/06\/logo21.png","width":426,"height":220,"caption":"Vanmodel-sheet metal"},"image":{"@id":"https:\/\/vanmodel-sheetmetal.com\/#\/schema\/logo\/image\/"}}]}},"taxonomy_info":{"product_cat":[{"value":38,"label":"Others"}]},"featured_image_src_large":["https:\/\/vanmodel-sheetmetal.com\/wp-content\/uploads\/2023\/07\/CNC-Machining.jpg",800,800,false],"author_info":[],"comment_info":"","_links":{"self":[{"href":"https:\/\/vanmodel-sheetmetal.com\/es\/wp-json\/wp\/v2\/product\/2435","targetHints":{"allow":["GET"]}}],"collection":[{"href":"https:\/\/vanmodel-sheetmetal.com\/es\/wp-json\/wp\/v2\/product"}],"about":[{"href":"https:\/\/vanmodel-sheetmetal.com\/es\/wp-json\/wp\/v2\/types\/product"}],"wp:featuredmedia":[{"embeddable":true,"href":"https:\/\/vanmodel-sheetmetal.com\/es\/wp-json\/wp\/v2\/media\/2549"}],"wp:attachment":[{"href":"https:\/\/vanmodel-sheetmetal.com\/es\/wp-json\/wp\/v2\/media?parent=2435"}],"wp:term":[{"taxonomy":"product_brand","embeddable":true,"href":"https:\/\/vanmodel-sheetmetal.com\/es\/wp-json\/wp\/v2\/product_brand?post=2435"},{"taxonomy":"product_cat","embeddable":true,"href":"https:\/\/vanmodel-sheetmetal.com\/es\/wp-json\/wp\/v2\/product_cat?post=2435"},{"taxonomy":"product_tag","embeddable":true,"href":"https:\/\/vanmodel-sheetmetal.com\/es\/wp-json\/wp\/v2\/product_tag?post=2435"}],"curies":[{"name":"wp","href":"https:\/\/api.w.org\/{rel}","templated":true}]}}