{"id":2576,"date":"2025-07-01T04:10:45","date_gmt":"2025-07-01T04:10:45","guid":{"rendered":"https:\/\/vanmodel-sheetmetal.com\/?post_type=product&#038;p=2576"},"modified":"2025-10-26T14:01:22","modified_gmt":"2025-10-26T14:01:22","slug":"metal-spinning","status":"publish","type":"product","link":"https:\/\/vanmodel-sheetmetal.com\/es\/producto\/metal-spinning\/","title":{"rendered":"Hilado de metales"},"content":{"rendered":"<p class=\"ds-markdown-paragraph\"><strong>Servicios de hilado de metales: Componentes conformados con precisi\u00f3n para industrias exigentes<\/strong><\/p>\n<p class=\"ds-markdown-paragraph\">Los servicios de estampaci\u00f3n de metales, tambi\u00e9n conocidos como conformado por centrifugaci\u00f3n o torneado de metales, ofrecen soluciones altamente vers\u00e1tiles y rentables para la producci\u00f3n de componentes sim\u00e9tricos de precisi\u00f3n. Este eficiente proceso de conformado de metales transforma discos o tubos planos de metal en piezas con una forma precisa y axialmente sim\u00e9trica mediante la aplicaci\u00f3n controlada de presi\u00f3n durante la rotaci\u00f3n a alta velocidad.<\/p>\n<p class=\"ds-markdown-paragraph\"><strong>Gracias a sus ventajas inherentes,<\/strong>\u00a0El hilado de metales se ha convertido en un m\u00e9todo preferido en una amplia gama de industrias.\u00a0<strong>Por ejemplo,<\/strong>\u00a0Se utiliza ampliamente en\u00a0<strong>aeroespacial, automoci\u00f3n, iluminaci\u00f3n y hosteler\u00eda<\/strong>\u00a0sectores.\u00a0<strong>Adem\u00e1s,<\/strong>\u00a0Este proceso se destaca por su\u00a0<strong>rentabilidad<\/strong>, excepcional\u00a0<strong>eficiencia del material<\/strong>, y capacidad de mantener\u00a0<strong>Alta precisi\u00f3n tanto en el desarrollo de prototipos como en las producciones a gran escala<\/strong>.<\/p>\n<p class=\"ds-markdown-paragraph\"><strong>\u00bfPor qu\u00e9 elegir nuestros servicios de hilado de metales?<\/strong><\/p>\n<ul>\n<li>\n<p class=\"ds-markdown-paragraph\"><strong>Eficiencia de costos comprobada:<\/strong>\u00a0Reduce significativamente el desperdicio de material y los costes de herramientas en comparaci\u00f3n con m\u00e9todos alternativos.<\/p>\n<\/li>\n<li>\n<p class=\"ds-markdown-paragraph\"><strong>Versatilidad excepcional:<\/strong>\u00a0Trabaje con varios metales, incluidos aluminio, acero inoxidable y aleaciones de cobre.<\/p>\n<\/li>\n<li>\n<p class=\"ds-markdown-paragraph\"><strong>Respuesta r\u00e1pida:<\/strong>\u00a0Desde prototipos r\u00e1pidos hasta vol\u00famenes de producci\u00f3n completos con resultados consistentes.<\/p>\n<\/li>\n<li>\n<p class=\"ds-markdown-paragraph\"><strong>Ingenier\u00eda de precisi\u00f3n:<\/strong>\u00a0Consiga tolerancias estrictas y acabados superficiales superiores para aplicaciones exigentes.<\/p>\n<\/li>\n<\/ul>\n<p class=\"ds-markdown-paragraph\"><strong>Explora las posibilidades del hilado de metales<\/strong><br \/>\nIdeales para aplicaciones que van desde elementos arquitect\u00f3nicos y accesorios de iluminaci\u00f3n hasta componentes industriales especializados, nuestras capacidades de hilado de metales brindan calidad y confiabilidad.<\/p>\n<p class=\"ds-markdown-paragraph\"><strong>\u00bfListo para transformar tus conceptos de metal en realidad?<\/strong><br \/>\n[Cont\u00e1ctenos para una consulta t\u00e9cnica] o [Solicite una cotizaci\u00f3n de proyecto]<\/p>","protected":false},"excerpt":{"rendered":"<p>Servicios de hilatura de metales: Componentes de precisi\u00f3n para industrias exigentes. Los servicios de hilatura de metales, tambi\u00e9n llamados conformado por rotaci\u00f3n o torneado, ofrecen soluciones vers\u00e1tiles y rentables para la producci\u00f3n de componentes sim\u00e9tricos de precisi\u00f3n. Este eficiente proceso de conformado transforma discos o tubos met\u00e1licos planos en piezas con una forma precisa y axialmente sim\u00e9trica mediante la aplicaci\u00f3n de presi\u00f3n controlada durante la rotaci\u00f3n a alta velocidad. Gracias a su inherente\u2026<\/p>","protected":false},"featured_media":2554,"template":"","meta":{"_kad_blocks_custom_css":"","_kad_blocks_head_custom_js":"","_kad_blocks_body_custom_js":"","_kad_blocks_footer_custom_js":"","_kadence_starter_templates_imported_post":false,"_kad_post_transparent":"default","_kad_post_title":"","_kad_post_layout":"default","_kad_post_sidebar_id":"","_kad_post_content_style":"default","_kad_post_vertical_padding":"default","_kad_post_feature":"","_kad_post_feature_position":"","_kad_post_header":false,"_kad_post_footer":false,"_kad_post_classname":""},"product_brand":[],"product_cat":[36],"product_tag":[54,52,53],"class_list":{"0":"post-2576","1":"product","2":"type-product","3":"status-publish","4":"has-post-thumbnail","6":"product_cat-precision-stamping","7":"product_tag-metal-forming","8":"product_tag-metal-spinning","9":"product_tag-spin-forming","11":"first","12":"instock","13":"shipping-taxable","14":"product-type-external","15":"entry","16":"content-bg","17":"loop-entry"},"yoast_head":"<!-- This site is optimized with the Yoast SEO Premium plugin v20.5 (Yoast SEO v27.4) - https:\/\/yoast.com\/product\/yoast-seo-premium-wordpress\/ -->\n<title>Metal Spinning - Vanmodel-sheet metal<\/title>\n<meta name=\"description\" content=\"Expert metal spinning services for aerospace &amp; automotive components. High-precision spin forming with excellent cost-effectiveness.\" \/>\n<meta name=\"robots\" content=\"index, follow, max-snippet:-1, max-image-preview:large, max-video-preview:-1\" \/>\n<link rel=\"canonical\" href=\"https:\/\/vanmodel-sheetmetal.com\/es\/producto\/metal-spinning\/\" \/>\n<meta property=\"og:locale\" content=\"es_ES\" \/>\n<meta property=\"og:type\" content=\"article\" \/>\n<meta property=\"og:title\" content=\"Metal Spinning\" \/>\n<meta property=\"og:description\" content=\"Expert metal spinning services for aerospace &amp; automotive components. High-precision spin forming with excellent cost-effectiveness.\" \/>\n<meta property=\"og:url\" content=\"https:\/\/vanmodel-sheetmetal.com\/es\/producto\/metal-spinning\/\" \/>\n<meta property=\"og:site_name\" content=\"Vanmodel-sheet metal\" \/>\n<meta property=\"article:modified_time\" content=\"2025-10-26T14:01:22+00:00\" \/>\n<meta property=\"og:image\" content=\"https:\/\/vanmodel-sheetmetal.com\/wp-content\/uploads\/2023\/07\/Metal-Spinning.jpg\" \/>\n\t<meta property=\"og:image:width\" content=\"800\" \/>\n\t<meta property=\"og:image:height\" content=\"800\" \/>\n\t<meta property=\"og:image:type\" content=\"image\/jpeg\" \/>\n<meta name=\"twitter:card\" content=\"summary_large_image\" \/>\n<meta name=\"twitter:label1\" content=\"Tiempo de lectura\" \/>\n\t<meta name=\"twitter:data1\" content=\"2 minutos\" \/>\n<script type=\"application\/ld+json\" class=\"yoast-schema-graph\">{\"@context\":\"https:\\\/\\\/schema.org\",\"@graph\":[{\"@type\":\"WebPage\",\"@id\":\"https:\\\/\\\/vanmodel-sheetmetal.com\\\/product\\\/metal-spinning\\\/\",\"url\":\"https:\\\/\\\/vanmodel-sheetmetal.com\\\/product\\\/metal-spinning\\\/\",\"name\":\"Metal Spinning - Vanmodel-sheet metal\",\"isPartOf\":{\"@id\":\"https:\\\/\\\/vanmodel-sheetmetal.com\\\/#website\"},\"primaryImageOfPage\":{\"@id\":\"https:\\\/\\\/vanmodel-sheetmetal.com\\\/product\\\/metal-spinning\\\/#primaryimage\"},\"image\":{\"@id\":\"https:\\\/\\\/vanmodel-sheetmetal.com\\\/product\\\/metal-spinning\\\/#primaryimage\"},\"thumbnailUrl\":\"https:\\\/\\\/vanmodel-sheetmetal.com\\\/wp-content\\\/uploads\\\/2023\\\/07\\\/Metal-Spinning.jpg\",\"datePublished\":\"2025-07-01T04:10:45+00:00\",\"dateModified\":\"2025-10-26T14:01:22+00:00\",\"description\":\"Expert metal spinning services for aerospace & automotive components. High-precision spin forming with excellent cost-effectiveness.\",\"breadcrumb\":{\"@id\":\"https:\\\/\\\/vanmodel-sheetmetal.com\\\/product\\\/metal-spinning\\\/#breadcrumb\"},\"inLanguage\":\"es\",\"potentialAction\":[{\"@type\":\"ReadAction\",\"target\":[\"https:\\\/\\\/vanmodel-sheetmetal.com\\\/product\\\/metal-spinning\\\/\"]}]},{\"@type\":\"ImageObject\",\"inLanguage\":\"es\",\"@id\":\"https:\\\/\\\/vanmodel-sheetmetal.com\\\/product\\\/metal-spinning\\\/#primaryimage\",\"url\":\"https:\\\/\\\/vanmodel-sheetmetal.com\\\/wp-content\\\/uploads\\\/2023\\\/07\\\/Metal-Spinning.jpg\",\"contentUrl\":\"https:\\\/\\\/vanmodel-sheetmetal.com\\\/wp-content\\\/uploads\\\/2023\\\/07\\\/Metal-Spinning.jpg\",\"width\":800,\"height\":800},{\"@type\":\"BreadcrumbList\",\"@id\":\"https:\\\/\\\/vanmodel-sheetmetal.com\\\/product\\\/metal-spinning\\\/#breadcrumb\",\"itemListElement\":[{\"@type\":\"ListItem\",\"position\":1,\"name\":\"Home\",\"item\":\"https:\\\/\\\/vanmodel-sheetmetal.com\\\/\"},{\"@type\":\"ListItem\",\"position\":2,\"name\":\"Product\",\"item\":\"https:\\\/\\\/vanmodel-sheetmetal.com\\\/es\\\/product\\\/\"},{\"@type\":\"ListItem\",\"position\":3,\"name\":\"Metal Spinning\"}]},{\"@type\":\"WebSite\",\"@id\":\"https:\\\/\\\/vanmodel-sheetmetal.com\\\/#website\",\"url\":\"https:\\\/\\\/vanmodel-sheetmetal.com\\\/\",\"name\":\"Vanmodel-sheet metal\",\"description\":\"Dongguan Vanmodel Precision metal Products Group\",\"publisher\":{\"@id\":\"https:\\\/\\\/vanmodel-sheetmetal.com\\\/#organization\"},\"potentialAction\":[{\"@type\":\"SearchAction\",\"target\":{\"@type\":\"EntryPoint\",\"urlTemplate\":\"https:\\\/\\\/vanmodel-sheetmetal.com\\\/?s={search_term_string}\"},\"query-input\":{\"@type\":\"PropertyValueSpecification\",\"valueRequired\":true,\"valueName\":\"search_term_string\"}}],\"inLanguage\":\"es\"},{\"@type\":\"Organization\",\"@id\":\"https:\\\/\\\/vanmodel-sheetmetal.com\\\/#organization\",\"name\":\"Vanmodel-sheet metal\",\"url\":\"https:\\\/\\\/vanmodel-sheetmetal.com\\\/\",\"logo\":{\"@type\":\"ImageObject\",\"inLanguage\":\"es\",\"@id\":\"https:\\\/\\\/vanmodel-sheetmetal.com\\\/#\\\/schema\\\/logo\\\/image\\\/\",\"url\":\"https:\\\/\\\/vanmodel-sheetmetal.com\\\/wp-content\\\/uploads\\\/2025\\\/06\\\/logo21.png\",\"contentUrl\":\"https:\\\/\\\/vanmodel-sheetmetal.com\\\/wp-content\\\/uploads\\\/2025\\\/06\\\/logo21.png\",\"width\":426,\"height\":220,\"caption\":\"Vanmodel-sheet metal\"},\"image\":{\"@id\":\"https:\\\/\\\/vanmodel-sheetmetal.com\\\/#\\\/schema\\\/logo\\\/image\\\/\"}}]}<\/script>\n<!-- \/ Yoast SEO Premium plugin. -->","yoast_head_json":{"title":"Metal Spinning - Vanmodel-sheet metal","description":"Expert metal spinning services for aerospace & automotive components. High-precision spin forming with excellent cost-effectiveness.","robots":{"index":"index","follow":"follow","max-snippet":"max-snippet:-1","max-image-preview":"max-image-preview:large","max-video-preview":"max-video-preview:-1"},"canonical":"https:\/\/vanmodel-sheetmetal.com\/es\/producto\/metal-spinning\/","og_locale":"es_ES","og_type":"article","og_title":"Metal Spinning","og_description":"Expert metal spinning services for aerospace & automotive components. High-precision spin forming with excellent cost-effectiveness.","og_url":"https:\/\/vanmodel-sheetmetal.com\/es\/producto\/metal-spinning\/","og_site_name":"Vanmodel-sheet metal","article_modified_time":"2025-10-26T14:01:22+00:00","og_image":[{"width":800,"height":800,"url":"https:\/\/vanmodel-sheetmetal.com\/wp-content\/uploads\/2023\/07\/Metal-Spinning.jpg","type":"image\/jpeg"}],"twitter_card":"summary_large_image","twitter_misc":{"Tiempo de lectura":"2 minutos"},"schema":{"@context":"https:\/\/schema.org","@graph":[{"@type":"WebPage","@id":"https:\/\/vanmodel-sheetmetal.com\/product\/metal-spinning\/","url":"https:\/\/vanmodel-sheetmetal.com\/product\/metal-spinning\/","name":"Metal Spinning - Vanmodel-sheet metal","isPartOf":{"@id":"https:\/\/vanmodel-sheetmetal.com\/#website"},"primaryImageOfPage":{"@id":"https:\/\/vanmodel-sheetmetal.com\/product\/metal-spinning\/#primaryimage"},"image":{"@id":"https:\/\/vanmodel-sheetmetal.com\/product\/metal-spinning\/#primaryimage"},"thumbnailUrl":"https:\/\/vanmodel-sheetmetal.com\/wp-content\/uploads\/2023\/07\/Metal-Spinning.jpg","datePublished":"2025-07-01T04:10:45+00:00","dateModified":"2025-10-26T14:01:22+00:00","description":"Expert metal spinning services for aerospace & automotive components. High-precision spin forming with excellent cost-effectiveness.","breadcrumb":{"@id":"https:\/\/vanmodel-sheetmetal.com\/product\/metal-spinning\/#breadcrumb"},"inLanguage":"es","potentialAction":[{"@type":"ReadAction","target":["https:\/\/vanmodel-sheetmetal.com\/product\/metal-spinning\/"]}]},{"@type":"ImageObject","inLanguage":"es","@id":"https:\/\/vanmodel-sheetmetal.com\/product\/metal-spinning\/#primaryimage","url":"https:\/\/vanmodel-sheetmetal.com\/wp-content\/uploads\/2023\/07\/Metal-Spinning.jpg","contentUrl":"https:\/\/vanmodel-sheetmetal.com\/wp-content\/uploads\/2023\/07\/Metal-Spinning.jpg","width":800,"height":800},{"@type":"BreadcrumbList","@id":"https:\/\/vanmodel-sheetmetal.com\/product\/metal-spinning\/#breadcrumb","itemListElement":[{"@type":"ListItem","position":1,"name":"Home","item":"https:\/\/vanmodel-sheetmetal.com\/"},{"@type":"ListItem","position":2,"name":"Product","item":"https:\/\/vanmodel-sheetmetal.com\/es\/product\/"},{"@type":"ListItem","position":3,"name":"Metal Spinning"}]},{"@type":"WebSite","@id":"https:\/\/vanmodel-sheetmetal.com\/#website","url":"https:\/\/vanmodel-sheetmetal.com\/","name":"Vanmodel-sheet metal","description":"Dongguan Vanmodel Precision metal Products Group","publisher":{"@id":"https:\/\/vanmodel-sheetmetal.com\/#organization"},"potentialAction":[{"@type":"SearchAction","target":{"@type":"EntryPoint","urlTemplate":"https:\/\/vanmodel-sheetmetal.com\/?s={search_term_string}"},"query-input":{"@type":"PropertyValueSpecification","valueRequired":true,"valueName":"search_term_string"}}],"inLanguage":"es"},{"@type":"Organization","@id":"https:\/\/vanmodel-sheetmetal.com\/#organization","name":"Vanmodel-sheet metal","url":"https:\/\/vanmodel-sheetmetal.com\/","logo":{"@type":"ImageObject","inLanguage":"es","@id":"https:\/\/vanmodel-sheetmetal.com\/#\/schema\/logo\/image\/","url":"https:\/\/vanmodel-sheetmetal.com\/wp-content\/uploads\/2025\/06\/logo21.png","contentUrl":"https:\/\/vanmodel-sheetmetal.com\/wp-content\/uploads\/2025\/06\/logo21.png","width":426,"height":220,"caption":"Vanmodel-sheet metal"},"image":{"@id":"https:\/\/vanmodel-sheetmetal.com\/#\/schema\/logo\/image\/"}}]}},"taxonomy_info":{"product_cat":[{"value":36,"label":"Precision Stamping"}],"product_tag":[{"value":54,"label":"Metal Forming"},{"value":52,"label":"Metal Spinning"},{"value":53,"label":"Spin Forming"}]},"featured_image_src_large":["https:\/\/vanmodel-sheetmetal.com\/wp-content\/uploads\/2023\/07\/Metal-Spinning.jpg",800,800,false],"author_info":[],"comment_info":"","_links":{"self":[{"href":"https:\/\/vanmodel-sheetmetal.com\/es\/wp-json\/wp\/v2\/product\/2576","targetHints":{"allow":["GET"]}}],"collection":[{"href":"https:\/\/vanmodel-sheetmetal.com\/es\/wp-json\/wp\/v2\/product"}],"about":[{"href":"https:\/\/vanmodel-sheetmetal.com\/es\/wp-json\/wp\/v2\/types\/product"}],"wp:featuredmedia":[{"embeddable":true,"href":"https:\/\/vanmodel-sheetmetal.com\/es\/wp-json\/wp\/v2\/media\/2554"}],"wp:attachment":[{"href":"https:\/\/vanmodel-sheetmetal.com\/es\/wp-json\/wp\/v2\/media?parent=2576"}],"wp:term":[{"taxonomy":"product_brand","embeddable":true,"href":"https:\/\/vanmodel-sheetmetal.com\/es\/wp-json\/wp\/v2\/product_brand?post=2576"},{"taxonomy":"product_cat","embeddable":true,"href":"https:\/\/vanmodel-sheetmetal.com\/es\/wp-json\/wp\/v2\/product_cat?post=2576"},{"taxonomy":"product_tag","embeddable":true,"href":"https:\/\/vanmodel-sheetmetal.com\/es\/wp-json\/wp\/v2\/product_tag?post=2576"}],"curies":[{"name":"wp","href":"https:\/\/api.w.org\/{rel}","templated":true}]}}