{"id":2628,"date":"2025-07-05T10:24:01","date_gmt":"2025-07-05T10:24:01","guid":{"rendered":"https:\/\/vanmodel-sheetmetal.com\/?post_type=product&#038;p=2628"},"modified":"2025-10-26T13:52:33","modified_gmt":"2025-10-26T13:52:33","slug":"ops-chassis-enclosure","status":"publish","type":"product","link":"https:\/\/vanmodel-sheetmetal.com\/es\/producto\/ops-chassis-enclosure\/","title":{"rendered":"Carcasa del chasis OPS"},"content":{"rendered":"<p>Fabricaci\u00f3n de chapa met\u00e1lica de precisi\u00f3n: su visi\u00f3n, nuestra artesan\u00eda<\/p>\n<p>La esencia de nuestro servicio es el compromiso de transformar sus conceptos en productos de chapa met\u00e1lica duraderos y de alta calidad. Lo logramos mediante procesos de fabricaci\u00f3n flexibles que integran a la perfecci\u00f3n el estampado de moldes personalizados con el corte l\u00e1ser de precisi\u00f3n. Como resultado, tanto si necesita un solo prototipo como una producci\u00f3n a gran escala, garantizamos una precisi\u00f3n y eficiencia excepcionales durante todo el proceso.<\/p>\n<p>Nuestro compromiso de calidad:<\/p>\n<p>Selecci\u00f3n de materiales de primera calidad<br \/>\nEmpezamos con acero galvanizado de alta resistencia y otros metales de primera calidad para establecer una base de calidad. Por consiguiente, esta selecci\u00f3n de materiales proporciona una resistencia superior a la oxidaci\u00f3n y durabilidad estructural. Adem\u00e1s, esta cuidadosa selecci\u00f3n garantiza la protecci\u00f3n de su inversi\u00f3n y un rendimiento a largo plazo.<\/p>\n<p>Opciones avanzadas de acabado de superficies<br \/>\nAdem\u00e1s del conformado preciso, ofrecemos soluciones integrales de acabado. Por ejemplo, puede elegir entre acabados cepillados, anodizados, pulidos, arenados o con recubrimiento en polvo. Adem\u00e1s, cada opci\u00f3n est\u00e1 dise\u00f1ada para ofrecer una resistencia excepcional a la corrosi\u00f3n y la decoloraci\u00f3n, logrando al mismo tiempo la est\u00e9tica deseada.<\/p>\n<p>Servicios completos de personalizaci\u00f3n<br \/>\nLo m\u00e1s importante es que priorizamos sus requisitos espec\u00edficos. Por lo tanto, nos adaptamos completamente a sus necesidades, aceptando tama\u00f1os y colores personalizados seg\u00fan sus dibujos CAD o muestras. Esto garantiza que el producto final se ajuste perfectamente a su dise\u00f1o y especificaciones funcionales.<\/p>\n<p>Su socio de fabricaci\u00f3n de extremo a extremo<br \/>\nGracias a nuestra amplia gama de capacidades, somos la soluci\u00f3n ideal para gabinetes, soportes y componentes arquitect\u00f3nicos. Adem\u00e1s, nuestro modelo de servicio integrado garantiza consistencia y confiabilidad desde el prototipo inicial hasta la producci\u00f3n final.<\/p>\n<p>\u00bfListo para comenzar su proyecto?<br \/>\nSi est\u00e1 buscando un socio de fabricaci\u00f3n confiable, [Cont\u00e1ctenos para una consulta gratuita] o [Solicite una cotizaci\u00f3n instant\u00e1nea]<\/p>","protected":false},"excerpt":{"rendered":"<p>Fabricaci\u00f3n de chapa met\u00e1lica de precisi\u00f3n: Su visi\u00f3n, nuestra artesan\u00eda. La esencia de nuestro servicio es el compromiso de transformar sus conceptos en productos de chapa met\u00e1lica duraderos y de alta calidad. Lo logramos mediante procesos de fabricaci\u00f3n flexibles que integran a la perfecci\u00f3n el estampado de moldes personalizados con el corte l\u00e1ser de precisi\u00f3n. Como resultado, ya sea que necesite un solo prototipo o\u2026<\/p>","protected":false},"featured_media":2625,"template":"","meta":{"_kad_blocks_custom_css":"","_kad_blocks_head_custom_js":"","_kad_blocks_body_custom_js":"","_kad_blocks_footer_custom_js":"","_kadence_starter_templates_imported_post":false,"_kad_post_transparent":"default","_kad_post_title":"","_kad_post_layout":"default","_kad_post_sidebar_id":"","_kad_post_content_style":"default","_kad_post_vertical_padding":"default","_kad_post_feature":"","_kad_post_feature_position":"","_kad_post_header":false,"_kad_post_footer":false,"_kad_post_classname":""},"product_brand":[],"product_cat":[34],"product_tag":[51],"class_list":{"0":"post-2628","1":"product","2":"type-product","3":"status-publish","4":"has-post-thumbnail","6":"product_cat-sheet-metal-fabrication","7":"product_tag-sheet-metal-fabrication","9":"first","10":"instock","11":"shipping-taxable","12":"product-type-simple","13":"entry","14":"content-bg","15":"loop-entry"},"yoast_head":"<!-- This site is optimized with the Yoast SEO Premium plugin v20.5 (Yoast SEO v27.4) - https:\/\/yoast.com\/product\/yoast-seo-premium-wordpress\/ -->\n<title>OPS Chassis Enclosure - Vanmodel-sheet metal<\/title>\n<meta name=\"description\" content=\"VanModel specializes in sheet metal fabrication &amp; custom stamping services. Using high-strength galvanized steel with powder coating finishes.\" \/>\n<meta name=\"robots\" content=\"index, follow, max-snippet:-1, max-image-preview:large, max-video-preview:-1\" \/>\n<link rel=\"canonical\" href=\"https:\/\/vanmodel-sheetmetal.com\/es\/producto\/ops-chassis-enclosure\/\" \/>\n<meta property=\"og:locale\" content=\"es_ES\" \/>\n<meta property=\"og:type\" content=\"article\" \/>\n<meta property=\"og:title\" content=\"OPS Chassis Enclosure\" \/>\n<meta property=\"og:description\" content=\"VanModel specializes in sheet metal fabrication &amp; custom stamping services. Using high-strength galvanized steel with powder coating finishes.\" \/>\n<meta property=\"og:url\" content=\"https:\/\/vanmodel-sheetmetal.com\/es\/producto\/ops-chassis-enclosure\/\" \/>\n<meta property=\"og:site_name\" content=\"Vanmodel-sheet metal\" \/>\n<meta property=\"article:modified_time\" content=\"2025-10-26T13:52:33+00:00\" \/>\n<meta property=\"og:image\" content=\"https:\/\/vanmodel-sheetmetal.com\/wp-content\/uploads\/2023\/07\/Sheet-Metal-Fabrication1.png\" \/>\n\t<meta property=\"og:image:width\" content=\"800\" \/>\n\t<meta property=\"og:image:height\" content=\"800\" \/>\n\t<meta property=\"og:image:type\" content=\"image\/png\" \/>\n<meta name=\"twitter:card\" content=\"summary_large_image\" \/>\n<meta name=\"twitter:label1\" content=\"Tiempo de lectura\" \/>\n\t<meta name=\"twitter:data1\" content=\"2 minutos\" \/>\n<script type=\"application\/ld+json\" class=\"yoast-schema-graph\">{\"@context\":\"https:\\\/\\\/schema.org\",\"@graph\":[{\"@type\":\"WebPage\",\"@id\":\"https:\\\/\\\/vanmodel-sheetmetal.com\\\/product\\\/ops-chassis-enclosure\\\/\",\"url\":\"https:\\\/\\\/vanmodel-sheetmetal.com\\\/product\\\/ops-chassis-enclosure\\\/\",\"name\":\"OPS Chassis Enclosure - Vanmodel-sheet metal\",\"isPartOf\":{\"@id\":\"https:\\\/\\\/vanmodel-sheetmetal.com\\\/#website\"},\"primaryImageOfPage\":{\"@id\":\"https:\\\/\\\/vanmodel-sheetmetal.com\\\/product\\\/ops-chassis-enclosure\\\/#primaryimage\"},\"image\":{\"@id\":\"https:\\\/\\\/vanmodel-sheetmetal.com\\\/product\\\/ops-chassis-enclosure\\\/#primaryimage\"},\"thumbnailUrl\":\"https:\\\/\\\/vanmodel-sheetmetal.com\\\/wp-content\\\/uploads\\\/2023\\\/07\\\/Sheet-Metal-Fabrication1.png\",\"datePublished\":\"2025-07-05T10:24:01+00:00\",\"dateModified\":\"2025-10-26T13:52:33+00:00\",\"description\":\"VanModel specializes in sheet metal fabrication & custom stamping services. Using high-strength galvanized steel with powder coating finishes.\",\"breadcrumb\":{\"@id\":\"https:\\\/\\\/vanmodel-sheetmetal.com\\\/product\\\/ops-chassis-enclosure\\\/#breadcrumb\"},\"inLanguage\":\"es\",\"potentialAction\":[{\"@type\":\"ReadAction\",\"target\":[\"https:\\\/\\\/vanmodel-sheetmetal.com\\\/product\\\/ops-chassis-enclosure\\\/\"]}]},{\"@type\":\"ImageObject\",\"inLanguage\":\"es\",\"@id\":\"https:\\\/\\\/vanmodel-sheetmetal.com\\\/product\\\/ops-chassis-enclosure\\\/#primaryimage\",\"url\":\"https:\\\/\\\/vanmodel-sheetmetal.com\\\/wp-content\\\/uploads\\\/2023\\\/07\\\/Sheet-Metal-Fabrication1.png\",\"contentUrl\":\"https:\\\/\\\/vanmodel-sheetmetal.com\\\/wp-content\\\/uploads\\\/2023\\\/07\\\/Sheet-Metal-Fabrication1.png\",\"width\":800,\"height\":800},{\"@type\":\"BreadcrumbList\",\"@id\":\"https:\\\/\\\/vanmodel-sheetmetal.com\\\/product\\\/ops-chassis-enclosure\\\/#breadcrumb\",\"itemListElement\":[{\"@type\":\"ListItem\",\"position\":1,\"name\":\"Home\",\"item\":\"https:\\\/\\\/vanmodel-sheetmetal.com\\\/\"},{\"@type\":\"ListItem\",\"position\":2,\"name\":\"Product\",\"item\":\"https:\\\/\\\/vanmodel-sheetmetal.com\\\/es\\\/product\\\/\"},{\"@type\":\"ListItem\",\"position\":3,\"name\":\"OPS Chassis Enclosure\"}]},{\"@type\":\"WebSite\",\"@id\":\"https:\\\/\\\/vanmodel-sheetmetal.com\\\/#website\",\"url\":\"https:\\\/\\\/vanmodel-sheetmetal.com\\\/\",\"name\":\"Vanmodel-sheet metal\",\"description\":\"Dongguan Vanmodel Precision metal Products Group\",\"publisher\":{\"@id\":\"https:\\\/\\\/vanmodel-sheetmetal.com\\\/#organization\"},\"potentialAction\":[{\"@type\":\"SearchAction\",\"target\":{\"@type\":\"EntryPoint\",\"urlTemplate\":\"https:\\\/\\\/vanmodel-sheetmetal.com\\\/?s={search_term_string}\"},\"query-input\":{\"@type\":\"PropertyValueSpecification\",\"valueRequired\":true,\"valueName\":\"search_term_string\"}}],\"inLanguage\":\"es\"},{\"@type\":\"Organization\",\"@id\":\"https:\\\/\\\/vanmodel-sheetmetal.com\\\/#organization\",\"name\":\"Vanmodel-sheet metal\",\"url\":\"https:\\\/\\\/vanmodel-sheetmetal.com\\\/\",\"logo\":{\"@type\":\"ImageObject\",\"inLanguage\":\"es\",\"@id\":\"https:\\\/\\\/vanmodel-sheetmetal.com\\\/#\\\/schema\\\/logo\\\/image\\\/\",\"url\":\"https:\\\/\\\/vanmodel-sheetmetal.com\\\/wp-content\\\/uploads\\\/2025\\\/06\\\/logo21.png\",\"contentUrl\":\"https:\\\/\\\/vanmodel-sheetmetal.com\\\/wp-content\\\/uploads\\\/2025\\\/06\\\/logo21.png\",\"width\":426,\"height\":220,\"caption\":\"Vanmodel-sheet metal\"},\"image\":{\"@id\":\"https:\\\/\\\/vanmodel-sheetmetal.com\\\/#\\\/schema\\\/logo\\\/image\\\/\"}}]}<\/script>\n<!-- \/ Yoast SEO Premium plugin. -->","yoast_head_json":{"title":"OPS Chassis Enclosure - Vanmodel-sheet metal","description":"VanModel specializes in sheet metal fabrication & custom stamping services. Using high-strength galvanized steel with powder coating finishes.","robots":{"index":"index","follow":"follow","max-snippet":"max-snippet:-1","max-image-preview":"max-image-preview:large","max-video-preview":"max-video-preview:-1"},"canonical":"https:\/\/vanmodel-sheetmetal.com\/es\/producto\/ops-chassis-enclosure\/","og_locale":"es_ES","og_type":"article","og_title":"OPS Chassis Enclosure","og_description":"VanModel specializes in sheet metal fabrication & custom stamping services. Using high-strength galvanized steel with powder coating finishes.","og_url":"https:\/\/vanmodel-sheetmetal.com\/es\/producto\/ops-chassis-enclosure\/","og_site_name":"Vanmodel-sheet metal","article_modified_time":"2025-10-26T13:52:33+00:00","og_image":[{"width":800,"height":800,"url":"https:\/\/vanmodel-sheetmetal.com\/wp-content\/uploads\/2023\/07\/Sheet-Metal-Fabrication1.png","type":"image\/png"}],"twitter_card":"summary_large_image","twitter_misc":{"Tiempo de lectura":"2 minutos"},"schema":{"@context":"https:\/\/schema.org","@graph":[{"@type":"WebPage","@id":"https:\/\/vanmodel-sheetmetal.com\/product\/ops-chassis-enclosure\/","url":"https:\/\/vanmodel-sheetmetal.com\/product\/ops-chassis-enclosure\/","name":"OPS Chassis Enclosure - Vanmodel-sheet metal","isPartOf":{"@id":"https:\/\/vanmodel-sheetmetal.com\/#website"},"primaryImageOfPage":{"@id":"https:\/\/vanmodel-sheetmetal.com\/product\/ops-chassis-enclosure\/#primaryimage"},"image":{"@id":"https:\/\/vanmodel-sheetmetal.com\/product\/ops-chassis-enclosure\/#primaryimage"},"thumbnailUrl":"https:\/\/vanmodel-sheetmetal.com\/wp-content\/uploads\/2023\/07\/Sheet-Metal-Fabrication1.png","datePublished":"2025-07-05T10:24:01+00:00","dateModified":"2025-10-26T13:52:33+00:00","description":"VanModel specializes in sheet metal fabrication & custom stamping services. Using high-strength galvanized steel with powder coating finishes.","breadcrumb":{"@id":"https:\/\/vanmodel-sheetmetal.com\/product\/ops-chassis-enclosure\/#breadcrumb"},"inLanguage":"es","potentialAction":[{"@type":"ReadAction","target":["https:\/\/vanmodel-sheetmetal.com\/product\/ops-chassis-enclosure\/"]}]},{"@type":"ImageObject","inLanguage":"es","@id":"https:\/\/vanmodel-sheetmetal.com\/product\/ops-chassis-enclosure\/#primaryimage","url":"https:\/\/vanmodel-sheetmetal.com\/wp-content\/uploads\/2023\/07\/Sheet-Metal-Fabrication1.png","contentUrl":"https:\/\/vanmodel-sheetmetal.com\/wp-content\/uploads\/2023\/07\/Sheet-Metal-Fabrication1.png","width":800,"height":800},{"@type":"BreadcrumbList","@id":"https:\/\/vanmodel-sheetmetal.com\/product\/ops-chassis-enclosure\/#breadcrumb","itemListElement":[{"@type":"ListItem","position":1,"name":"Home","item":"https:\/\/vanmodel-sheetmetal.com\/"},{"@type":"ListItem","position":2,"name":"Product","item":"https:\/\/vanmodel-sheetmetal.com\/es\/product\/"},{"@type":"ListItem","position":3,"name":"OPS Chassis Enclosure"}]},{"@type":"WebSite","@id":"https:\/\/vanmodel-sheetmetal.com\/#website","url":"https:\/\/vanmodel-sheetmetal.com\/","name":"Vanmodel-sheet metal","description":"Dongguan Vanmodel Precision metal Products Group","publisher":{"@id":"https:\/\/vanmodel-sheetmetal.com\/#organization"},"potentialAction":[{"@type":"SearchAction","target":{"@type":"EntryPoint","urlTemplate":"https:\/\/vanmodel-sheetmetal.com\/?s={search_term_string}"},"query-input":{"@type":"PropertyValueSpecification","valueRequired":true,"valueName":"search_term_string"}}],"inLanguage":"es"},{"@type":"Organization","@id":"https:\/\/vanmodel-sheetmetal.com\/#organization","name":"Vanmodel-sheet metal","url":"https:\/\/vanmodel-sheetmetal.com\/","logo":{"@type":"ImageObject","inLanguage":"es","@id":"https:\/\/vanmodel-sheetmetal.com\/#\/schema\/logo\/image\/","url":"https:\/\/vanmodel-sheetmetal.com\/wp-content\/uploads\/2025\/06\/logo21.png","contentUrl":"https:\/\/vanmodel-sheetmetal.com\/wp-content\/uploads\/2025\/06\/logo21.png","width":426,"height":220,"caption":"Vanmodel-sheet metal"},"image":{"@id":"https:\/\/vanmodel-sheetmetal.com\/#\/schema\/logo\/image\/"}}]}},"taxonomy_info":{"product_cat":[{"value":34,"label":"Sheet Metal Fabrication"}],"product_tag":[{"value":51,"label":"Sheet Metal Fabrication"}]},"featured_image_src_large":["https:\/\/vanmodel-sheetmetal.com\/wp-content\/uploads\/2023\/07\/Sheet-Metal-Fabrication1.png",800,800,false],"author_info":[],"comment_info":"","_links":{"self":[{"href":"https:\/\/vanmodel-sheetmetal.com\/es\/wp-json\/wp\/v2\/product\/2628","targetHints":{"allow":["GET"]}}],"collection":[{"href":"https:\/\/vanmodel-sheetmetal.com\/es\/wp-json\/wp\/v2\/product"}],"about":[{"href":"https:\/\/vanmodel-sheetmetal.com\/es\/wp-json\/wp\/v2\/types\/product"}],"wp:featuredmedia":[{"embeddable":true,"href":"https:\/\/vanmodel-sheetmetal.com\/es\/wp-json\/wp\/v2\/media\/2625"}],"wp:attachment":[{"href":"https:\/\/vanmodel-sheetmetal.com\/es\/wp-json\/wp\/v2\/media?parent=2628"}],"wp:term":[{"taxonomy":"product_brand","embeddable":true,"href":"https:\/\/vanmodel-sheetmetal.com\/es\/wp-json\/wp\/v2\/product_brand?post=2628"},{"taxonomy":"product_cat","embeddable":true,"href":"https:\/\/vanmodel-sheetmetal.com\/es\/wp-json\/wp\/v2\/product_cat?post=2628"},{"taxonomy":"product_tag","embeddable":true,"href":"https:\/\/vanmodel-sheetmetal.com\/es\/wp-json\/wp\/v2\/product_tag?post=2628"}],"curies":[{"name":"wp","href":"https:\/\/api.w.org\/{rel}","templated":true}]}}