{"id":2632,"date":"2025-07-05T10:49:34","date_gmt":"2025-07-05T10:49:34","guid":{"rendered":"https:\/\/vanmodel-sheetmetal.com\/?post_type=product&#038;p=2632"},"modified":"2025-10-26T13:46:26","modified_gmt":"2025-10-26T13:46:26","slug":"hdmi-7-1-display-metal-bezel-enclosure","status":"publish","type":"product","link":"https:\/\/vanmodel-sheetmetal.com\/es\/producto\/hdmi-7-1-display-metal-bezel-enclosure\/","title":{"rendered":"Carcasa con bisel met\u00e1lico para pantalla HDMI 7.1"},"content":{"rendered":"<p class=\"ds-markdown-paragraph\"><strong>Fabricaci\u00f3n de chapa met\u00e1lica de precisi\u00f3n, adaptada a su visi\u00f3n<\/strong><\/p>\n<p class=\"ds-markdown-paragraph\">En VanModel, cerramos la brecha entre sus conceptos y productos de chapa met\u00e1lica duraderos y de alta calidad.\u00a0<strong>Espec\u00edficamente,<\/strong>\u00a0Nuestros procesos de fabricaci\u00f3n flexibles integran a la perfecci\u00f3n el estampado de moldes personalizados y el corte l\u00e1ser de precisi\u00f3n, lo que garantiza que su proyecto (desde prototipos individuales hasta series de producci\u00f3n de gran volumen) se ejecute con una eficiencia y precisi\u00f3n excepcionales.<\/p>\n<p class=\"ds-markdown-paragraph\"><strong>Nuestro compromiso con la excelencia:<\/strong><\/p>\n<p class=\"ds-markdown-paragraph\"><strong>Calidad de material inigualable<\/strong><br \/>\nConstruimos sus productos utilizando acero galvanizado de alta resistencia y otros metales de primera calidad.\u00a0<strong>Como resultado,<\/strong>\u00a0Esto proporciona una resistencia inherentemente superior a la oxidaci\u00f3n y una durabilidad estructural a largo plazo.\u00a0<strong>Al final,<\/strong>\u00a0Esta cualidad fundamental protege su inversi\u00f3n y garantiza la longevidad del producto.<\/p>\n<p class=\"ds-markdown-paragraph\"><strong>Acabado avanzado de superficies<\/strong><br \/>\nM\u00e1s all\u00e1 del conformado preciso, ofrecemos un espectro de opciones de acabado meticuloso.\u00a0<strong>Por ejemplo,<\/strong>\u00a0Elija entre superficies cepilladas, anodizadas, pulidas, pulidas con chorro de arena o con recubrimiento en polvo para lograr la est\u00e9tica deseada.\u00a0<strong>mientras<\/strong>\u00a0garantizando una resistencia excepcional a la corrosi\u00f3n y a la decoloraci\u00f3n.<\/p>\n<p class=\"ds-markdown-paragraph\"><strong>Servicio completo de personalizaci\u00f3n<\/strong><br \/>\nSus especificaciones son nuestro modelo.\u00a0<strong>Por lo tanto,<\/strong>\u00a0Nos adaptamos totalmente a sus necesidades, aceptando tama\u00f1os y colores personalizados en base a sus dibujos CAD o muestras f\u00edsicas.\u00a0<strong>Este enfoque<\/strong>\u00a0garantiza que el producto final se alinee perfectamente con su intenci\u00f3n de dise\u00f1o y requisitos funcionales.<\/p>\n<p class=\"ds-markdown-paragraph\"><strong>Su socio de fabricaci\u00f3n de extremo a extremo<\/strong><br \/>\n<strong>Dadas nuestras amplias capacidades,<\/strong>\u00a0Somos ideales para aplicaciones en cerramientos, soportes y componentes arquitect\u00f3nicos.\u00a0<strong>Adem\u00e1s,<\/strong>\u00a0Nuestro modelo de servicio integrado garantiza consistencia y confiabilidad desde el prototipo hasta la producci\u00f3n final.<\/p>\n<p class=\"ds-markdown-paragraph\"><strong>\u00bfEst\u00e1s listo para darle vida a tu dise\u00f1o?<\/strong><br \/>\n<strong>Si tienes un proyecto en mente,<\/strong>\u00a0[Cont\u00e1ctenos para una consulta de proyecto gratuita] o [Solicite una cotizaci\u00f3n instant\u00e1nea]<\/p>","protected":false},"excerpt":{"rendered":"<p>Fabricaci\u00f3n de chapa met\u00e1lica de precisi\u00f3n, a la medida de su visi\u00f3n. En VanModel, conectamos sus conceptos con productos de chapa met\u00e1lica duraderos y de alta calidad. En concreto, nuestros procesos de fabricaci\u00f3n flexibles integran a la perfecci\u00f3n el estampado de moldes personalizados y el corte l\u00e1ser de precisi\u00f3n, garantizando que su proyecto, desde prototipos individuales hasta series de producci\u00f3n de gran volumen, se ejecute con una eficiencia y precisi\u00f3n excepcionales. Nuestro compromiso con la excelencia: Inigualable\u2026<\/p>","protected":false},"featured_media":2634,"template":"","meta":{"_kad_blocks_custom_css":"","_kad_blocks_head_custom_js":"","_kad_blocks_body_custom_js":"","_kad_blocks_footer_custom_js":"","_kadence_starter_templates_imported_post":false,"_kad_post_transparent":"default","_kad_post_title":"","_kad_post_layout":"default","_kad_post_sidebar_id":"","_kad_post_content_style":"default","_kad_post_vertical_padding":"default","_kad_post_feature":"","_kad_post_feature_position":"","_kad_post_header":false,"_kad_post_footer":false,"_kad_post_classname":""},"product_brand":[],"product_cat":[34],"product_tag":[50],"class_list":{"0":"post-2632","1":"product","2":"type-product","3":"status-publish","4":"has-post-thumbnail","6":"product_cat-sheet-metal-fabrication","7":"product_tag-custom-sheet-metal-fabrication-stamping-services","9":"first","10":"instock","11":"shipping-taxable","12":"product-type-simple","13":"entry","14":"content-bg","15":"loop-entry"},"yoast_head":"<!-- This site is optimized with the Yoast SEO Premium plugin v20.5 (Yoast SEO v27.4) - https:\/\/yoast.com\/product\/yoast-seo-premium-wordpress\/ -->\n<title>HDMI 7.1 Display Metal Bezel Enclosure - Vanmodel-sheet metal<\/title>\n<meta name=\"description\" content=\"Expert in sheet metal fabrication, custom stamping &amp; precision laser cutting. We use high-strength galvanized steel &amp; offer powder coating.\" \/>\n<meta name=\"robots\" content=\"index, follow, max-snippet:-1, max-image-preview:large, max-video-preview:-1\" \/>\n<link rel=\"canonical\" href=\"https:\/\/vanmodel-sheetmetal.com\/es\/producto\/hdmi-7-1-display-metal-bezel-enclosure\/\" \/>\n<meta property=\"og:locale\" content=\"es_ES\" \/>\n<meta property=\"og:type\" content=\"article\" \/>\n<meta property=\"og:title\" content=\"HDMI 7.1 Display Metal Bezel Enclosure\" \/>\n<meta property=\"og:description\" content=\"Expert in sheet metal fabrication, custom stamping &amp; precision laser cutting. We use high-strength galvanized steel &amp; offer powder coating.\" \/>\n<meta property=\"og:url\" content=\"https:\/\/vanmodel-sheetmetal.com\/es\/producto\/hdmi-7-1-display-metal-bezel-enclosure\/\" \/>\n<meta property=\"og:site_name\" content=\"Vanmodel-sheet metal\" \/>\n<meta property=\"article:modified_time\" content=\"2025-10-26T13:46:26+00:00\" \/>\n<meta property=\"og:image\" content=\"https:\/\/vanmodel-sheetmetal.com\/wp-content\/uploads\/2025\/07\/11-HDMI-7-.1-\u663e\u793a\u5c4f\u91d1\u5c5e\u6846\u5916\u58f32.png\" \/>\n\t<meta property=\"og:image:width\" content=\"800\" \/>\n\t<meta property=\"og:image:height\" content=\"800\" \/>\n\t<meta property=\"og:image:type\" content=\"image\/png\" \/>\n<meta name=\"twitter:card\" content=\"summary_large_image\" \/>\n<meta name=\"twitter:label1\" content=\"Tiempo de lectura\" \/>\n\t<meta name=\"twitter:data1\" content=\"2 minutos\" \/>\n<script type=\"application\/ld+json\" class=\"yoast-schema-graph\">{\"@context\":\"https:\\\/\\\/schema.org\",\"@graph\":[{\"@type\":\"WebPage\",\"@id\":\"https:\\\/\\\/vanmodel-sheetmetal.com\\\/product\\\/hdmi-7-1-display-metal-bezel-enclosure\\\/\",\"url\":\"https:\\\/\\\/vanmodel-sheetmetal.com\\\/product\\\/hdmi-7-1-display-metal-bezel-enclosure\\\/\",\"name\":\"HDMI 7.1 Display Metal Bezel Enclosure - Vanmodel-sheet metal\",\"isPartOf\":{\"@id\":\"https:\\\/\\\/vanmodel-sheetmetal.com\\\/#website\"},\"primaryImageOfPage\":{\"@id\":\"https:\\\/\\\/vanmodel-sheetmetal.com\\\/product\\\/hdmi-7-1-display-metal-bezel-enclosure\\\/#primaryimage\"},\"image\":{\"@id\":\"https:\\\/\\\/vanmodel-sheetmetal.com\\\/product\\\/hdmi-7-1-display-metal-bezel-enclosure\\\/#primaryimage\"},\"thumbnailUrl\":\"https:\\\/\\\/vanmodel-sheetmetal.com\\\/wp-content\\\/uploads\\\/2025\\\/07\\\/11-HDMI-7-.1-\u663e\u793a\u5c4f\u91d1\u5c5e\u6846\u5916\u58f32.png\",\"datePublished\":\"2025-07-05T10:49:34+00:00\",\"dateModified\":\"2025-10-26T13:46:26+00:00\",\"description\":\"Expert in sheet metal fabrication, custom stamping & precision laser cutting. We use high-strength galvanized steel & offer powder coating.\",\"breadcrumb\":{\"@id\":\"https:\\\/\\\/vanmodel-sheetmetal.com\\\/product\\\/hdmi-7-1-display-metal-bezel-enclosure\\\/#breadcrumb\"},\"inLanguage\":\"es\",\"potentialAction\":[{\"@type\":\"ReadAction\",\"target\":[\"https:\\\/\\\/vanmodel-sheetmetal.com\\\/product\\\/hdmi-7-1-display-metal-bezel-enclosure\\\/\"]}]},{\"@type\":\"ImageObject\",\"inLanguage\":\"es\",\"@id\":\"https:\\\/\\\/vanmodel-sheetmetal.com\\\/product\\\/hdmi-7-1-display-metal-bezel-enclosure\\\/#primaryimage\",\"url\":\"https:\\\/\\\/vanmodel-sheetmetal.com\\\/wp-content\\\/uploads\\\/2025\\\/07\\\/11-HDMI-7-.1-\u663e\u793a\u5c4f\u91d1\u5c5e\u6846\u5916\u58f32.png\",\"contentUrl\":\"https:\\\/\\\/vanmodel-sheetmetal.com\\\/wp-content\\\/uploads\\\/2025\\\/07\\\/11-HDMI-7-.1-\u663e\u793a\u5c4f\u91d1\u5c5e\u6846\u5916\u58f32.png\",\"width\":800,\"height\":800},{\"@type\":\"BreadcrumbList\",\"@id\":\"https:\\\/\\\/vanmodel-sheetmetal.com\\\/product\\\/hdmi-7-1-display-metal-bezel-enclosure\\\/#breadcrumb\",\"itemListElement\":[{\"@type\":\"ListItem\",\"position\":1,\"name\":\"Home\",\"item\":\"https:\\\/\\\/vanmodel-sheetmetal.com\\\/\"},{\"@type\":\"ListItem\",\"position\":2,\"name\":\"Product\",\"item\":\"https:\\\/\\\/vanmodel-sheetmetal.com\\\/es\\\/product\\\/\"},{\"@type\":\"ListItem\",\"position\":3,\"name\":\"HDMI 7.1 Display Metal Bezel Enclosure\"}]},{\"@type\":\"WebSite\",\"@id\":\"https:\\\/\\\/vanmodel-sheetmetal.com\\\/#website\",\"url\":\"https:\\\/\\\/vanmodel-sheetmetal.com\\\/\",\"name\":\"Vanmodel-sheet metal\",\"description\":\"Dongguan Vanmodel Precision metal Products Group\",\"publisher\":{\"@id\":\"https:\\\/\\\/vanmodel-sheetmetal.com\\\/#organization\"},\"potentialAction\":[{\"@type\":\"SearchAction\",\"target\":{\"@type\":\"EntryPoint\",\"urlTemplate\":\"https:\\\/\\\/vanmodel-sheetmetal.com\\\/?s={search_term_string}\"},\"query-input\":{\"@type\":\"PropertyValueSpecification\",\"valueRequired\":true,\"valueName\":\"search_term_string\"}}],\"inLanguage\":\"es\"},{\"@type\":\"Organization\",\"@id\":\"https:\\\/\\\/vanmodel-sheetmetal.com\\\/#organization\",\"name\":\"Vanmodel-sheet metal\",\"url\":\"https:\\\/\\\/vanmodel-sheetmetal.com\\\/\",\"logo\":{\"@type\":\"ImageObject\",\"inLanguage\":\"es\",\"@id\":\"https:\\\/\\\/vanmodel-sheetmetal.com\\\/#\\\/schema\\\/logo\\\/image\\\/\",\"url\":\"https:\\\/\\\/vanmodel-sheetmetal.com\\\/wp-content\\\/uploads\\\/2025\\\/06\\\/logo21.png\",\"contentUrl\":\"https:\\\/\\\/vanmodel-sheetmetal.com\\\/wp-content\\\/uploads\\\/2025\\\/06\\\/logo21.png\",\"width\":426,\"height\":220,\"caption\":\"Vanmodel-sheet metal\"},\"image\":{\"@id\":\"https:\\\/\\\/vanmodel-sheetmetal.com\\\/#\\\/schema\\\/logo\\\/image\\\/\"}}]}<\/script>\n<!-- \/ Yoast SEO Premium plugin. -->","yoast_head_json":{"title":"HDMI 7.1 Display Metal Bezel Enclosure - Vanmodel-sheet metal","description":"Expert in sheet metal fabrication, custom stamping & precision laser cutting. We use high-strength galvanized steel & offer powder coating.","robots":{"index":"index","follow":"follow","max-snippet":"max-snippet:-1","max-image-preview":"max-image-preview:large","max-video-preview":"max-video-preview:-1"},"canonical":"https:\/\/vanmodel-sheetmetal.com\/es\/producto\/hdmi-7-1-display-metal-bezel-enclosure\/","og_locale":"es_ES","og_type":"article","og_title":"HDMI 7.1 Display Metal Bezel Enclosure","og_description":"Expert in sheet metal fabrication, custom stamping & precision laser cutting. We use high-strength galvanized steel & offer powder coating.","og_url":"https:\/\/vanmodel-sheetmetal.com\/es\/producto\/hdmi-7-1-display-metal-bezel-enclosure\/","og_site_name":"Vanmodel-sheet metal","article_modified_time":"2025-10-26T13:46:26+00:00","og_image":[{"width":800,"height":800,"url":"https:\/\/vanmodel-sheetmetal.com\/wp-content\/uploads\/2025\/07\/11-HDMI-7-.1-\u663e\u793a\u5c4f\u91d1\u5c5e\u6846\u5916\u58f32.png","type":"image\/png"}],"twitter_card":"summary_large_image","twitter_misc":{"Tiempo de lectura":"2 minutos"},"schema":{"@context":"https:\/\/schema.org","@graph":[{"@type":"WebPage","@id":"https:\/\/vanmodel-sheetmetal.com\/product\/hdmi-7-1-display-metal-bezel-enclosure\/","url":"https:\/\/vanmodel-sheetmetal.com\/product\/hdmi-7-1-display-metal-bezel-enclosure\/","name":"HDMI 7.1 Display Metal Bezel Enclosure - Vanmodel-sheet metal","isPartOf":{"@id":"https:\/\/vanmodel-sheetmetal.com\/#website"},"primaryImageOfPage":{"@id":"https:\/\/vanmodel-sheetmetal.com\/product\/hdmi-7-1-display-metal-bezel-enclosure\/#primaryimage"},"image":{"@id":"https:\/\/vanmodel-sheetmetal.com\/product\/hdmi-7-1-display-metal-bezel-enclosure\/#primaryimage"},"thumbnailUrl":"https:\/\/vanmodel-sheetmetal.com\/wp-content\/uploads\/2025\/07\/11-HDMI-7-.1-\u663e\u793a\u5c4f\u91d1\u5c5e\u6846\u5916\u58f32.png","datePublished":"2025-07-05T10:49:34+00:00","dateModified":"2025-10-26T13:46:26+00:00","description":"Expert in sheet metal fabrication, custom stamping & precision laser cutting. We use high-strength galvanized steel & offer powder coating.","breadcrumb":{"@id":"https:\/\/vanmodel-sheetmetal.com\/product\/hdmi-7-1-display-metal-bezel-enclosure\/#breadcrumb"},"inLanguage":"es","potentialAction":[{"@type":"ReadAction","target":["https:\/\/vanmodel-sheetmetal.com\/product\/hdmi-7-1-display-metal-bezel-enclosure\/"]}]},{"@type":"ImageObject","inLanguage":"es","@id":"https:\/\/vanmodel-sheetmetal.com\/product\/hdmi-7-1-display-metal-bezel-enclosure\/#primaryimage","url":"https:\/\/vanmodel-sheetmetal.com\/wp-content\/uploads\/2025\/07\/11-HDMI-7-.1-\u663e\u793a\u5c4f\u91d1\u5c5e\u6846\u5916\u58f32.png","contentUrl":"https:\/\/vanmodel-sheetmetal.com\/wp-content\/uploads\/2025\/07\/11-HDMI-7-.1-\u663e\u793a\u5c4f\u91d1\u5c5e\u6846\u5916\u58f32.png","width":800,"height":800},{"@type":"BreadcrumbList","@id":"https:\/\/vanmodel-sheetmetal.com\/product\/hdmi-7-1-display-metal-bezel-enclosure\/#breadcrumb","itemListElement":[{"@type":"ListItem","position":1,"name":"Home","item":"https:\/\/vanmodel-sheetmetal.com\/"},{"@type":"ListItem","position":2,"name":"Product","item":"https:\/\/vanmodel-sheetmetal.com\/es\/product\/"},{"@type":"ListItem","position":3,"name":"HDMI 7.1 Display Metal Bezel Enclosure"}]},{"@type":"WebSite","@id":"https:\/\/vanmodel-sheetmetal.com\/#website","url":"https:\/\/vanmodel-sheetmetal.com\/","name":"Vanmodel-sheet metal","description":"Dongguan Vanmodel Precision metal Products Group","publisher":{"@id":"https:\/\/vanmodel-sheetmetal.com\/#organization"},"potentialAction":[{"@type":"SearchAction","target":{"@type":"EntryPoint","urlTemplate":"https:\/\/vanmodel-sheetmetal.com\/?s={search_term_string}"},"query-input":{"@type":"PropertyValueSpecification","valueRequired":true,"valueName":"search_term_string"}}],"inLanguage":"es"},{"@type":"Organization","@id":"https:\/\/vanmodel-sheetmetal.com\/#organization","name":"Vanmodel-sheet metal","url":"https:\/\/vanmodel-sheetmetal.com\/","logo":{"@type":"ImageObject","inLanguage":"es","@id":"https:\/\/vanmodel-sheetmetal.com\/#\/schema\/logo\/image\/","url":"https:\/\/vanmodel-sheetmetal.com\/wp-content\/uploads\/2025\/06\/logo21.png","contentUrl":"https:\/\/vanmodel-sheetmetal.com\/wp-content\/uploads\/2025\/06\/logo21.png","width":426,"height":220,"caption":"Vanmodel-sheet metal"},"image":{"@id":"https:\/\/vanmodel-sheetmetal.com\/#\/schema\/logo\/image\/"}}]}},"taxonomy_info":{"product_cat":[{"value":34,"label":"Sheet Metal Fabrication"}],"product_tag":[{"value":50,"label":"Custom Sheet Metal Fabrication &amp; Stamping Services"}]},"featured_image_src_large":["https:\/\/vanmodel-sheetmetal.com\/wp-content\/uploads\/2025\/07\/11-HDMI-7-.1-\u663e\u793a\u5c4f\u91d1\u5c5e\u6846\u5916\u58f32.png",800,800,false],"author_info":[],"comment_info":"","_links":{"self":[{"href":"https:\/\/vanmodel-sheetmetal.com\/es\/wp-json\/wp\/v2\/product\/2632","targetHints":{"allow":["GET"]}}],"collection":[{"href":"https:\/\/vanmodel-sheetmetal.com\/es\/wp-json\/wp\/v2\/product"}],"about":[{"href":"https:\/\/vanmodel-sheetmetal.com\/es\/wp-json\/wp\/v2\/types\/product"}],"wp:featuredmedia":[{"embeddable":true,"href":"https:\/\/vanmodel-sheetmetal.com\/es\/wp-json\/wp\/v2\/media\/2634"}],"wp:attachment":[{"href":"https:\/\/vanmodel-sheetmetal.com\/es\/wp-json\/wp\/v2\/media?parent=2632"}],"wp:term":[{"taxonomy":"product_brand","embeddable":true,"href":"https:\/\/vanmodel-sheetmetal.com\/es\/wp-json\/wp\/v2\/product_brand?post=2632"},{"taxonomy":"product_cat","embeddable":true,"href":"https:\/\/vanmodel-sheetmetal.com\/es\/wp-json\/wp\/v2\/product_cat?post=2632"},{"taxonomy":"product_tag","embeddable":true,"href":"https:\/\/vanmodel-sheetmetal.com\/es\/wp-json\/wp\/v2\/product_tag?post=2632"}],"curies":[{"name":"wp","href":"https:\/\/api.w.org\/{rel}","templated":true}]}}