{"id":2653,"date":"2025-07-06T04:28:58","date_gmt":"2025-07-06T04:28:58","guid":{"rendered":"https:\/\/vanmodel-sheetmetal.com\/?post_type=product&#038;p=2653"},"modified":"2025-10-26T15:39:19","modified_gmt":"2025-10-26T15:39:19","slug":"what-is-a-precision-metal-mold","status":"publish","type":"product","link":"https:\/\/vanmodel-sheetmetal.com\/es\/producto\/what-is-a-precision-metal-mold\/","title":{"rendered":"Matrices de estampaci\u00f3n de metal de precisi\u00f3n"},"content":{"rendered":"<p class=\"ds-markdown-paragraph\"><strong>Moldes met\u00e1licos de precisi\u00f3n: dise\u00f1ados para la excelencia en la producci\u00f3n de alto volumen<\/strong><\/p>\n<p class=\"ds-markdown-paragraph\">En el coraz\u00f3n de cada componente fabricado impecablemente se encuentra un molde de metal de precisi\u00f3n elaborado con maestr\u00eda.\u00a0<strong>En efecto,<\/strong>\u00a0M\u00e1s que una simple herramienta, sirve como piedra angular de su l\u00ednea de producci\u00f3n, determinando directamente la calidad del producto final, la eficiencia de fabricaci\u00f3n y el costo por pieza.\u00a0<strong>Respectivamente,<\/strong>\u00a0VanModel se especializa en el dise\u00f1o y la construcci\u00f3n de estos moldes de alto rendimiento: los motores confiables que impulsan su producci\u00f3n en masa,\u00a0<strong>all\u00e1<\/strong>\u00a0garantizando que cada pieza, desde la primera hasta la millon\u00e9sima, cumpla con las especificaciones exactas con una consistencia inigualable.<\/p>\n<p class=\"ds-markdown-paragraph\"><strong>\u00bfPor qu\u00e9 asociarse con VanModel para sus moldes de precisi\u00f3n?<\/strong><\/p>\n<p class=\"ds-markdown-paragraph\"><strong>Precisi\u00f3n y repetibilidad sin concesiones<\/strong><br \/>\nDise\u00f1amos moldes que mantienen tolerancias excepcionalmente estrictas, logrando niveles de precisi\u00f3n tan finos como \u00b10,005 mm.\u00a0<strong>Como consecuencia,<\/strong>\u00a0Esto elimina la variaci\u00f3n de una pieza a otra,\u00a0<strong>cual es<\/strong>\u00a0particularmente cr\u00edtico para conjuntos complejos en industrias exigentes como la aeroespacial, los dispositivos m\u00e9dicos y la ingenier\u00eda automotriz.<\/p>\n<p class=\"ds-markdown-paragraph\"><strong>Durabilidad y longevidad superiores<\/strong><br \/>\n<strong>Desde<\/strong>\u00a0Nuestros moldes est\u00e1n construidos con aceros para herramientas endurecidos de primera calidad y sujetos a procesos de tratamiento t\u00e9rmico avanzados; soportan presiones extremas y desgaste abrasivo a lo largo de millones de ciclos de gran volumen.\u00a0<strong>Como resultado,<\/strong>\u00a0Esto conduce a una vida \u00fatil considerablemente m\u00e1s larga,\u00a0<strong>as\u00ed<\/strong>\u00a0minimizando el tiempo de inactividad de la producci\u00f3n y reduciendo el costo de herramientas a largo plazo.<\/p>\n<p class=\"ds-markdown-paragraph\"><strong>Optimizado para m\u00e1xima eficiencia de producci\u00f3n<\/strong><br \/>\nNuestra experiencia radica en el dise\u00f1o de moldes avanzados para procesos como estampaci\u00f3n, fundici\u00f3n a presi\u00f3n y moldeo por inyecci\u00f3n que est\u00e1n optimizados para el rendimiento.\u00a0<strong>Por ejemplo,<\/strong>\u00a0Las caracter\u00edsticas inteligentes como los dise\u00f1os de m\u00faltiples cavidades y las acciones progresivas reducen significativamente los tiempos de ciclo,\u00a0<strong>de este modo<\/strong>\u00a0acelerando su producci\u00f3n general y el tiempo de comercializaci\u00f3n.<\/p>\n<p class=\"ds-markdown-paragraph\"><strong>Una asociaci\u00f3n integral de ingenier\u00eda<\/strong><br \/>\n<strong>Adem\u00e1s,<\/strong>\u00a0Ofrecemos m\u00e1s que un simple molde; entregamos una soluci\u00f3n de fabricaci\u00f3n completa.\u00a0<strong>Espec\u00edficamente,<\/strong>\u00a0Nuestro equipo ofrece un an\u00e1lisis experto de Dise\u00f1o para Fabricabilidad (DFM) desde el principio, colaborando con usted para optimizar el dise\u00f1o de la pieza para el proceso de moldeo.\u00a0<strong>Por lo tanto,<\/strong>\u00a0Esto garantiza una fabricaci\u00f3n perfecta, mejora el rendimiento del producto final y evita problemas costosos en el futuro.<\/p>\n<p class=\"ds-markdown-paragraph\"><strong>Nuestras capacidades de un vistazo:<\/strong><\/p>\n<ul>\n<li>\n<p class=\"ds-markdown-paragraph\"><strong>Procesos:<\/strong>\u00a0Moldes de estampaci\u00f3n de precisi\u00f3n, moldes de fundici\u00f3n a presi\u00f3n, moldes de inyecci\u00f3n<\/p>\n<\/li>\n<li>\n<p class=\"ds-markdown-paragraph\"><strong>Industrias atendidas:<\/strong>\u00a0Automotriz, aeroespacial, dispositivos m\u00e9dicos, electr\u00f3nica de consumo<\/p>\n<\/li>\n<li>\n<p class=\"ds-markdown-paragraph\"><strong>Diferenciador clave:<\/strong>\u00a0Soporte DFM integrado y un compromiso de convertirse en un socio de ingenier\u00eda a largo plazo<\/p>\n<\/li>\n<\/ul>\n<p class=\"ds-markdown-paragraph\"><strong>\u00bfEst\u00e1 listo para impulsar su producci\u00f3n con precisi\u00f3n?<\/strong><br \/>\n<strong>Por lo tanto,<\/strong>\u00a0Si est\u00e1 buscando moldes dise\u00f1ados no solo para la precisi\u00f3n, sino tambi\u00e9n para el rendimiento y la asociaci\u00f3n, comun\u00edquese con VanModel hoy para analizar su proyecto.<\/p>\n<p class=\"ds-markdown-paragraph\">[Solicita una consulta gratuita de DFM] | [Obt\u00e9n un presupuesto personalizado]<\/p>","protected":false},"excerpt":{"rendered":"<p>Moldes Met\u00e1licos de Precisi\u00f3n: Dise\u00f1ados para la Excelencia en la Producci\u00f3n de Alto Volumen. En el coraz\u00f3n de cada componente fabricado impecablemente se encuentra un molde met\u00e1lico de precisi\u00f3n, elaborado con maestr\u00eda. De hecho, m\u00e1s que una simple herramienta, es la piedra angular de su l\u00ednea de producci\u00f3n, determinando directamente la calidad del producto final, la eficiencia de fabricaci\u00f3n y el costo por pieza. Por ello, VanModel se especializa en el dise\u00f1o y la fabricaci\u00f3n de estos moldes de alto rendimiento:\u2026<\/p>","protected":false},"featured_media":2658,"template":"","meta":{"_kad_blocks_custom_css":"","_kad_blocks_head_custom_js":"","_kad_blocks_body_custom_js":"","_kad_blocks_footer_custom_js":"","_kadence_starter_templates_imported_post":false,"_kad_post_transparent":"default","_kad_post_title":"","_kad_post_layout":"default","_kad_post_sidebar_id":"","_kad_post_content_style":"default","_kad_post_vertical_padding":"default","_kad_post_feature":"","_kad_post_feature_position":"","_kad_post_header":false,"_kad_post_footer":false,"_kad_post_classname":""},"product_brand":[],"product_cat":[37],"product_tag":[49],"class_list":{"0":"post-2653","1":"product","2":"type-product","3":"status-publish","4":"has-post-thumbnail","6":"product_cat-precision-metal-mold","7":"product_tag-precision-metal-stamping-dies-manufacturer-custom-progressive-dies","9":"first","10":"instock","11":"shipping-taxable","12":"product-type-simple","13":"entry","14":"content-bg","15":"loop-entry"},"yoast_head":"<!-- This site is optimized with the Yoast SEO Premium plugin v20.5 (Yoast SEO v27.4) - https:\/\/yoast.com\/product\/yoast-seo-premium-wordpress\/ -->\n<title>Precision Metal Stamping Dies - Vanmodel-sheet metal<\/title>\n<meta name=\"description\" content=\"VanModel engineers custom precision stamping dies for automotive, medical &amp; electronics industries. Achieve \u00b10.005mm tolerance &amp; extended die life.\" \/>\n<meta name=\"robots\" content=\"index, follow, max-snippet:-1, max-image-preview:large, max-video-preview:-1\" \/>\n<link rel=\"canonical\" href=\"https:\/\/vanmodel-sheetmetal.com\/es\/producto\/what-is-a-precision-metal-mold\/\" \/>\n<meta property=\"og:locale\" content=\"es_ES\" \/>\n<meta property=\"og:type\" content=\"article\" \/>\n<meta property=\"og:title\" content=\"Precision Metal Stamping Dies\" \/>\n<meta property=\"og:description\" content=\"VanModel engineers custom precision stamping dies for automotive, medical &amp; electronics industries. Achieve \u00b10.005mm tolerance &amp; extended die life.\" \/>\n<meta property=\"og:url\" content=\"https:\/\/vanmodel-sheetmetal.com\/es\/producto\/what-is-a-precision-metal-mold\/\" \/>\n<meta property=\"og:site_name\" content=\"Vanmodel-sheet metal\" \/>\n<meta property=\"article:modified_time\" content=\"2025-10-26T15:39:19+00:00\" \/>\n<meta property=\"og:image\" content=\"https:\/\/vanmodel-sheetmetal.com\/wp-content\/uploads\/2025\/07\/Sheet-Metal-Fabrication-2.png\" \/>\n\t<meta property=\"og:image:width\" content=\"800\" \/>\n\t<meta property=\"og:image:height\" content=\"800\" \/>\n\t<meta property=\"og:image:type\" content=\"image\/png\" \/>\n<meta name=\"twitter:card\" content=\"summary_large_image\" \/>\n<meta name=\"twitter:label1\" content=\"Tiempo de lectura\" \/>\n\t<meta name=\"twitter:data1\" content=\"2 minutos\" \/>\n<script type=\"application\/ld+json\" class=\"yoast-schema-graph\">{\"@context\":\"https:\\\/\\\/schema.org\",\"@graph\":[{\"@type\":\"WebPage\",\"@id\":\"https:\\\/\\\/vanmodel-sheetmetal.com\\\/product\\\/what-is-a-precision-metal-mold\\\/\",\"url\":\"https:\\\/\\\/vanmodel-sheetmetal.com\\\/product\\\/what-is-a-precision-metal-mold\\\/\",\"name\":\"Precision Metal Stamping Dies - Vanmodel-sheet metal\",\"isPartOf\":{\"@id\":\"https:\\\/\\\/vanmodel-sheetmetal.com\\\/#website\"},\"primaryImageOfPage\":{\"@id\":\"https:\\\/\\\/vanmodel-sheetmetal.com\\\/product\\\/what-is-a-precision-metal-mold\\\/#primaryimage\"},\"image\":{\"@id\":\"https:\\\/\\\/vanmodel-sheetmetal.com\\\/product\\\/what-is-a-precision-metal-mold\\\/#primaryimage\"},\"thumbnailUrl\":\"https:\\\/\\\/vanmodel-sheetmetal.com\\\/wp-content\\\/uploads\\\/2025\\\/07\\\/Sheet-Metal-Fabrication-2.png\",\"datePublished\":\"2025-07-06T04:28:58+00:00\",\"dateModified\":\"2025-10-26T15:39:19+00:00\",\"description\":\"VanModel engineers custom precision stamping dies for automotive, medical & electronics industries. Achieve \u00b10.005mm tolerance & extended die life.\",\"breadcrumb\":{\"@id\":\"https:\\\/\\\/vanmodel-sheetmetal.com\\\/product\\\/what-is-a-precision-metal-mold\\\/#breadcrumb\"},\"inLanguage\":\"es\",\"potentialAction\":[{\"@type\":\"ReadAction\",\"target\":[\"https:\\\/\\\/vanmodel-sheetmetal.com\\\/product\\\/what-is-a-precision-metal-mold\\\/\"]}]},{\"@type\":\"ImageObject\",\"inLanguage\":\"es\",\"@id\":\"https:\\\/\\\/vanmodel-sheetmetal.com\\\/product\\\/what-is-a-precision-metal-mold\\\/#primaryimage\",\"url\":\"https:\\\/\\\/vanmodel-sheetmetal.com\\\/wp-content\\\/uploads\\\/2025\\\/07\\\/Sheet-Metal-Fabrication-2.png\",\"contentUrl\":\"https:\\\/\\\/vanmodel-sheetmetal.com\\\/wp-content\\\/uploads\\\/2025\\\/07\\\/Sheet-Metal-Fabrication-2.png\",\"width\":800,\"height\":800},{\"@type\":\"BreadcrumbList\",\"@id\":\"https:\\\/\\\/vanmodel-sheetmetal.com\\\/product\\\/what-is-a-precision-metal-mold\\\/#breadcrumb\",\"itemListElement\":[{\"@type\":\"ListItem\",\"position\":1,\"name\":\"Home\",\"item\":\"https:\\\/\\\/vanmodel-sheetmetal.com\\\/\"},{\"@type\":\"ListItem\",\"position\":2,\"name\":\"Product\",\"item\":\"https:\\\/\\\/vanmodel-sheetmetal.com\\\/es\\\/product\\\/\"},{\"@type\":\"ListItem\",\"position\":3,\"name\":\"Precision Metal Stamping Dies\"}]},{\"@type\":\"WebSite\",\"@id\":\"https:\\\/\\\/vanmodel-sheetmetal.com\\\/#website\",\"url\":\"https:\\\/\\\/vanmodel-sheetmetal.com\\\/\",\"name\":\"Vanmodel-sheet metal\",\"description\":\"Dongguan Vanmodel Precision metal Products Group\",\"publisher\":{\"@id\":\"https:\\\/\\\/vanmodel-sheetmetal.com\\\/#organization\"},\"potentialAction\":[{\"@type\":\"SearchAction\",\"target\":{\"@type\":\"EntryPoint\",\"urlTemplate\":\"https:\\\/\\\/vanmodel-sheetmetal.com\\\/?s={search_term_string}\"},\"query-input\":{\"@type\":\"PropertyValueSpecification\",\"valueRequired\":true,\"valueName\":\"search_term_string\"}}],\"inLanguage\":\"es\"},{\"@type\":\"Organization\",\"@id\":\"https:\\\/\\\/vanmodel-sheetmetal.com\\\/#organization\",\"name\":\"Vanmodel-sheet metal\",\"url\":\"https:\\\/\\\/vanmodel-sheetmetal.com\\\/\",\"logo\":{\"@type\":\"ImageObject\",\"inLanguage\":\"es\",\"@id\":\"https:\\\/\\\/vanmodel-sheetmetal.com\\\/#\\\/schema\\\/logo\\\/image\\\/\",\"url\":\"https:\\\/\\\/vanmodel-sheetmetal.com\\\/wp-content\\\/uploads\\\/2025\\\/06\\\/logo21.png\",\"contentUrl\":\"https:\\\/\\\/vanmodel-sheetmetal.com\\\/wp-content\\\/uploads\\\/2025\\\/06\\\/logo21.png\",\"width\":426,\"height\":220,\"caption\":\"Vanmodel-sheet metal\"},\"image\":{\"@id\":\"https:\\\/\\\/vanmodel-sheetmetal.com\\\/#\\\/schema\\\/logo\\\/image\\\/\"}}]}<\/script>\n<!-- \/ Yoast SEO Premium plugin. -->","yoast_head_json":{"title":"Precision Metal Stamping Dies - Vanmodel-sheet metal","description":"VanModel engineers custom precision stamping dies for automotive, medical & electronics industries. Achieve \u00b10.005mm tolerance & extended die life.","robots":{"index":"index","follow":"follow","max-snippet":"max-snippet:-1","max-image-preview":"max-image-preview:large","max-video-preview":"max-video-preview:-1"},"canonical":"https:\/\/vanmodel-sheetmetal.com\/es\/producto\/what-is-a-precision-metal-mold\/","og_locale":"es_ES","og_type":"article","og_title":"Precision Metal Stamping Dies","og_description":"VanModel engineers custom precision stamping dies for automotive, medical & electronics industries. Achieve \u00b10.005mm tolerance & extended die life.","og_url":"https:\/\/vanmodel-sheetmetal.com\/es\/producto\/what-is-a-precision-metal-mold\/","og_site_name":"Vanmodel-sheet metal","article_modified_time":"2025-10-26T15:39:19+00:00","og_image":[{"width":800,"height":800,"url":"https:\/\/vanmodel-sheetmetal.com\/wp-content\/uploads\/2025\/07\/Sheet-Metal-Fabrication-2.png","type":"image\/png"}],"twitter_card":"summary_large_image","twitter_misc":{"Tiempo de lectura":"2 minutos"},"schema":{"@context":"https:\/\/schema.org","@graph":[{"@type":"WebPage","@id":"https:\/\/vanmodel-sheetmetal.com\/product\/what-is-a-precision-metal-mold\/","url":"https:\/\/vanmodel-sheetmetal.com\/product\/what-is-a-precision-metal-mold\/","name":"Precision Metal Stamping Dies - Vanmodel-sheet metal","isPartOf":{"@id":"https:\/\/vanmodel-sheetmetal.com\/#website"},"primaryImageOfPage":{"@id":"https:\/\/vanmodel-sheetmetal.com\/product\/what-is-a-precision-metal-mold\/#primaryimage"},"image":{"@id":"https:\/\/vanmodel-sheetmetal.com\/product\/what-is-a-precision-metal-mold\/#primaryimage"},"thumbnailUrl":"https:\/\/vanmodel-sheetmetal.com\/wp-content\/uploads\/2025\/07\/Sheet-Metal-Fabrication-2.png","datePublished":"2025-07-06T04:28:58+00:00","dateModified":"2025-10-26T15:39:19+00:00","description":"VanModel engineers custom precision stamping dies for automotive, medical & electronics industries. Achieve \u00b10.005mm tolerance & extended die life.","breadcrumb":{"@id":"https:\/\/vanmodel-sheetmetal.com\/product\/what-is-a-precision-metal-mold\/#breadcrumb"},"inLanguage":"es","potentialAction":[{"@type":"ReadAction","target":["https:\/\/vanmodel-sheetmetal.com\/product\/what-is-a-precision-metal-mold\/"]}]},{"@type":"ImageObject","inLanguage":"es","@id":"https:\/\/vanmodel-sheetmetal.com\/product\/what-is-a-precision-metal-mold\/#primaryimage","url":"https:\/\/vanmodel-sheetmetal.com\/wp-content\/uploads\/2025\/07\/Sheet-Metal-Fabrication-2.png","contentUrl":"https:\/\/vanmodel-sheetmetal.com\/wp-content\/uploads\/2025\/07\/Sheet-Metal-Fabrication-2.png","width":800,"height":800},{"@type":"BreadcrumbList","@id":"https:\/\/vanmodel-sheetmetal.com\/product\/what-is-a-precision-metal-mold\/#breadcrumb","itemListElement":[{"@type":"ListItem","position":1,"name":"Home","item":"https:\/\/vanmodel-sheetmetal.com\/"},{"@type":"ListItem","position":2,"name":"Product","item":"https:\/\/vanmodel-sheetmetal.com\/es\/product\/"},{"@type":"ListItem","position":3,"name":"Precision Metal Stamping Dies"}]},{"@type":"WebSite","@id":"https:\/\/vanmodel-sheetmetal.com\/#website","url":"https:\/\/vanmodel-sheetmetal.com\/","name":"Vanmodel-sheet metal","description":"Dongguan Vanmodel Precision metal Products Group","publisher":{"@id":"https:\/\/vanmodel-sheetmetal.com\/#organization"},"potentialAction":[{"@type":"SearchAction","target":{"@type":"EntryPoint","urlTemplate":"https:\/\/vanmodel-sheetmetal.com\/?s={search_term_string}"},"query-input":{"@type":"PropertyValueSpecification","valueRequired":true,"valueName":"search_term_string"}}],"inLanguage":"es"},{"@type":"Organization","@id":"https:\/\/vanmodel-sheetmetal.com\/#organization","name":"Vanmodel-sheet metal","url":"https:\/\/vanmodel-sheetmetal.com\/","logo":{"@type":"ImageObject","inLanguage":"es","@id":"https:\/\/vanmodel-sheetmetal.com\/#\/schema\/logo\/image\/","url":"https:\/\/vanmodel-sheetmetal.com\/wp-content\/uploads\/2025\/06\/logo21.png","contentUrl":"https:\/\/vanmodel-sheetmetal.com\/wp-content\/uploads\/2025\/06\/logo21.png","width":426,"height":220,"caption":"Vanmodel-sheet metal"},"image":{"@id":"https:\/\/vanmodel-sheetmetal.com\/#\/schema\/logo\/image\/"}}]}},"taxonomy_info":{"product_cat":[{"value":37,"label":"Precision Metal Mold"}],"product_tag":[{"value":49,"label":"Precision Metal Stamping Dies Manufacturer - Custom Progressive Dies"}]},"featured_image_src_large":["https:\/\/vanmodel-sheetmetal.com\/wp-content\/uploads\/2025\/07\/Sheet-Metal-Fabrication-2.png",800,800,false],"author_info":[],"comment_info":"","_links":{"self":[{"href":"https:\/\/vanmodel-sheetmetal.com\/es\/wp-json\/wp\/v2\/product\/2653","targetHints":{"allow":["GET"]}}],"collection":[{"href":"https:\/\/vanmodel-sheetmetal.com\/es\/wp-json\/wp\/v2\/product"}],"about":[{"href":"https:\/\/vanmodel-sheetmetal.com\/es\/wp-json\/wp\/v2\/types\/product"}],"wp:featuredmedia":[{"embeddable":true,"href":"https:\/\/vanmodel-sheetmetal.com\/es\/wp-json\/wp\/v2\/media\/2658"}],"wp:attachment":[{"href":"https:\/\/vanmodel-sheetmetal.com\/es\/wp-json\/wp\/v2\/media?parent=2653"}],"wp:term":[{"taxonomy":"product_brand","embeddable":true,"href":"https:\/\/vanmodel-sheetmetal.com\/es\/wp-json\/wp\/v2\/product_brand?post=2653"},{"taxonomy":"product_cat","embeddable":true,"href":"https:\/\/vanmodel-sheetmetal.com\/es\/wp-json\/wp\/v2\/product_cat?post=2653"},{"taxonomy":"product_tag","embeddable":true,"href":"https:\/\/vanmodel-sheetmetal.com\/es\/wp-json\/wp\/v2\/product_tag?post=2653"}],"curies":[{"name":"wp","href":"https:\/\/api.w.org\/{rel}","templated":true}]}}