{"id":2409,"date":"2023-07-02T07:37:10","date_gmt":"2023-07-02T07:37:10","guid":{"rendered":"http:\/\/gzt.drm.mybluehost.me\/?post_type=product&#038;p=2409"},"modified":"2025-10-26T15:36:29","modified_gmt":"2025-10-26T15:36:29","slug":"deep-drawing","status":"publish","type":"product","link":"https:\/\/vanmodel-sheetmetal.com\/fr\/produit\/deep-drawing\/","title":{"rendered":"Emboutissage profond"},"content":{"rendered":"<p class=\"ds-markdown-paragraph\"><strong>Services d&#039;emboutissage profond de pr\u00e9cision pour composants m\u00e9talliques complexes<\/strong><\/p>\n<p class=\"ds-markdown-paragraph\">L&#039;emboutissage profond est un proc\u00e9d\u00e9 de formage de t\u00f4le avanc\u00e9 o\u00f9 une \u00e9bauche m\u00e9tallique est \u00e9tir\u00e9e radialement dans une matrice gr\u00e2ce \u00e0 l&#039;action m\u00e9canique pr\u00e9cise d&#039;un poin\u00e7on. Cette technique sophistiqu\u00e9e de transformation de forme pr\u00e9serve l&#039;int\u00e9grit\u00e9 du mat\u00e9riau tout en cr\u00e9ant des pi\u00e8ces profondes et sans joint apparent. Le proc\u00e9d\u00e9 est qualifi\u00e9 d&#039;\u00ab emboutissage profond \u00bb lorsque la profondeur de la pi\u00e8ce d\u00e9passe son diam\u00e8tre, ce qui le rend id\u00e9al pour la production de g\u00e9om\u00e9tries tridimensionnelles complexes.<\/p>\n<p class=\"ds-markdown-paragraph\"><strong>Principaux avantages du processus\u00a0:<\/strong><\/p>\n<ul>\n<li>\n<p class=\"ds-markdown-paragraph\"><strong>Construction sans joint<\/strong>\u00a0\u2013 Cr\u00e9er des composants creux complexes sans joints ni soudures<\/p>\n<\/li>\n<li>\n<p class=\"ds-markdown-paragraph\"><strong>Efficacit\u00e9 mat\u00e9rielle<\/strong>\u00a0\u2013 Optimiser l\u2019utilisation des mat\u00e9riaux en minimisant les d\u00e9chets<\/p>\n<\/li>\n<li>\n<p class=\"ds-markdown-paragraph\"><strong>Int\u00e9grit\u00e9 structurelle<\/strong>\u00a0\u2013 Maintenir une \u00e9paisseur de paroi et une r\u00e9sistance du mat\u00e9riau constantes<\/p>\n<\/li>\n<li>\n<p class=\"ds-markdown-paragraph\"><strong>Volume de production \u00e9lev\u00e9<\/strong>\u00a0\u2013 Id\u00e9al pour la production en s\u00e9rie avec une qualit\u00e9 constante<\/p>\n<\/li>\n<li>\n<p class=\"ds-markdown-paragraph\"><strong>Polyvalence de conception<\/strong>\u00a0\u2013 Produire des g\u00e9om\u00e9tries complexes \u00e0 partir d&#039;\u00e9bauches simples<\/p>\n<\/li>\n<\/ul>\n<p class=\"ds-markdown-paragraph\"><strong>Nos capacit\u00e9s d&#039;emboutissage profond\u00a0:<\/strong><\/p>\n<ul>\n<li>\n<p class=\"ds-markdown-paragraph\">Proc\u00e9d\u00e9s d&#039;emboutissage profond en plusieurs \u00e9tapes<\/p>\n<\/li>\n<li>\n<p class=\"ds-markdown-paragraph\">Conception d&#039;outillage et de matrices sur mesure<\/p>\n<\/li>\n<li>\n<p class=\"ds-markdown-paragraph\">Capacit\u00e9s et configurations de presses vari\u00e9es<\/p>\n<\/li>\n<li>\n<p class=\"ds-markdown-paragraph\">Int\u00e9gration des op\u00e9rations secondaires<\/p>\n<\/li>\n<li>\n<p class=\"ds-markdown-paragraph\">Contr\u00f4le pr\u00e9cis du rapport diam\u00e8tre\/profondeur<\/p>\n<\/li>\n<\/ul>\n<p class=\"ds-markdown-paragraph\"><strong>Expertise en mat\u00e9riaux :<\/strong><\/p>\n<ul>\n<li>\n<p class=\"ds-markdown-paragraph\">Aciers inoxydables et aciers au carbone<\/p>\n<\/li>\n<li>\n<p class=\"ds-markdown-paragraph\">Alliages d&#039;aluminium et de cuivre<\/p>\n<\/li>\n<li>\n<p class=\"ds-markdown-paragraph\">M\u00e9taux sp\u00e9ciaux et mat\u00e9riaux rev\u00eatus<\/p>\n<\/li>\n<\/ul>\n<p class=\"ds-markdown-paragraph\"><strong>Assurance qualit\u00e9:<\/strong><br \/>\nChaque composant embouti est soumis \u00e0 un contr\u00f4le rigoureux de sa pr\u00e9cision dimensionnelle, de la qualit\u00e9 de sa surface et de son int\u00e9grit\u00e9 structurelle, garantissant ainsi sa conformit\u00e9 aux normes internationales et aux sp\u00e9cifications du client.<\/p>\n<p class=\"ds-markdown-paragraph\"><strong>Applications industrielles\u00a0:<\/strong><\/p>\n<ul>\n<li>\n<p class=\"ds-markdown-paragraph\">Composants automobiles et syst\u00e8mes d&#039;alimentation en carburant<\/p>\n<\/li>\n<li>\n<p class=\"ds-markdown-paragraph\">Pi\u00e8ces a\u00e9rospatiales et de d\u00e9fense<\/p>\n<\/li>\n<li>\n<p class=\"ds-markdown-paragraph\">bo\u00eetiers pour dispositifs m\u00e9dicaux<\/p>\n<\/li>\n<li>\n<p class=\"ds-markdown-paragraph\">Bo\u00eetiers et blindages \u00e9lectroniques<\/p>\n<\/li>\n<li>\n<p class=\"ds-markdown-paragraph\">conteneurs et bo\u00eetiers industriels<\/p>\n<\/li>\n<li>\n<p class=\"ds-markdown-paragraph\">Composants de produits de consommation<\/p>\n<\/li>\n<\/ul>\n<p class=\"ds-markdown-paragraph\"><strong>Services d&#039;assistance technique\u00a0:<\/strong><\/p>\n<ul>\n<li>\n<p class=\"ds-markdown-paragraph\">Analyse de conception en vue de la fabrication<\/p>\n<\/li>\n<li>\n<p class=\"ds-markdown-paragraph\">D\u00e9veloppement et essais de prototypes<\/p>\n<\/li>\n<li>\n<p class=\"ds-markdown-paragraph\">Optimisation de la production<\/p>\n<\/li>\n<li>\n<p class=\"ds-markdown-paragraph\">Solutions d&#039;ing\u00e9nierie sur mesure<\/p>\n<\/li>\n<\/ul>\n<p class=\"ds-markdown-paragraph\">[Demander une consultation technique] ou [Obtenir un devis d\u00e9taill\u00e9]<\/p>","protected":false},"excerpt":{"rendered":"<p>Services d&#039;emboutissage profond de pr\u00e9cision pour composants m\u00e9talliques complexes. L&#039;emboutissage profond est un proc\u00e9d\u00e9 de formage de t\u00f4le avanc\u00e9 o\u00f9 une \u00e9bauche m\u00e9tallique est \u00e9tir\u00e9e radialement dans une matrice gr\u00e2ce \u00e0 l&#039;action m\u00e9canique pr\u00e9cise d&#039;un poin\u00e7on. Cette technique sophistiqu\u00e9e de transformation de forme pr\u00e9serve l&#039;int\u00e9grit\u00e9 du mat\u00e9riau tout en cr\u00e9ant des composants profonds et sans joint. Ce proc\u00e9d\u00e9 est qualifi\u00e9 d&#039;\u00ab emboutissage profond \u00bb.<\/p>","protected":false},"featured_media":2552,"template":"","meta":{"_kad_blocks_custom_css":"","_kad_blocks_head_custom_js":"","_kad_blocks_body_custom_js":"","_kad_blocks_footer_custom_js":"","_kadence_starter_templates_imported_post":false,"_kad_post_transparent":"default","_kad_post_title":"","_kad_post_layout":"default","_kad_post_sidebar_id":"","_kad_post_content_style":"default","_kad_post_vertical_padding":"default","_kad_post_feature":"","_kad_post_feature_position":"","_kad_post_header":false,"_kad_post_footer":false,"_kad_post_classname":""},"product_brand":[],"product_cat":[38],"product_tag":[68,66,67],"class_list":{"0":"post-2409","1":"product","2":"type-product","3":"status-publish","4":"has-post-thumbnail","6":"product_cat-others","7":"product_tag-deep-draw-stamping","8":"product_tag-deep-drawing-services","9":"product_tag-metal-deep-drawing","11":"first","12":"instock","13":"shipping-taxable","14":"product-type-external","15":"entry","16":"content-bg","17":"loop-entry"},"yoast_head":"<!-- This site is optimized with the Yoast SEO Premium plugin v20.5 (Yoast SEO v27.4) - https:\/\/yoast.com\/product\/yoast-seo-premium-wordpress\/ -->\n<title>Deep Drawing - Vanmodel-sheet metal<\/title>\n<meta name=\"description\" content=\"Expert deep drawing services creating seamless metal components. Precision metal forming for automotive, aerospace and industrial applications.\" \/>\n<meta name=\"robots\" content=\"index, follow, max-snippet:-1, max-image-preview:large, max-video-preview:-1\" \/>\n<link rel=\"canonical\" href=\"https:\/\/vanmodel-sheetmetal.com\/fr\/produit\/deep-drawing\/\" \/>\n<meta property=\"og:locale\" content=\"fr_FR\" \/>\n<meta property=\"og:type\" content=\"article\" \/>\n<meta property=\"og:title\" content=\"Deep Drawing\" \/>\n<meta property=\"og:description\" content=\"Expert deep drawing services creating seamless metal components. Precision metal forming for automotive, aerospace and industrial applications.\" \/>\n<meta property=\"og:url\" content=\"https:\/\/vanmodel-sheetmetal.com\/fr\/produit\/deep-drawing\/\" \/>\n<meta property=\"og:site_name\" content=\"Vanmodel-sheet metal\" \/>\n<meta property=\"article:modified_time\" content=\"2025-10-26T15:36:29+00:00\" \/>\n<meta property=\"og:image\" content=\"https:\/\/vanmodel-sheetmetal.com\/wp-content\/uploads\/2023\/07\/Deep-Drawing.jpg\" \/>\n\t<meta property=\"og:image:width\" content=\"800\" \/>\n\t<meta property=\"og:image:height\" content=\"800\" \/>\n\t<meta property=\"og:image:type\" content=\"image\/jpeg\" \/>\n<meta name=\"twitter:card\" content=\"summary_large_image\" \/>\n<meta name=\"twitter:label1\" content=\"Dur\u00e9e de lecture estim\u00e9e\" \/>\n\t<meta name=\"twitter:data1\" content=\"2 minutes\" \/>\n<script type=\"application\/ld+json\" class=\"yoast-schema-graph\">{\"@context\":\"https:\\\/\\\/schema.org\",\"@graph\":[{\"@type\":\"WebPage\",\"@id\":\"https:\\\/\\\/vanmodel-sheetmetal.com\\\/product\\\/deep-drawing\\\/\",\"url\":\"https:\\\/\\\/vanmodel-sheetmetal.com\\\/product\\\/deep-drawing\\\/\",\"name\":\"Deep Drawing - Vanmodel-sheet metal\",\"isPartOf\":{\"@id\":\"https:\\\/\\\/vanmodel-sheetmetal.com\\\/#website\"},\"primaryImageOfPage\":{\"@id\":\"https:\\\/\\\/vanmodel-sheetmetal.com\\\/product\\\/deep-drawing\\\/#primaryimage\"},\"image\":{\"@id\":\"https:\\\/\\\/vanmodel-sheetmetal.com\\\/product\\\/deep-drawing\\\/#primaryimage\"},\"thumbnailUrl\":\"https:\\\/\\\/vanmodel-sheetmetal.com\\\/wp-content\\\/uploads\\\/2023\\\/07\\\/Deep-Drawing.jpg\",\"datePublished\":\"2023-07-02T07:37:10+00:00\",\"dateModified\":\"2025-10-26T15:36:29+00:00\",\"description\":\"Expert deep drawing services creating seamless metal components. Precision metal forming for automotive, aerospace and industrial applications.\",\"breadcrumb\":{\"@id\":\"https:\\\/\\\/vanmodel-sheetmetal.com\\\/product\\\/deep-drawing\\\/#breadcrumb\"},\"inLanguage\":\"fr-FR\",\"potentialAction\":[{\"@type\":\"ReadAction\",\"target\":[\"https:\\\/\\\/vanmodel-sheetmetal.com\\\/product\\\/deep-drawing\\\/\"]}]},{\"@type\":\"ImageObject\",\"inLanguage\":\"fr-FR\",\"@id\":\"https:\\\/\\\/vanmodel-sheetmetal.com\\\/product\\\/deep-drawing\\\/#primaryimage\",\"url\":\"https:\\\/\\\/vanmodel-sheetmetal.com\\\/wp-content\\\/uploads\\\/2023\\\/07\\\/Deep-Drawing.jpg\",\"contentUrl\":\"https:\\\/\\\/vanmodel-sheetmetal.com\\\/wp-content\\\/uploads\\\/2023\\\/07\\\/Deep-Drawing.jpg\",\"width\":800,\"height\":800},{\"@type\":\"BreadcrumbList\",\"@id\":\"https:\\\/\\\/vanmodel-sheetmetal.com\\\/product\\\/deep-drawing\\\/#breadcrumb\",\"itemListElement\":[{\"@type\":\"ListItem\",\"position\":1,\"name\":\"Home\",\"item\":\"https:\\\/\\\/vanmodel-sheetmetal.com\\\/\"},{\"@type\":\"ListItem\",\"position\":2,\"name\":\"Product\",\"item\":\"https:\\\/\\\/vanmodel-sheetmetal.com\\\/es\\\/product\\\/\"},{\"@type\":\"ListItem\",\"position\":3,\"name\":\"Deep Drawing\"}]},{\"@type\":\"WebSite\",\"@id\":\"https:\\\/\\\/vanmodel-sheetmetal.com\\\/#website\",\"url\":\"https:\\\/\\\/vanmodel-sheetmetal.com\\\/\",\"name\":\"Vanmodel-sheet metal\",\"description\":\"Dongguan Vanmodel Precision metal Products Group\",\"publisher\":{\"@id\":\"https:\\\/\\\/vanmodel-sheetmetal.com\\\/#organization\"},\"potentialAction\":[{\"@type\":\"SearchAction\",\"target\":{\"@type\":\"EntryPoint\",\"urlTemplate\":\"https:\\\/\\\/vanmodel-sheetmetal.com\\\/?s={search_term_string}\"},\"query-input\":{\"@type\":\"PropertyValueSpecification\",\"valueRequired\":true,\"valueName\":\"search_term_string\"}}],\"inLanguage\":\"fr-FR\"},{\"@type\":\"Organization\",\"@id\":\"https:\\\/\\\/vanmodel-sheetmetal.com\\\/#organization\",\"name\":\"Vanmodel-sheet metal\",\"url\":\"https:\\\/\\\/vanmodel-sheetmetal.com\\\/\",\"logo\":{\"@type\":\"ImageObject\",\"inLanguage\":\"fr-FR\",\"@id\":\"https:\\\/\\\/vanmodel-sheetmetal.com\\\/#\\\/schema\\\/logo\\\/image\\\/\",\"url\":\"https:\\\/\\\/vanmodel-sheetmetal.com\\\/wp-content\\\/uploads\\\/2025\\\/06\\\/logo21.png\",\"contentUrl\":\"https:\\\/\\\/vanmodel-sheetmetal.com\\\/wp-content\\\/uploads\\\/2025\\\/06\\\/logo21.png\",\"width\":426,\"height\":220,\"caption\":\"Vanmodel-sheet metal\"},\"image\":{\"@id\":\"https:\\\/\\\/vanmodel-sheetmetal.com\\\/#\\\/schema\\\/logo\\\/image\\\/\"}}]}<\/script>\n<!-- \/ Yoast SEO Premium plugin. -->","yoast_head_json":{"title":"Deep Drawing - Vanmodel-sheet metal","description":"Expert deep drawing services creating seamless metal components. Precision metal forming for automotive, aerospace and industrial applications.","robots":{"index":"index","follow":"follow","max-snippet":"max-snippet:-1","max-image-preview":"max-image-preview:large","max-video-preview":"max-video-preview:-1"},"canonical":"https:\/\/vanmodel-sheetmetal.com\/fr\/produit\/deep-drawing\/","og_locale":"fr_FR","og_type":"article","og_title":"Deep Drawing","og_description":"Expert deep drawing services creating seamless metal components. Precision metal forming for automotive, aerospace and industrial applications.","og_url":"https:\/\/vanmodel-sheetmetal.com\/fr\/produit\/deep-drawing\/","og_site_name":"Vanmodel-sheet metal","article_modified_time":"2025-10-26T15:36:29+00:00","og_image":[{"width":800,"height":800,"url":"https:\/\/vanmodel-sheetmetal.com\/wp-content\/uploads\/2023\/07\/Deep-Drawing.jpg","type":"image\/jpeg"}],"twitter_card":"summary_large_image","twitter_misc":{"Dur\u00e9e de lecture estim\u00e9e":"2 minutes"},"schema":{"@context":"https:\/\/schema.org","@graph":[{"@type":"WebPage","@id":"https:\/\/vanmodel-sheetmetal.com\/product\/deep-drawing\/","url":"https:\/\/vanmodel-sheetmetal.com\/product\/deep-drawing\/","name":"Deep Drawing - Vanmodel-sheet metal","isPartOf":{"@id":"https:\/\/vanmodel-sheetmetal.com\/#website"},"primaryImageOfPage":{"@id":"https:\/\/vanmodel-sheetmetal.com\/product\/deep-drawing\/#primaryimage"},"image":{"@id":"https:\/\/vanmodel-sheetmetal.com\/product\/deep-drawing\/#primaryimage"},"thumbnailUrl":"https:\/\/vanmodel-sheetmetal.com\/wp-content\/uploads\/2023\/07\/Deep-Drawing.jpg","datePublished":"2023-07-02T07:37:10+00:00","dateModified":"2025-10-26T15:36:29+00:00","description":"Expert deep drawing services creating seamless metal components. Precision metal forming for automotive, aerospace and industrial applications.","breadcrumb":{"@id":"https:\/\/vanmodel-sheetmetal.com\/product\/deep-drawing\/#breadcrumb"},"inLanguage":"fr-FR","potentialAction":[{"@type":"ReadAction","target":["https:\/\/vanmodel-sheetmetal.com\/product\/deep-drawing\/"]}]},{"@type":"ImageObject","inLanguage":"fr-FR","@id":"https:\/\/vanmodel-sheetmetal.com\/product\/deep-drawing\/#primaryimage","url":"https:\/\/vanmodel-sheetmetal.com\/wp-content\/uploads\/2023\/07\/Deep-Drawing.jpg","contentUrl":"https:\/\/vanmodel-sheetmetal.com\/wp-content\/uploads\/2023\/07\/Deep-Drawing.jpg","width":800,"height":800},{"@type":"BreadcrumbList","@id":"https:\/\/vanmodel-sheetmetal.com\/product\/deep-drawing\/#breadcrumb","itemListElement":[{"@type":"ListItem","position":1,"name":"Home","item":"https:\/\/vanmodel-sheetmetal.com\/"},{"@type":"ListItem","position":2,"name":"Product","item":"https:\/\/vanmodel-sheetmetal.com\/es\/product\/"},{"@type":"ListItem","position":3,"name":"Deep Drawing"}]},{"@type":"WebSite","@id":"https:\/\/vanmodel-sheetmetal.com\/#website","url":"https:\/\/vanmodel-sheetmetal.com\/","name":"Vanmodel-sheet metal","description":"Dongguan Vanmodel Precision metal Products Group","publisher":{"@id":"https:\/\/vanmodel-sheetmetal.com\/#organization"},"potentialAction":[{"@type":"SearchAction","target":{"@type":"EntryPoint","urlTemplate":"https:\/\/vanmodel-sheetmetal.com\/?s={search_term_string}"},"query-input":{"@type":"PropertyValueSpecification","valueRequired":true,"valueName":"search_term_string"}}],"inLanguage":"fr-FR"},{"@type":"Organization","@id":"https:\/\/vanmodel-sheetmetal.com\/#organization","name":"Vanmodel-sheet metal","url":"https:\/\/vanmodel-sheetmetal.com\/","logo":{"@type":"ImageObject","inLanguage":"fr-FR","@id":"https:\/\/vanmodel-sheetmetal.com\/#\/schema\/logo\/image\/","url":"https:\/\/vanmodel-sheetmetal.com\/wp-content\/uploads\/2025\/06\/logo21.png","contentUrl":"https:\/\/vanmodel-sheetmetal.com\/wp-content\/uploads\/2025\/06\/logo21.png","width":426,"height":220,"caption":"Vanmodel-sheet metal"},"image":{"@id":"https:\/\/vanmodel-sheetmetal.com\/#\/schema\/logo\/image\/"}}]}},"taxonomy_info":{"product_cat":[{"value":38,"label":"Others"}],"product_tag":[{"value":68,"label":"Deep Draw Stamping"},{"value":66,"label":"Deep Drawing Services"},{"value":67,"label":"Metal Deep Drawing"}]},"featured_image_src_large":["https:\/\/vanmodel-sheetmetal.com\/wp-content\/uploads\/2023\/07\/Deep-Drawing.jpg",800,800,false],"author_info":[],"comment_info":"","_links":{"self":[{"href":"https:\/\/vanmodel-sheetmetal.com\/fr\/wp-json\/wp\/v2\/product\/2409","targetHints":{"allow":["GET"]}}],"collection":[{"href":"https:\/\/vanmodel-sheetmetal.com\/fr\/wp-json\/wp\/v2\/product"}],"about":[{"href":"https:\/\/vanmodel-sheetmetal.com\/fr\/wp-json\/wp\/v2\/types\/product"}],"wp:featuredmedia":[{"embeddable":true,"href":"https:\/\/vanmodel-sheetmetal.com\/fr\/wp-json\/wp\/v2\/media\/2552"}],"wp:attachment":[{"href":"https:\/\/vanmodel-sheetmetal.com\/fr\/wp-json\/wp\/v2\/media?parent=2409"}],"wp:term":[{"taxonomy":"product_brand","embeddable":true,"href":"https:\/\/vanmodel-sheetmetal.com\/fr\/wp-json\/wp\/v2\/product_brand?post=2409"},{"taxonomy":"product_cat","embeddable":true,"href":"https:\/\/vanmodel-sheetmetal.com\/fr\/wp-json\/wp\/v2\/product_cat?post=2409"},{"taxonomy":"product_tag","embeddable":true,"href":"https:\/\/vanmodel-sheetmetal.com\/fr\/wp-json\/wp\/v2\/product_tag?post=2409"}],"curies":[{"name":"wp","href":"https:\/\/api.w.org\/{rel}","templated":true}]}}