{"id":2437,"date":"2023-07-03T16:30:12","date_gmt":"2023-07-03T16:30:12","guid":{"rendered":"http:\/\/gzt.drm.mybluehost.me\/?post_type=product&#038;p=2437"},"modified":"2025-10-26T14:54:30","modified_gmt":"2025-10-26T14:54:30","slug":"metal-stamping","status":"publish","type":"product","link":"https:\/\/vanmodel-sheetmetal.com\/fr\/produit\/metal-stamping\/","title":{"rendered":"Emboutissage de m\u00e9tal"},"content":{"rendered":"<p class=\"ds-markdown-paragraph\"><strong>Estampage de pr\u00e9cision des m\u00e9taux pour la fabrication industrielle<\/strong><\/p>\n<p class=\"ds-markdown-paragraph\">L&#039;emboutissage est un proc\u00e9d\u00e9 de formage \u00e0 froid de pointe qui utilise des matrices et des presses d&#039;emboutissage de haute pr\u00e9cision pour cr\u00e9er des composants complexes et de grande qualit\u00e9. Cette m\u00e9thode efficace transforme des \u00e9bauches de t\u00f4le \u00e0 l&#039;aide d&#039;\u00e9quipements sp\u00e9cialis\u00e9s, en leur donnant des formes pr\u00e9cises avec une exactitude exceptionnelle.<\/p>\n<p class=\"ds-markdown-paragraph\"><strong>Principaux avantages\u00a0:<\/strong><\/p>\n<p class=\"ds-markdown-paragraph\">\u2022\u00a0<strong>Efficacit\u00e9 en mati\u00e8re de co\u00fbts<\/strong>\u00a0\u2013 Id\u00e9al pour la production en grande s\u00e9rie avec des co\u00fbts unitaires r\u00e9duits<br \/>\n\u2022\u00a0<strong>Pr\u00e9cision exceptionnelle<\/strong>\u00a0\u2013 Garantit des tol\u00e9rances serr\u00e9es tout au long des s\u00e9ries de production.<br \/>\n\u2022\u00a0<strong>Flexibilit\u00e9 des mat\u00e9riaux<\/strong>\u00a0\u2013 Fonctionne avec l&#039;acier, l&#039;aluminium, le cuivre et les alliages sp\u00e9ciaux<br \/>\n\u2022\u00a0<strong>D\u00e9lai d&#039;ex\u00e9cution rapide<\/strong>\u00a0\u2013 Transition rapide du prototype \u00e0 la production \u00e0 grande \u00e9chelle<\/p>\n<p class=\"ds-markdown-paragraph\"><strong>Nos capacit\u00e9s comprennent\u00a0:<\/strong><\/p>\n<p class=\"ds-markdown-paragraph\">\u2022 Estampage progressif pour op\u00e9rations complexes \u00e0 plusieurs \u00e9tapes<br \/>\n\u2022 Emboutissage profond pour des formes tridimensionnelles sans jointures<br \/>\n\u2022 D\u00e9coupe de pr\u00e9cision pour des bords nets et sans bavures<br \/>\n\u2022 Emboutissage \u00e0 quatre coulisseaux pour un formage multidirectionnel complexe<\/p>\n<p class=\"ds-markdown-paragraph\"><strong>Qualit\u00e9 et applications :<\/strong><br \/>\nTous nos projets font l&#039;objet d&#039;un contr\u00f4le qualit\u00e9 rigoureux afin de garantir leur conformit\u00e9 aux normes internationales. Nos services s&#039;adressent \u00e0 divers secteurs, notamment les composants automobiles, les contacts \u00e9lectriques, les pi\u00e8ces a\u00e9rospatiales, les dispositifs m\u00e9dicaux et l&#039;\u00e9lectronique grand public.<\/p>\n<p class=\"ds-markdown-paragraph\"><strong>D\u00e9marrez votre projet d\u00e8s aujourd&#039;hui<\/strong><br \/>\n[Demander une \u00e9valuation gratuite] ou [Obtenir un devis d\u00e9taill\u00e9]<\/p>","protected":false},"excerpt":{"rendered":"<p>Emboutissage de pr\u00e9cision des m\u00e9taux pour la fabrication industrielle. L&#039;emboutissage des m\u00e9taux est un proc\u00e9d\u00e9 de formage \u00e0 froid avanc\u00e9 qui utilise des matrices et des presses d&#039;emboutissage de pr\u00e9cision pour cr\u00e9er des composants complexes de haute qualit\u00e9. Cette m\u00e9thode efficace permet de traiter des flans de t\u00f4le plats \u00e0 l&#039;aide d&#039;\u00e9quipements sp\u00e9cialis\u00e9s, remodelant les mat\u00e9riaux selon des configurations pr\u00e9cises avec une pr\u00e9cision exceptionnelle. Principaux avantages\u00a0: \u2022 Rentabilit\u00e9 \u2013 Id\u00e9al pour la production en grande s\u00e9rie avec un co\u00fbt unitaire r\u00e9duit\u2026<\/p>","protected":false},"featured_media":2547,"template":"","meta":{"_kad_blocks_custom_css":"","_kad_blocks_head_custom_js":"","_kad_blocks_body_custom_js":"","_kad_blocks_footer_custom_js":"","_kadence_starter_templates_imported_post":false,"_kad_post_transparent":"default","_kad_post_title":"","_kad_post_layout":"default","_kad_post_sidebar_id":"","_kad_post_content_style":"default","_kad_post_vertical_padding":"default","_kad_post_feature":"","_kad_post_feature_position":"","_kad_post_header":false,"_kad_post_footer":false,"_kad_post_classname":""},"product_brand":[],"product_cat":[36],"product_tag":[],"class_list":{"0":"post-2437","1":"product","2":"type-product","3":"status-publish","4":"has-post-thumbnail","6":"product_cat-precision-stamping","8":"first","9":"instock","10":"shipping-taxable","11":"product-type-external","12":"entry","13":"content-bg","14":"loop-entry"},"yoast_head":"<!-- This site is optimized with the Yoast SEO Premium plugin v20.5 (Yoast SEO v27.4) - https:\/\/yoast.com\/product\/yoast-seo-premium-wordpress\/ -->\n<title>Metal Stamping - Vanmodel-sheet metal<\/title>\n<meta name=\"description\" content=\"Expert metal stamping services using precision dies for automotive, aerospace and electronics industries. High-volume production with tight tolerances.\" \/>\n<meta name=\"robots\" content=\"index, follow, max-snippet:-1, max-image-preview:large, max-video-preview:-1\" \/>\n<link rel=\"canonical\" href=\"https:\/\/vanmodel-sheetmetal.com\/fr\/produit\/metal-stamping\/\" \/>\n<meta property=\"og:locale\" content=\"fr_FR\" \/>\n<meta property=\"og:type\" content=\"article\" \/>\n<meta property=\"og:title\" content=\"Metal Stamping\" \/>\n<meta property=\"og:description\" content=\"Expert metal stamping services using precision dies for automotive, aerospace and electronics industries. High-volume production with tight tolerances.\" \/>\n<meta property=\"og:url\" content=\"https:\/\/vanmodel-sheetmetal.com\/fr\/produit\/metal-stamping\/\" \/>\n<meta property=\"og:site_name\" content=\"Vanmodel-sheet metal\" \/>\n<meta property=\"article:modified_time\" content=\"2025-10-26T14:54:30+00:00\" \/>\n<meta property=\"og:image\" content=\"https:\/\/vanmodel-sheetmetal.com\/wp-content\/uploads\/2023\/07\/Metal-stamping.jpg\" \/>\n\t<meta property=\"og:image:width\" content=\"800\" \/>\n\t<meta property=\"og:image:height\" content=\"800\" \/>\n\t<meta property=\"og:image:type\" content=\"image\/jpeg\" \/>\n<meta name=\"twitter:card\" content=\"summary_large_image\" \/>\n<meta name=\"twitter:label1\" content=\"Dur\u00e9e de lecture estim\u00e9e\" \/>\n\t<meta name=\"twitter:data1\" content=\"1 minute\" \/>\n<script type=\"application\/ld+json\" class=\"yoast-schema-graph\">{\"@context\":\"https:\\\/\\\/schema.org\",\"@graph\":[{\"@type\":\"WebPage\",\"@id\":\"https:\\\/\\\/vanmodel-sheetmetal.com\\\/product\\\/metal-stamping\\\/\",\"url\":\"https:\\\/\\\/vanmodel-sheetmetal.com\\\/product\\\/metal-stamping\\\/\",\"name\":\"Metal Stamping - Vanmodel-sheet metal\",\"isPartOf\":{\"@id\":\"https:\\\/\\\/vanmodel-sheetmetal.com\\\/#website\"},\"primaryImageOfPage\":{\"@id\":\"https:\\\/\\\/vanmodel-sheetmetal.com\\\/product\\\/metal-stamping\\\/#primaryimage\"},\"image\":{\"@id\":\"https:\\\/\\\/vanmodel-sheetmetal.com\\\/product\\\/metal-stamping\\\/#primaryimage\"},\"thumbnailUrl\":\"https:\\\/\\\/vanmodel-sheetmetal.com\\\/wp-content\\\/uploads\\\/2023\\\/07\\\/Metal-stamping.jpg\",\"datePublished\":\"2023-07-03T16:30:12+00:00\",\"dateModified\":\"2025-10-26T14:54:30+00:00\",\"description\":\"Expert metal stamping services using precision dies for automotive, aerospace and electronics industries. High-volume production with tight tolerances.\",\"breadcrumb\":{\"@id\":\"https:\\\/\\\/vanmodel-sheetmetal.com\\\/product\\\/metal-stamping\\\/#breadcrumb\"},\"inLanguage\":\"fr-FR\",\"potentialAction\":[{\"@type\":\"ReadAction\",\"target\":[\"https:\\\/\\\/vanmodel-sheetmetal.com\\\/product\\\/metal-stamping\\\/\"]}]},{\"@type\":\"ImageObject\",\"inLanguage\":\"fr-FR\",\"@id\":\"https:\\\/\\\/vanmodel-sheetmetal.com\\\/product\\\/metal-stamping\\\/#primaryimage\",\"url\":\"https:\\\/\\\/vanmodel-sheetmetal.com\\\/wp-content\\\/uploads\\\/2023\\\/07\\\/Metal-stamping.jpg\",\"contentUrl\":\"https:\\\/\\\/vanmodel-sheetmetal.com\\\/wp-content\\\/uploads\\\/2023\\\/07\\\/Metal-stamping.jpg\",\"width\":800,\"height\":800},{\"@type\":\"BreadcrumbList\",\"@id\":\"https:\\\/\\\/vanmodel-sheetmetal.com\\\/product\\\/metal-stamping\\\/#breadcrumb\",\"itemListElement\":[{\"@type\":\"ListItem\",\"position\":1,\"name\":\"Home\",\"item\":\"https:\\\/\\\/vanmodel-sheetmetal.com\\\/\"},{\"@type\":\"ListItem\",\"position\":2,\"name\":\"Product\",\"item\":\"https:\\\/\\\/vanmodel-sheetmetal.com\\\/es\\\/product\\\/\"},{\"@type\":\"ListItem\",\"position\":3,\"name\":\"Metal Stamping\"}]},{\"@type\":\"WebSite\",\"@id\":\"https:\\\/\\\/vanmodel-sheetmetal.com\\\/#website\",\"url\":\"https:\\\/\\\/vanmodel-sheetmetal.com\\\/\",\"name\":\"Vanmodel-sheet metal\",\"description\":\"Dongguan Vanmodel Precision metal Products Group\",\"publisher\":{\"@id\":\"https:\\\/\\\/vanmodel-sheetmetal.com\\\/#organization\"},\"potentialAction\":[{\"@type\":\"SearchAction\",\"target\":{\"@type\":\"EntryPoint\",\"urlTemplate\":\"https:\\\/\\\/vanmodel-sheetmetal.com\\\/?s={search_term_string}\"},\"query-input\":{\"@type\":\"PropertyValueSpecification\",\"valueRequired\":true,\"valueName\":\"search_term_string\"}}],\"inLanguage\":\"fr-FR\"},{\"@type\":\"Organization\",\"@id\":\"https:\\\/\\\/vanmodel-sheetmetal.com\\\/#organization\",\"name\":\"Vanmodel-sheet metal\",\"url\":\"https:\\\/\\\/vanmodel-sheetmetal.com\\\/\",\"logo\":{\"@type\":\"ImageObject\",\"inLanguage\":\"fr-FR\",\"@id\":\"https:\\\/\\\/vanmodel-sheetmetal.com\\\/#\\\/schema\\\/logo\\\/image\\\/\",\"url\":\"https:\\\/\\\/vanmodel-sheetmetal.com\\\/wp-content\\\/uploads\\\/2025\\\/06\\\/logo21.png\",\"contentUrl\":\"https:\\\/\\\/vanmodel-sheetmetal.com\\\/wp-content\\\/uploads\\\/2025\\\/06\\\/logo21.png\",\"width\":426,\"height\":220,\"caption\":\"Vanmodel-sheet metal\"},\"image\":{\"@id\":\"https:\\\/\\\/vanmodel-sheetmetal.com\\\/#\\\/schema\\\/logo\\\/image\\\/\"}}]}<\/script>\n<!-- \/ Yoast SEO Premium plugin. -->","yoast_head_json":{"title":"Metal Stamping - Vanmodel-sheet metal","description":"Expert metal stamping services using precision dies for automotive, aerospace and electronics industries. High-volume production with tight tolerances.","robots":{"index":"index","follow":"follow","max-snippet":"max-snippet:-1","max-image-preview":"max-image-preview:large","max-video-preview":"max-video-preview:-1"},"canonical":"https:\/\/vanmodel-sheetmetal.com\/fr\/produit\/metal-stamping\/","og_locale":"fr_FR","og_type":"article","og_title":"Metal Stamping","og_description":"Expert metal stamping services using precision dies for automotive, aerospace and electronics industries. High-volume production with tight tolerances.","og_url":"https:\/\/vanmodel-sheetmetal.com\/fr\/produit\/metal-stamping\/","og_site_name":"Vanmodel-sheet metal","article_modified_time":"2025-10-26T14:54:30+00:00","og_image":[{"width":800,"height":800,"url":"https:\/\/vanmodel-sheetmetal.com\/wp-content\/uploads\/2023\/07\/Metal-stamping.jpg","type":"image\/jpeg"}],"twitter_card":"summary_large_image","twitter_misc":{"Dur\u00e9e de lecture estim\u00e9e":"1 minute"},"schema":{"@context":"https:\/\/schema.org","@graph":[{"@type":"WebPage","@id":"https:\/\/vanmodel-sheetmetal.com\/product\/metal-stamping\/","url":"https:\/\/vanmodel-sheetmetal.com\/product\/metal-stamping\/","name":"Metal Stamping - Vanmodel-sheet metal","isPartOf":{"@id":"https:\/\/vanmodel-sheetmetal.com\/#website"},"primaryImageOfPage":{"@id":"https:\/\/vanmodel-sheetmetal.com\/product\/metal-stamping\/#primaryimage"},"image":{"@id":"https:\/\/vanmodel-sheetmetal.com\/product\/metal-stamping\/#primaryimage"},"thumbnailUrl":"https:\/\/vanmodel-sheetmetal.com\/wp-content\/uploads\/2023\/07\/Metal-stamping.jpg","datePublished":"2023-07-03T16:30:12+00:00","dateModified":"2025-10-26T14:54:30+00:00","description":"Expert metal stamping services using precision dies for automotive, aerospace and electronics industries. High-volume production with tight tolerances.","breadcrumb":{"@id":"https:\/\/vanmodel-sheetmetal.com\/product\/metal-stamping\/#breadcrumb"},"inLanguage":"fr-FR","potentialAction":[{"@type":"ReadAction","target":["https:\/\/vanmodel-sheetmetal.com\/product\/metal-stamping\/"]}]},{"@type":"ImageObject","inLanguage":"fr-FR","@id":"https:\/\/vanmodel-sheetmetal.com\/product\/metal-stamping\/#primaryimage","url":"https:\/\/vanmodel-sheetmetal.com\/wp-content\/uploads\/2023\/07\/Metal-stamping.jpg","contentUrl":"https:\/\/vanmodel-sheetmetal.com\/wp-content\/uploads\/2023\/07\/Metal-stamping.jpg","width":800,"height":800},{"@type":"BreadcrumbList","@id":"https:\/\/vanmodel-sheetmetal.com\/product\/metal-stamping\/#breadcrumb","itemListElement":[{"@type":"ListItem","position":1,"name":"Home","item":"https:\/\/vanmodel-sheetmetal.com\/"},{"@type":"ListItem","position":2,"name":"Product","item":"https:\/\/vanmodel-sheetmetal.com\/es\/product\/"},{"@type":"ListItem","position":3,"name":"Metal Stamping"}]},{"@type":"WebSite","@id":"https:\/\/vanmodel-sheetmetal.com\/#website","url":"https:\/\/vanmodel-sheetmetal.com\/","name":"Vanmodel-sheet metal","description":"Dongguan Vanmodel Precision metal Products Group","publisher":{"@id":"https:\/\/vanmodel-sheetmetal.com\/#organization"},"potentialAction":[{"@type":"SearchAction","target":{"@type":"EntryPoint","urlTemplate":"https:\/\/vanmodel-sheetmetal.com\/?s={search_term_string}"},"query-input":{"@type":"PropertyValueSpecification","valueRequired":true,"valueName":"search_term_string"}}],"inLanguage":"fr-FR"},{"@type":"Organization","@id":"https:\/\/vanmodel-sheetmetal.com\/#organization","name":"Vanmodel-sheet metal","url":"https:\/\/vanmodel-sheetmetal.com\/","logo":{"@type":"ImageObject","inLanguage":"fr-FR","@id":"https:\/\/vanmodel-sheetmetal.com\/#\/schema\/logo\/image\/","url":"https:\/\/vanmodel-sheetmetal.com\/wp-content\/uploads\/2025\/06\/logo21.png","contentUrl":"https:\/\/vanmodel-sheetmetal.com\/wp-content\/uploads\/2025\/06\/logo21.png","width":426,"height":220,"caption":"Vanmodel-sheet metal"},"image":{"@id":"https:\/\/vanmodel-sheetmetal.com\/#\/schema\/logo\/image\/"}}]}},"taxonomy_info":{"product_cat":[{"value":36,"label":"Precision Stamping"}]},"featured_image_src_large":["https:\/\/vanmodel-sheetmetal.com\/wp-content\/uploads\/2023\/07\/Metal-stamping.jpg",800,800,false],"author_info":[],"comment_info":"","_links":{"self":[{"href":"https:\/\/vanmodel-sheetmetal.com\/fr\/wp-json\/wp\/v2\/product\/2437","targetHints":{"allow":["GET"]}}],"collection":[{"href":"https:\/\/vanmodel-sheetmetal.com\/fr\/wp-json\/wp\/v2\/product"}],"about":[{"href":"https:\/\/vanmodel-sheetmetal.com\/fr\/wp-json\/wp\/v2\/types\/product"}],"wp:featuredmedia":[{"embeddable":true,"href":"https:\/\/vanmodel-sheetmetal.com\/fr\/wp-json\/wp\/v2\/media\/2547"}],"wp:attachment":[{"href":"https:\/\/vanmodel-sheetmetal.com\/fr\/wp-json\/wp\/v2\/media?parent=2437"}],"wp:term":[{"taxonomy":"product_brand","embeddable":true,"href":"https:\/\/vanmodel-sheetmetal.com\/fr\/wp-json\/wp\/v2\/product_brand?post=2437"},{"taxonomy":"product_cat","embeddable":true,"href":"https:\/\/vanmodel-sheetmetal.com\/fr\/wp-json\/wp\/v2\/product_cat?post=2437"},{"taxonomy":"product_tag","embeddable":true,"href":"https:\/\/vanmodel-sheetmetal.com\/fr\/wp-json\/wp\/v2\/product_tag?post=2437"}],"curies":[{"name":"wp","href":"https:\/\/api.w.org\/{rel}","templated":true}]}}