{"id":2576,"date":"2025-07-01T04:10:45","date_gmt":"2025-07-01T04:10:45","guid":{"rendered":"https:\/\/vanmodel-sheetmetal.com\/?post_type=product&#038;p=2576"},"modified":"2025-10-26T14:01:22","modified_gmt":"2025-10-26T14:01:22","slug":"metal-spinning","status":"publish","type":"product","link":"https:\/\/vanmodel-sheetmetal.com\/fr\/produit\/metal-spinning\/","title":{"rendered":"Tournage des m\u00e9taux"},"content":{"rendered":"<p class=\"ds-markdown-paragraph\"><strong>Services de repoussage des m\u00e9taux\u00a0: composants de pr\u00e9cision pour les industries exigeantes<\/strong><\/p>\n<p class=\"ds-markdown-paragraph\">Le repoussage des m\u00e9taux, \u00e9galement appel\u00e9 formage par rotation ou tournage, offre des solutions polyvalentes et \u00e9conomiques pour la production de composants sym\u00e9triques de pr\u00e9cision. Ce proc\u00e9d\u00e9 de formage efficace transforme des disques ou des tubes m\u00e9talliques plats en pi\u00e8ces \u00e0 sym\u00e9trie axiale et de forme pr\u00e9cise gr\u00e2ce \u00e0 l&#039;application d&#039;une pression contr\u00f4l\u00e9e lors d&#039;une rotation \u00e0 grande vitesse.<\/p>\n<p class=\"ds-markdown-paragraph\"><strong>Gr\u00e2ce \u00e0 ses avantages inh\u00e9rents,<\/strong>\u00a0Le repoussage des m\u00e9taux est devenu une m\u00e9thode privil\u00e9gi\u00e9e dans un large \u00e9ventail d&#039;industries.\u00a0<strong>Par exemple,<\/strong>\u00a0il est largement utilis\u00e9 dans\u00a0<strong>a\u00e9rospatiale, automobile, \u00e9clairage et h\u00f4tellerie<\/strong>\u00a0secteurs.\u00a0<strong>De plus,<\/strong>\u00a0ce processus se distingue par son\u00a0<strong>rapport co\u00fbt-efficacit\u00e9<\/strong>, exceptionnel\u00a0<strong>efficacit\u00e9 mat\u00e9rielle<\/strong>et la capacit\u00e9 de maintenir\u00a0<strong>haute pr\u00e9cision tant pour le d\u00e9veloppement de prototypes que pour les s\u00e9ries de production \u00e0 grande \u00e9chelle<\/strong>.<\/p>\n<p class=\"ds-markdown-paragraph\"><strong>Pourquoi choisir nos services de repoussage de m\u00e9taux ?<\/strong><\/p>\n<ul>\n<li>\n<p class=\"ds-markdown-paragraph\"><strong>Rentabilit\u00e9 \u00e9prouv\u00e9e :<\/strong>\u00a0R\u00e9duction significative des d\u00e9chets de mat\u00e9riaux et des co\u00fbts d&#039;outillage par rapport aux m\u00e9thodes alternatives.<\/p>\n<\/li>\n<li>\n<p class=\"ds-markdown-paragraph\"><strong>Une polyvalence exceptionnelle :<\/strong>\u00a0Travailler avec diff\u00e9rents m\u00e9taux, notamment l&#039;aluminium, l&#039;acier inoxydable et les alliages de cuivre.<\/p>\n<\/li>\n<li>\n<p class=\"ds-markdown-paragraph\"><strong>D\u00e9lai d&#039;ex\u00e9cution rapide\u00a0:<\/strong>\u00a0Des prototypes rapides \u00e0 la production en s\u00e9rie, avec des r\u00e9sultats constants.<\/p>\n<\/li>\n<li>\n<p class=\"ds-markdown-paragraph\"><strong>Ing\u00e9nierie de pr\u00e9cision :<\/strong>\u00a0Obtenez des tol\u00e9rances serr\u00e9es et des finitions de surface sup\u00e9rieures pour les applications exigeantes.<\/p>\n<\/li>\n<\/ul>\n<p class=\"ds-markdown-paragraph\"><strong>Explorez les possibilit\u00e9s offertes par le repoussage des m\u00e9taux<\/strong><br \/>\nId\u00e9ales pour des applications allant des \u00e9l\u00e9ments architecturaux et des luminaires aux composants industriels sp\u00e9cialis\u00e9s, nos capacit\u00e9s de repoussage des m\u00e9taux garantissent \u00e0 la fois qualit\u00e9 et fiabilit\u00e9.<\/p>\n<p class=\"ds-markdown-paragraph\"><strong>Pr\u00eat \u00e0 transformer vos concepts m\u00e9talliques en r\u00e9alit\u00e9 ?<\/strong><br \/>\n[Contactez-nous pour une consultation technique] ou [Demandez un devis pour un projet]<\/p>","protected":false},"excerpt":{"rendered":"<p>Services de repoussage\u00a0: Composants form\u00e9s avec pr\u00e9cision pour les industries exigeantes. Le repoussage, aussi appel\u00e9 formage par centrifugation ou tournage, offre des solutions polyvalentes et \u00e9conomiques pour la production de composants sym\u00e9triques de pr\u00e9cision. Ce proc\u00e9d\u00e9 efficace de formage des m\u00e9taux transforme des disques ou tubes m\u00e9talliques plats en pi\u00e8ces axialement sym\u00e9triques et de forme pr\u00e9cise, gr\u00e2ce \u00e0 une pression contr\u00f4l\u00e9e appliqu\u00e9e lors d&#039;une rotation \u00e0 grande vitesse. Gr\u00e2ce \u00e0 ses propri\u00e9t\u00e9s\u2026<\/p>","protected":false},"featured_media":2554,"template":"","meta":{"_kad_blocks_custom_css":"","_kad_blocks_head_custom_js":"","_kad_blocks_body_custom_js":"","_kad_blocks_footer_custom_js":"","_kadence_starter_templates_imported_post":false,"_kad_post_transparent":"default","_kad_post_title":"","_kad_post_layout":"default","_kad_post_sidebar_id":"","_kad_post_content_style":"default","_kad_post_vertical_padding":"default","_kad_post_feature":"","_kad_post_feature_position":"","_kad_post_header":false,"_kad_post_footer":false,"_kad_post_classname":""},"product_brand":[],"product_cat":[36],"product_tag":[54,52,53],"class_list":{"0":"post-2576","1":"product","2":"type-product","3":"status-publish","4":"has-post-thumbnail","6":"product_cat-precision-stamping","7":"product_tag-metal-forming","8":"product_tag-metal-spinning","9":"product_tag-spin-forming","11":"first","12":"instock","13":"shipping-taxable","14":"product-type-external","15":"entry","16":"content-bg","17":"loop-entry"},"yoast_head":"<!-- This site is optimized with the Yoast SEO Premium plugin v20.5 (Yoast SEO v27.4) - https:\/\/yoast.com\/product\/yoast-seo-premium-wordpress\/ -->\n<title>Metal Spinning - Vanmodel-sheet metal<\/title>\n<meta name=\"description\" content=\"Expert metal spinning services for aerospace &amp; automotive components. High-precision spin forming with excellent cost-effectiveness.\" \/>\n<meta name=\"robots\" content=\"index, follow, max-snippet:-1, max-image-preview:large, max-video-preview:-1\" \/>\n<link rel=\"canonical\" href=\"https:\/\/vanmodel-sheetmetal.com\/fr\/produit\/metal-spinning\/\" \/>\n<meta property=\"og:locale\" content=\"fr_FR\" \/>\n<meta property=\"og:type\" content=\"article\" \/>\n<meta property=\"og:title\" content=\"Metal Spinning\" \/>\n<meta property=\"og:description\" content=\"Expert metal spinning services for aerospace &amp; automotive components. High-precision spin forming with excellent cost-effectiveness.\" \/>\n<meta property=\"og:url\" content=\"https:\/\/vanmodel-sheetmetal.com\/fr\/produit\/metal-spinning\/\" \/>\n<meta property=\"og:site_name\" content=\"Vanmodel-sheet metal\" \/>\n<meta property=\"article:modified_time\" content=\"2025-10-26T14:01:22+00:00\" \/>\n<meta property=\"og:image\" content=\"https:\/\/vanmodel-sheetmetal.com\/wp-content\/uploads\/2023\/07\/Metal-Spinning.jpg\" \/>\n\t<meta property=\"og:image:width\" content=\"800\" \/>\n\t<meta property=\"og:image:height\" content=\"800\" \/>\n\t<meta property=\"og:image:type\" content=\"image\/jpeg\" \/>\n<meta name=\"twitter:card\" content=\"summary_large_image\" \/>\n<meta name=\"twitter:label1\" content=\"Dur\u00e9e de lecture estim\u00e9e\" \/>\n\t<meta name=\"twitter:data1\" content=\"2 minutes\" \/>\n<script type=\"application\/ld+json\" class=\"yoast-schema-graph\">{\"@context\":\"https:\\\/\\\/schema.org\",\"@graph\":[{\"@type\":\"WebPage\",\"@id\":\"https:\\\/\\\/vanmodel-sheetmetal.com\\\/product\\\/metal-spinning\\\/\",\"url\":\"https:\\\/\\\/vanmodel-sheetmetal.com\\\/product\\\/metal-spinning\\\/\",\"name\":\"Metal Spinning - Vanmodel-sheet metal\",\"isPartOf\":{\"@id\":\"https:\\\/\\\/vanmodel-sheetmetal.com\\\/#website\"},\"primaryImageOfPage\":{\"@id\":\"https:\\\/\\\/vanmodel-sheetmetal.com\\\/product\\\/metal-spinning\\\/#primaryimage\"},\"image\":{\"@id\":\"https:\\\/\\\/vanmodel-sheetmetal.com\\\/product\\\/metal-spinning\\\/#primaryimage\"},\"thumbnailUrl\":\"https:\\\/\\\/vanmodel-sheetmetal.com\\\/wp-content\\\/uploads\\\/2023\\\/07\\\/Metal-Spinning.jpg\",\"datePublished\":\"2025-07-01T04:10:45+00:00\",\"dateModified\":\"2025-10-26T14:01:22+00:00\",\"description\":\"Expert metal spinning services for aerospace & automotive components. High-precision spin forming with excellent cost-effectiveness.\",\"breadcrumb\":{\"@id\":\"https:\\\/\\\/vanmodel-sheetmetal.com\\\/product\\\/metal-spinning\\\/#breadcrumb\"},\"inLanguage\":\"fr-FR\",\"potentialAction\":[{\"@type\":\"ReadAction\",\"target\":[\"https:\\\/\\\/vanmodel-sheetmetal.com\\\/product\\\/metal-spinning\\\/\"]}]},{\"@type\":\"ImageObject\",\"inLanguage\":\"fr-FR\",\"@id\":\"https:\\\/\\\/vanmodel-sheetmetal.com\\\/product\\\/metal-spinning\\\/#primaryimage\",\"url\":\"https:\\\/\\\/vanmodel-sheetmetal.com\\\/wp-content\\\/uploads\\\/2023\\\/07\\\/Metal-Spinning.jpg\",\"contentUrl\":\"https:\\\/\\\/vanmodel-sheetmetal.com\\\/wp-content\\\/uploads\\\/2023\\\/07\\\/Metal-Spinning.jpg\",\"width\":800,\"height\":800},{\"@type\":\"BreadcrumbList\",\"@id\":\"https:\\\/\\\/vanmodel-sheetmetal.com\\\/product\\\/metal-spinning\\\/#breadcrumb\",\"itemListElement\":[{\"@type\":\"ListItem\",\"position\":1,\"name\":\"Home\",\"item\":\"https:\\\/\\\/vanmodel-sheetmetal.com\\\/\"},{\"@type\":\"ListItem\",\"position\":2,\"name\":\"Product\",\"item\":\"https:\\\/\\\/vanmodel-sheetmetal.com\\\/es\\\/product\\\/\"},{\"@type\":\"ListItem\",\"position\":3,\"name\":\"Metal Spinning\"}]},{\"@type\":\"WebSite\",\"@id\":\"https:\\\/\\\/vanmodel-sheetmetal.com\\\/#website\",\"url\":\"https:\\\/\\\/vanmodel-sheetmetal.com\\\/\",\"name\":\"Vanmodel-sheet metal\",\"description\":\"Dongguan Vanmodel Precision metal Products Group\",\"publisher\":{\"@id\":\"https:\\\/\\\/vanmodel-sheetmetal.com\\\/#organization\"},\"potentialAction\":[{\"@type\":\"SearchAction\",\"target\":{\"@type\":\"EntryPoint\",\"urlTemplate\":\"https:\\\/\\\/vanmodel-sheetmetal.com\\\/?s={search_term_string}\"},\"query-input\":{\"@type\":\"PropertyValueSpecification\",\"valueRequired\":true,\"valueName\":\"search_term_string\"}}],\"inLanguage\":\"fr-FR\"},{\"@type\":\"Organization\",\"@id\":\"https:\\\/\\\/vanmodel-sheetmetal.com\\\/#organization\",\"name\":\"Vanmodel-sheet metal\",\"url\":\"https:\\\/\\\/vanmodel-sheetmetal.com\\\/\",\"logo\":{\"@type\":\"ImageObject\",\"inLanguage\":\"fr-FR\",\"@id\":\"https:\\\/\\\/vanmodel-sheetmetal.com\\\/#\\\/schema\\\/logo\\\/image\\\/\",\"url\":\"https:\\\/\\\/vanmodel-sheetmetal.com\\\/wp-content\\\/uploads\\\/2025\\\/06\\\/logo21.png\",\"contentUrl\":\"https:\\\/\\\/vanmodel-sheetmetal.com\\\/wp-content\\\/uploads\\\/2025\\\/06\\\/logo21.png\",\"width\":426,\"height\":220,\"caption\":\"Vanmodel-sheet metal\"},\"image\":{\"@id\":\"https:\\\/\\\/vanmodel-sheetmetal.com\\\/#\\\/schema\\\/logo\\\/image\\\/\"}}]}<\/script>\n<!-- \/ Yoast SEO Premium plugin. -->","yoast_head_json":{"title":"Metal Spinning - Vanmodel-sheet metal","description":"Expert metal spinning services for aerospace & automotive components. High-precision spin forming with excellent cost-effectiveness.","robots":{"index":"index","follow":"follow","max-snippet":"max-snippet:-1","max-image-preview":"max-image-preview:large","max-video-preview":"max-video-preview:-1"},"canonical":"https:\/\/vanmodel-sheetmetal.com\/fr\/produit\/metal-spinning\/","og_locale":"fr_FR","og_type":"article","og_title":"Metal Spinning","og_description":"Expert metal spinning services for aerospace & automotive components. High-precision spin forming with excellent cost-effectiveness.","og_url":"https:\/\/vanmodel-sheetmetal.com\/fr\/produit\/metal-spinning\/","og_site_name":"Vanmodel-sheet metal","article_modified_time":"2025-10-26T14:01:22+00:00","og_image":[{"width":800,"height":800,"url":"https:\/\/vanmodel-sheetmetal.com\/wp-content\/uploads\/2023\/07\/Metal-Spinning.jpg","type":"image\/jpeg"}],"twitter_card":"summary_large_image","twitter_misc":{"Dur\u00e9e de lecture estim\u00e9e":"2 minutes"},"schema":{"@context":"https:\/\/schema.org","@graph":[{"@type":"WebPage","@id":"https:\/\/vanmodel-sheetmetal.com\/product\/metal-spinning\/","url":"https:\/\/vanmodel-sheetmetal.com\/product\/metal-spinning\/","name":"Metal Spinning - Vanmodel-sheet metal","isPartOf":{"@id":"https:\/\/vanmodel-sheetmetal.com\/#website"},"primaryImageOfPage":{"@id":"https:\/\/vanmodel-sheetmetal.com\/product\/metal-spinning\/#primaryimage"},"image":{"@id":"https:\/\/vanmodel-sheetmetal.com\/product\/metal-spinning\/#primaryimage"},"thumbnailUrl":"https:\/\/vanmodel-sheetmetal.com\/wp-content\/uploads\/2023\/07\/Metal-Spinning.jpg","datePublished":"2025-07-01T04:10:45+00:00","dateModified":"2025-10-26T14:01:22+00:00","description":"Expert metal spinning services for aerospace & automotive components. High-precision spin forming with excellent cost-effectiveness.","breadcrumb":{"@id":"https:\/\/vanmodel-sheetmetal.com\/product\/metal-spinning\/#breadcrumb"},"inLanguage":"fr-FR","potentialAction":[{"@type":"ReadAction","target":["https:\/\/vanmodel-sheetmetal.com\/product\/metal-spinning\/"]}]},{"@type":"ImageObject","inLanguage":"fr-FR","@id":"https:\/\/vanmodel-sheetmetal.com\/product\/metal-spinning\/#primaryimage","url":"https:\/\/vanmodel-sheetmetal.com\/wp-content\/uploads\/2023\/07\/Metal-Spinning.jpg","contentUrl":"https:\/\/vanmodel-sheetmetal.com\/wp-content\/uploads\/2023\/07\/Metal-Spinning.jpg","width":800,"height":800},{"@type":"BreadcrumbList","@id":"https:\/\/vanmodel-sheetmetal.com\/product\/metal-spinning\/#breadcrumb","itemListElement":[{"@type":"ListItem","position":1,"name":"Home","item":"https:\/\/vanmodel-sheetmetal.com\/"},{"@type":"ListItem","position":2,"name":"Product","item":"https:\/\/vanmodel-sheetmetal.com\/es\/product\/"},{"@type":"ListItem","position":3,"name":"Metal Spinning"}]},{"@type":"WebSite","@id":"https:\/\/vanmodel-sheetmetal.com\/#website","url":"https:\/\/vanmodel-sheetmetal.com\/","name":"Vanmodel-sheet metal","description":"Dongguan Vanmodel Precision metal Products Group","publisher":{"@id":"https:\/\/vanmodel-sheetmetal.com\/#organization"},"potentialAction":[{"@type":"SearchAction","target":{"@type":"EntryPoint","urlTemplate":"https:\/\/vanmodel-sheetmetal.com\/?s={search_term_string}"},"query-input":{"@type":"PropertyValueSpecification","valueRequired":true,"valueName":"search_term_string"}}],"inLanguage":"fr-FR"},{"@type":"Organization","@id":"https:\/\/vanmodel-sheetmetal.com\/#organization","name":"Vanmodel-sheet metal","url":"https:\/\/vanmodel-sheetmetal.com\/","logo":{"@type":"ImageObject","inLanguage":"fr-FR","@id":"https:\/\/vanmodel-sheetmetal.com\/#\/schema\/logo\/image\/","url":"https:\/\/vanmodel-sheetmetal.com\/wp-content\/uploads\/2025\/06\/logo21.png","contentUrl":"https:\/\/vanmodel-sheetmetal.com\/wp-content\/uploads\/2025\/06\/logo21.png","width":426,"height":220,"caption":"Vanmodel-sheet metal"},"image":{"@id":"https:\/\/vanmodel-sheetmetal.com\/#\/schema\/logo\/image\/"}}]}},"taxonomy_info":{"product_cat":[{"value":36,"label":"Precision Stamping"}],"product_tag":[{"value":54,"label":"Metal Forming"},{"value":52,"label":"Metal Spinning"},{"value":53,"label":"Spin Forming"}]},"featured_image_src_large":["https:\/\/vanmodel-sheetmetal.com\/wp-content\/uploads\/2023\/07\/Metal-Spinning.jpg",800,800,false],"author_info":[],"comment_info":"","_links":{"self":[{"href":"https:\/\/vanmodel-sheetmetal.com\/fr\/wp-json\/wp\/v2\/product\/2576","targetHints":{"allow":["GET"]}}],"collection":[{"href":"https:\/\/vanmodel-sheetmetal.com\/fr\/wp-json\/wp\/v2\/product"}],"about":[{"href":"https:\/\/vanmodel-sheetmetal.com\/fr\/wp-json\/wp\/v2\/types\/product"}],"wp:featuredmedia":[{"embeddable":true,"href":"https:\/\/vanmodel-sheetmetal.com\/fr\/wp-json\/wp\/v2\/media\/2554"}],"wp:attachment":[{"href":"https:\/\/vanmodel-sheetmetal.com\/fr\/wp-json\/wp\/v2\/media?parent=2576"}],"wp:term":[{"taxonomy":"product_brand","embeddable":true,"href":"https:\/\/vanmodel-sheetmetal.com\/fr\/wp-json\/wp\/v2\/product_brand?post=2576"},{"taxonomy":"product_cat","embeddable":true,"href":"https:\/\/vanmodel-sheetmetal.com\/fr\/wp-json\/wp\/v2\/product_cat?post=2576"},{"taxonomy":"product_tag","embeddable":true,"href":"https:\/\/vanmodel-sheetmetal.com\/fr\/wp-json\/wp\/v2\/product_tag?post=2576"}],"curies":[{"name":"wp","href":"https:\/\/api.w.org\/{rel}","templated":true}]}}