{"id":2628,"date":"2025-07-05T10:24:01","date_gmt":"2025-07-05T10:24:01","guid":{"rendered":"https:\/\/vanmodel-sheetmetal.com\/?post_type=product&#038;p=2628"},"modified":"2025-10-26T13:52:33","modified_gmt":"2025-10-26T13:52:33","slug":"ops-chassis-enclosure","status":"publish","type":"product","link":"https:\/\/vanmodel-sheetmetal.com\/fr\/produit\/ops-chassis-enclosure\/","title":{"rendered":"Bo\u00eetier de ch\u00e2ssis OPS"},"content":{"rendered":"<p>Fabrication de t\u00f4lerie de pr\u00e9cision : Votre vision, notre savoir-faire<\/p>\n<p>Notre service repose sur un engagement \u00e0 transformer vos concepts en produits de t\u00f4lerie durables et de haute qualit\u00e9. Pour ce faire, nous utilisons des proc\u00e9d\u00e9s de fabrication flexibles qui int\u00e8grent harmonieusement l&#039;emboutissage de moules sur mesure et la d\u00e9coupe laser de pr\u00e9cision. Ainsi, que vous ayez besoin d&#039;un prototype unique ou d&#039;une production en grande s\u00e9rie, nous vous garantissons une pr\u00e9cision et une efficacit\u00e9 exceptionnelles tout au long du processus.<\/p>\n<p>Notre engagement qualit\u00e9 :<\/p>\n<p>S\u00e9lection de mat\u00e9riaux haut de gamme<br \/>\nNous utilisons de l&#039;acier galvanis\u00e9 haute r\u00e9sistance et d&#039;autres m\u00e9taux de premi\u00e8re qualit\u00e9 pour garantir une qualit\u00e9 irr\u00e9prochable. Ce choix de mat\u00e9riaux assure une r\u00e9sistance sup\u00e9rieure \u00e0 la corrosion et une durabilit\u00e9 structurelle optimale. De plus, cette s\u00e9lection rigoureuse garantit la protection de votre investissement et des performances optimales sur le long terme.<\/p>\n<p>Options de finition de surface avanc\u00e9es<br \/>\nAu-del\u00e0 du formage de pr\u00e9cision, nous proposons des solutions de finition compl\u00e8tes. Vous pouvez par exemple choisir parmi des finitions bross\u00e9es, anodis\u00e9es, polies, sabl\u00e9es ou thermolaqu\u00e9es. De plus, chaque option est con\u00e7ue pour offrir une r\u00e9sistance exceptionnelle \u00e0 la corrosion et \u00e0 la d\u00e9coloration, tout en r\u00e9pondant \u00e0 vos exigences esth\u00e9tiques.<\/p>\n<p>Services de personnalisation complets<br \/>\nAvant tout, nous accordons la priorit\u00e9 \u00e0 vos exigences sp\u00e9cifiques. C&#039;est pourquoi nous nous adaptons pleinement \u00e0 vos besoins en acceptant des dimensions et des couleurs personnalis\u00e9es \u00e0 partir de vos dessins CAO ou d&#039;\u00e9chantillons. Ainsi, nous garantissons que le produit final correspondra parfaitement \u00e0 vos intentions de conception et \u00e0 vos sp\u00e9cifications fonctionnelles.<\/p>\n<p>Votre partenaire de fabrication de bout en bout<br \/>\nGr\u00e2ce \u00e0 nos comp\u00e9tences \u00e9tendues, nous sommes parfaitement positionn\u00e9s pour la fabrication de bo\u00eetiers, de supports et d&#039;\u00e9l\u00e9ments architecturaux. De plus, notre mod\u00e8le de service int\u00e9gr\u00e9 garantit la coh\u00e9rence et la fiabilit\u00e9 de nos produits, du prototype initial \u00e0 la production finale.<\/p>\n<p>Pr\u00eat \u00e0 d\u00e9marrer votre projet ?<br \/>\nSi vous recherchez un partenaire de fabrication fiable, [Contactez-nous pour une consultation gratuite] ou [Demandez un devis instantan\u00e9]<\/p>","protected":false},"excerpt":{"rendered":"<p>Fabrication de t\u00f4lerie de pr\u00e9cision\u00a0: votre vision, notre savoir-faire. Au c\u0153ur de notre service se trouve notre engagement \u00e0 transformer vos concepts en produits de t\u00f4lerie durables et de haute qualit\u00e9. Plus pr\u00e9cis\u00e9ment, nous y parvenons gr\u00e2ce \u00e0 des proc\u00e9d\u00e9s de fabrication flexibles qui int\u00e8grent parfaitement l&#039;emboutissage de moules sur mesure et la d\u00e9coupe laser de pr\u00e9cision. Ainsi, que vous ayez besoin d&#039;un prototype unique ou\u2026<\/p>","protected":false},"featured_media":2625,"template":"","meta":{"_kad_blocks_custom_css":"","_kad_blocks_head_custom_js":"","_kad_blocks_body_custom_js":"","_kad_blocks_footer_custom_js":"","_kadence_starter_templates_imported_post":false,"_kad_post_transparent":"default","_kad_post_title":"","_kad_post_layout":"default","_kad_post_sidebar_id":"","_kad_post_content_style":"default","_kad_post_vertical_padding":"default","_kad_post_feature":"","_kad_post_feature_position":"","_kad_post_header":false,"_kad_post_footer":false,"_kad_post_classname":""},"product_brand":[],"product_cat":[34],"product_tag":[51],"class_list":{"0":"post-2628","1":"product","2":"type-product","3":"status-publish","4":"has-post-thumbnail","6":"product_cat-sheet-metal-fabrication","7":"product_tag-sheet-metal-fabrication","9":"first","10":"instock","11":"shipping-taxable","12":"product-type-simple","13":"entry","14":"content-bg","15":"loop-entry"},"yoast_head":"<!-- This site is optimized with the Yoast SEO Premium plugin v20.5 (Yoast SEO v27.4) - https:\/\/yoast.com\/product\/yoast-seo-premium-wordpress\/ -->\n<title>OPS Chassis Enclosure - Vanmodel-sheet metal<\/title>\n<meta name=\"description\" content=\"VanModel specializes in sheet metal fabrication &amp; custom stamping services. Using high-strength galvanized steel with powder coating finishes.\" \/>\n<meta name=\"robots\" content=\"index, follow, max-snippet:-1, max-image-preview:large, max-video-preview:-1\" \/>\n<link rel=\"canonical\" href=\"https:\/\/vanmodel-sheetmetal.com\/fr\/produit\/ops-chassis-enclosure\/\" \/>\n<meta property=\"og:locale\" content=\"fr_FR\" \/>\n<meta property=\"og:type\" content=\"article\" \/>\n<meta property=\"og:title\" content=\"OPS Chassis Enclosure\" \/>\n<meta property=\"og:description\" content=\"VanModel specializes in sheet metal fabrication &amp; custom stamping services. Using high-strength galvanized steel with powder coating finishes.\" \/>\n<meta property=\"og:url\" content=\"https:\/\/vanmodel-sheetmetal.com\/fr\/produit\/ops-chassis-enclosure\/\" \/>\n<meta property=\"og:site_name\" content=\"Vanmodel-sheet metal\" \/>\n<meta property=\"article:modified_time\" content=\"2025-10-26T13:52:33+00:00\" \/>\n<meta property=\"og:image\" content=\"https:\/\/vanmodel-sheetmetal.com\/wp-content\/uploads\/2023\/07\/Sheet-Metal-Fabrication1.png\" \/>\n\t<meta property=\"og:image:width\" content=\"800\" \/>\n\t<meta property=\"og:image:height\" content=\"800\" \/>\n\t<meta property=\"og:image:type\" content=\"image\/png\" \/>\n<meta name=\"twitter:card\" content=\"summary_large_image\" \/>\n<meta name=\"twitter:label1\" content=\"Dur\u00e9e de lecture estim\u00e9e\" \/>\n\t<meta name=\"twitter:data1\" content=\"2 minutes\" \/>\n<script type=\"application\/ld+json\" class=\"yoast-schema-graph\">{\"@context\":\"https:\\\/\\\/schema.org\",\"@graph\":[{\"@type\":\"WebPage\",\"@id\":\"https:\\\/\\\/vanmodel-sheetmetal.com\\\/product\\\/ops-chassis-enclosure\\\/\",\"url\":\"https:\\\/\\\/vanmodel-sheetmetal.com\\\/product\\\/ops-chassis-enclosure\\\/\",\"name\":\"OPS Chassis Enclosure - Vanmodel-sheet metal\",\"isPartOf\":{\"@id\":\"https:\\\/\\\/vanmodel-sheetmetal.com\\\/#website\"},\"primaryImageOfPage\":{\"@id\":\"https:\\\/\\\/vanmodel-sheetmetal.com\\\/product\\\/ops-chassis-enclosure\\\/#primaryimage\"},\"image\":{\"@id\":\"https:\\\/\\\/vanmodel-sheetmetal.com\\\/product\\\/ops-chassis-enclosure\\\/#primaryimage\"},\"thumbnailUrl\":\"https:\\\/\\\/vanmodel-sheetmetal.com\\\/wp-content\\\/uploads\\\/2023\\\/07\\\/Sheet-Metal-Fabrication1.png\",\"datePublished\":\"2025-07-05T10:24:01+00:00\",\"dateModified\":\"2025-10-26T13:52:33+00:00\",\"description\":\"VanModel specializes in sheet metal fabrication & custom stamping services. Using high-strength galvanized steel with powder coating finishes.\",\"breadcrumb\":{\"@id\":\"https:\\\/\\\/vanmodel-sheetmetal.com\\\/product\\\/ops-chassis-enclosure\\\/#breadcrumb\"},\"inLanguage\":\"fr-FR\",\"potentialAction\":[{\"@type\":\"ReadAction\",\"target\":[\"https:\\\/\\\/vanmodel-sheetmetal.com\\\/product\\\/ops-chassis-enclosure\\\/\"]}]},{\"@type\":\"ImageObject\",\"inLanguage\":\"fr-FR\",\"@id\":\"https:\\\/\\\/vanmodel-sheetmetal.com\\\/product\\\/ops-chassis-enclosure\\\/#primaryimage\",\"url\":\"https:\\\/\\\/vanmodel-sheetmetal.com\\\/wp-content\\\/uploads\\\/2023\\\/07\\\/Sheet-Metal-Fabrication1.png\",\"contentUrl\":\"https:\\\/\\\/vanmodel-sheetmetal.com\\\/wp-content\\\/uploads\\\/2023\\\/07\\\/Sheet-Metal-Fabrication1.png\",\"width\":800,\"height\":800},{\"@type\":\"BreadcrumbList\",\"@id\":\"https:\\\/\\\/vanmodel-sheetmetal.com\\\/product\\\/ops-chassis-enclosure\\\/#breadcrumb\",\"itemListElement\":[{\"@type\":\"ListItem\",\"position\":1,\"name\":\"Home\",\"item\":\"https:\\\/\\\/vanmodel-sheetmetal.com\\\/\"},{\"@type\":\"ListItem\",\"position\":2,\"name\":\"Product\",\"item\":\"https:\\\/\\\/vanmodel-sheetmetal.com\\\/es\\\/product\\\/\"},{\"@type\":\"ListItem\",\"position\":3,\"name\":\"OPS Chassis Enclosure\"}]},{\"@type\":\"WebSite\",\"@id\":\"https:\\\/\\\/vanmodel-sheetmetal.com\\\/#website\",\"url\":\"https:\\\/\\\/vanmodel-sheetmetal.com\\\/\",\"name\":\"Vanmodel-sheet metal\",\"description\":\"Dongguan Vanmodel Precision metal Products Group\",\"publisher\":{\"@id\":\"https:\\\/\\\/vanmodel-sheetmetal.com\\\/#organization\"},\"potentialAction\":[{\"@type\":\"SearchAction\",\"target\":{\"@type\":\"EntryPoint\",\"urlTemplate\":\"https:\\\/\\\/vanmodel-sheetmetal.com\\\/?s={search_term_string}\"},\"query-input\":{\"@type\":\"PropertyValueSpecification\",\"valueRequired\":true,\"valueName\":\"search_term_string\"}}],\"inLanguage\":\"fr-FR\"},{\"@type\":\"Organization\",\"@id\":\"https:\\\/\\\/vanmodel-sheetmetal.com\\\/#organization\",\"name\":\"Vanmodel-sheet metal\",\"url\":\"https:\\\/\\\/vanmodel-sheetmetal.com\\\/\",\"logo\":{\"@type\":\"ImageObject\",\"inLanguage\":\"fr-FR\",\"@id\":\"https:\\\/\\\/vanmodel-sheetmetal.com\\\/#\\\/schema\\\/logo\\\/image\\\/\",\"url\":\"https:\\\/\\\/vanmodel-sheetmetal.com\\\/wp-content\\\/uploads\\\/2025\\\/06\\\/logo21.png\",\"contentUrl\":\"https:\\\/\\\/vanmodel-sheetmetal.com\\\/wp-content\\\/uploads\\\/2025\\\/06\\\/logo21.png\",\"width\":426,\"height\":220,\"caption\":\"Vanmodel-sheet metal\"},\"image\":{\"@id\":\"https:\\\/\\\/vanmodel-sheetmetal.com\\\/#\\\/schema\\\/logo\\\/image\\\/\"}}]}<\/script>\n<!-- \/ Yoast SEO Premium plugin. -->","yoast_head_json":{"title":"OPS Chassis Enclosure - Vanmodel-sheet metal","description":"VanModel specializes in sheet metal fabrication & custom stamping services. Using high-strength galvanized steel with powder coating finishes.","robots":{"index":"index","follow":"follow","max-snippet":"max-snippet:-1","max-image-preview":"max-image-preview:large","max-video-preview":"max-video-preview:-1"},"canonical":"https:\/\/vanmodel-sheetmetal.com\/fr\/produit\/ops-chassis-enclosure\/","og_locale":"fr_FR","og_type":"article","og_title":"OPS Chassis Enclosure","og_description":"VanModel specializes in sheet metal fabrication & custom stamping services. Using high-strength galvanized steel with powder coating finishes.","og_url":"https:\/\/vanmodel-sheetmetal.com\/fr\/produit\/ops-chassis-enclosure\/","og_site_name":"Vanmodel-sheet metal","article_modified_time":"2025-10-26T13:52:33+00:00","og_image":[{"width":800,"height":800,"url":"https:\/\/vanmodel-sheetmetal.com\/wp-content\/uploads\/2023\/07\/Sheet-Metal-Fabrication1.png","type":"image\/png"}],"twitter_card":"summary_large_image","twitter_misc":{"Dur\u00e9e de lecture estim\u00e9e":"2 minutes"},"schema":{"@context":"https:\/\/schema.org","@graph":[{"@type":"WebPage","@id":"https:\/\/vanmodel-sheetmetal.com\/product\/ops-chassis-enclosure\/","url":"https:\/\/vanmodel-sheetmetal.com\/product\/ops-chassis-enclosure\/","name":"OPS Chassis Enclosure - Vanmodel-sheet metal","isPartOf":{"@id":"https:\/\/vanmodel-sheetmetal.com\/#website"},"primaryImageOfPage":{"@id":"https:\/\/vanmodel-sheetmetal.com\/product\/ops-chassis-enclosure\/#primaryimage"},"image":{"@id":"https:\/\/vanmodel-sheetmetal.com\/product\/ops-chassis-enclosure\/#primaryimage"},"thumbnailUrl":"https:\/\/vanmodel-sheetmetal.com\/wp-content\/uploads\/2023\/07\/Sheet-Metal-Fabrication1.png","datePublished":"2025-07-05T10:24:01+00:00","dateModified":"2025-10-26T13:52:33+00:00","description":"VanModel specializes in sheet metal fabrication & custom stamping services. Using high-strength galvanized steel with powder coating finishes.","breadcrumb":{"@id":"https:\/\/vanmodel-sheetmetal.com\/product\/ops-chassis-enclosure\/#breadcrumb"},"inLanguage":"fr-FR","potentialAction":[{"@type":"ReadAction","target":["https:\/\/vanmodel-sheetmetal.com\/product\/ops-chassis-enclosure\/"]}]},{"@type":"ImageObject","inLanguage":"fr-FR","@id":"https:\/\/vanmodel-sheetmetal.com\/product\/ops-chassis-enclosure\/#primaryimage","url":"https:\/\/vanmodel-sheetmetal.com\/wp-content\/uploads\/2023\/07\/Sheet-Metal-Fabrication1.png","contentUrl":"https:\/\/vanmodel-sheetmetal.com\/wp-content\/uploads\/2023\/07\/Sheet-Metal-Fabrication1.png","width":800,"height":800},{"@type":"BreadcrumbList","@id":"https:\/\/vanmodel-sheetmetal.com\/product\/ops-chassis-enclosure\/#breadcrumb","itemListElement":[{"@type":"ListItem","position":1,"name":"Home","item":"https:\/\/vanmodel-sheetmetal.com\/"},{"@type":"ListItem","position":2,"name":"Product","item":"https:\/\/vanmodel-sheetmetal.com\/es\/product\/"},{"@type":"ListItem","position":3,"name":"OPS Chassis Enclosure"}]},{"@type":"WebSite","@id":"https:\/\/vanmodel-sheetmetal.com\/#website","url":"https:\/\/vanmodel-sheetmetal.com\/","name":"Vanmodel-sheet metal","description":"Dongguan Vanmodel Precision metal Products Group","publisher":{"@id":"https:\/\/vanmodel-sheetmetal.com\/#organization"},"potentialAction":[{"@type":"SearchAction","target":{"@type":"EntryPoint","urlTemplate":"https:\/\/vanmodel-sheetmetal.com\/?s={search_term_string}"},"query-input":{"@type":"PropertyValueSpecification","valueRequired":true,"valueName":"search_term_string"}}],"inLanguage":"fr-FR"},{"@type":"Organization","@id":"https:\/\/vanmodel-sheetmetal.com\/#organization","name":"Vanmodel-sheet metal","url":"https:\/\/vanmodel-sheetmetal.com\/","logo":{"@type":"ImageObject","inLanguage":"fr-FR","@id":"https:\/\/vanmodel-sheetmetal.com\/#\/schema\/logo\/image\/","url":"https:\/\/vanmodel-sheetmetal.com\/wp-content\/uploads\/2025\/06\/logo21.png","contentUrl":"https:\/\/vanmodel-sheetmetal.com\/wp-content\/uploads\/2025\/06\/logo21.png","width":426,"height":220,"caption":"Vanmodel-sheet metal"},"image":{"@id":"https:\/\/vanmodel-sheetmetal.com\/#\/schema\/logo\/image\/"}}]}},"taxonomy_info":{"product_cat":[{"value":34,"label":"Sheet Metal Fabrication"}],"product_tag":[{"value":51,"label":"Sheet Metal Fabrication"}]},"featured_image_src_large":["https:\/\/vanmodel-sheetmetal.com\/wp-content\/uploads\/2023\/07\/Sheet-Metal-Fabrication1.png",800,800,false],"author_info":[],"comment_info":"","_links":{"self":[{"href":"https:\/\/vanmodel-sheetmetal.com\/fr\/wp-json\/wp\/v2\/product\/2628","targetHints":{"allow":["GET"]}}],"collection":[{"href":"https:\/\/vanmodel-sheetmetal.com\/fr\/wp-json\/wp\/v2\/product"}],"about":[{"href":"https:\/\/vanmodel-sheetmetal.com\/fr\/wp-json\/wp\/v2\/types\/product"}],"wp:featuredmedia":[{"embeddable":true,"href":"https:\/\/vanmodel-sheetmetal.com\/fr\/wp-json\/wp\/v2\/media\/2625"}],"wp:attachment":[{"href":"https:\/\/vanmodel-sheetmetal.com\/fr\/wp-json\/wp\/v2\/media?parent=2628"}],"wp:term":[{"taxonomy":"product_brand","embeddable":true,"href":"https:\/\/vanmodel-sheetmetal.com\/fr\/wp-json\/wp\/v2\/product_brand?post=2628"},{"taxonomy":"product_cat","embeddable":true,"href":"https:\/\/vanmodel-sheetmetal.com\/fr\/wp-json\/wp\/v2\/product_cat?post=2628"},{"taxonomy":"product_tag","embeddable":true,"href":"https:\/\/vanmodel-sheetmetal.com\/fr\/wp-json\/wp\/v2\/product_tag?post=2628"}],"curies":[{"name":"wp","href":"https:\/\/api.w.org\/{rel}","templated":true}]}}