{"id":2632,"date":"2025-07-05T10:49:34","date_gmt":"2025-07-05T10:49:34","guid":{"rendered":"https:\/\/vanmodel-sheetmetal.com\/?post_type=product&#038;p=2632"},"modified":"2025-10-26T13:46:26","modified_gmt":"2025-10-26T13:46:26","slug":"hdmi-7-1-display-metal-bezel-enclosure","status":"publish","type":"product","link":"https:\/\/vanmodel-sheetmetal.com\/fr\/produit\/hdmi-7-1-display-metal-bezel-enclosure\/","title":{"rendered":"Bo\u00eetier d&#039;affichage HDMI 7.1 avec cadre m\u00e9tallique"},"content":{"rendered":"<p class=\"ds-markdown-paragraph\"><strong>Fabrication de t\u00f4lerie de pr\u00e9cision, adapt\u00e9e \u00e0 votre vision<\/strong><\/p>\n<p class=\"ds-markdown-paragraph\">Chez VanModel, nous faisons le lien entre vos id\u00e9es et des produits en t\u00f4le de haute qualit\u00e9 et durables.\u00a0<strong>Sp\u00e9cifiquement,<\/strong>\u00a0Nos processus de fabrication flexibles int\u00e8grent parfaitement l&#039;emboutissage de moules sur mesure et la d\u00e9coupe laser de pr\u00e9cision, garantissant ainsi que votre projet \u2014 des prototypes uniques aux productions en grande s\u00e9rie \u2014 soit ex\u00e9cut\u00e9 avec une efficacit\u00e9 et une pr\u00e9cision exceptionnelles.<\/p>\n<p class=\"ds-markdown-paragraph\"><strong>Notre engagement envers l&#039;excellence :<\/strong><\/p>\n<p class=\"ds-markdown-paragraph\"><strong>Qualit\u00e9 des mat\u00e9riaux in\u00e9gal\u00e9e<\/strong><br \/>\nNous fabriquons vos produits en utilisant de l&#039;acier galvanis\u00e9 haute r\u00e9sistance et d&#039;autres m\u00e9taux de premi\u00e8re qualit\u00e9.\u00a0<strong>Par cons\u00e9quent,<\/strong>\u00a0Cela lui conf\u00e8re une r\u00e9sistance \u00e0 la rouille intrins\u00e8quement sup\u00e9rieure et une durabilit\u00e9 structurelle \u00e0 long terme.\u00a0<strong>Finalement,<\/strong>\u00a0Cette qualit\u00e9 fondamentale prot\u00e8ge votre investissement et assure la long\u00e9vit\u00e9 du produit.<\/p>\n<p class=\"ds-markdown-paragraph\"><strong>Finition de surface avanc\u00e9e<\/strong><br \/>\nAu-del\u00e0 d&#039;un formage pr\u00e9cis, nous proposons une gamme compl\u00e8te d&#039;options de finition m\u00e9ticuleuses.\u00a0<strong>Par exemple,<\/strong>\u00a0Choisissez parmi les finitions bross\u00e9es, anodis\u00e9es, polies, sabl\u00e9es ou thermolaqu\u00e9es pour obtenir l&#039;esth\u00e9tique souhait\u00e9e.\u00a0<strong>alors que<\/strong>\u00a0garantissant une r\u00e9sistance exceptionnelle \u00e0 la corrosion et \u00e0 la d\u00e9coloration.<\/p>\n<p class=\"ds-markdown-paragraph\"><strong>Service de personnalisation complet<\/strong><br \/>\nVos sp\u00e9cifications sont notre plan directeur.\u00a0<strong>Donc,<\/strong>\u00a0Nous nous adaptons parfaitement \u00e0 vos besoins, en acceptant les tailles et les couleurs personnalis\u00e9es \u00e0 partir de vos dessins CAO ou d&#039;\u00e9chantillons physiques.\u00a0<strong>Cette approche<\/strong>\u00a0garantit que le produit final correspond parfaitement \u00e0 vos intentions de conception et \u00e0 vos exigences fonctionnelles.<\/p>\n<p class=\"ds-markdown-paragraph\"><strong>Votre partenaire de fabrication de bout en bout<\/strong><br \/>\n<strong>Compte tenu de nos capacit\u00e9s \u00e9tendues,<\/strong>\u00a0Nous sommes parfaitement adapt\u00e9s aux applications dans les bo\u00eetiers, les supports et les composants architecturaux.\u00a0<strong>De plus,<\/strong>\u00a0Notre mod\u00e8le de service int\u00e9gr\u00e9 garantit la coh\u00e9rence et la fiabilit\u00e9 du prototype \u00e0 la production finale.<\/p>\n<p class=\"ds-markdown-paragraph\"><strong>Pr\u00eat \u00e0 donner vie \u00e0 votre design ?<\/strong><br \/>\n<strong>Si vous avez un projet en t\u00eate,<\/strong>\u00a0[Contactez-nous pour une consultation gratuite de votre projet] ou [Demandez un devis instantan\u00e9]<\/p>","protected":false},"excerpt":{"rendered":"<p>Fabrication de t\u00f4lerie de pr\u00e9cision, adapt\u00e9e \u00e0 votre vision. Chez VanModel, nous combinons vos concepts avec des produits en t\u00f4lerie durables et de haute qualit\u00e9. Plus pr\u00e9cis\u00e9ment, nos proc\u00e9d\u00e9s de fabrication flexibles int\u00e8grent parfaitement l&#039;emboutissage de moules sur mesure et la d\u00e9coupe laser de pr\u00e9cision, garantissant ainsi l&#039;ex\u00e9cution de votre projet, du prototype unique \u00e0 la production en grande s\u00e9rie, avec une efficacit\u00e9 et une pr\u00e9cision exceptionnelles. Notre engagement envers l&#039;excellence\u00a0: une qualit\u00e9 in\u00e9gal\u00e9e\u2026<\/p>","protected":false},"featured_media":2634,"template":"","meta":{"_kad_blocks_custom_css":"","_kad_blocks_head_custom_js":"","_kad_blocks_body_custom_js":"","_kad_blocks_footer_custom_js":"","_kadence_starter_templates_imported_post":false,"_kad_post_transparent":"default","_kad_post_title":"","_kad_post_layout":"default","_kad_post_sidebar_id":"","_kad_post_content_style":"default","_kad_post_vertical_padding":"default","_kad_post_feature":"","_kad_post_feature_position":"","_kad_post_header":false,"_kad_post_footer":false,"_kad_post_classname":""},"product_brand":[],"product_cat":[34],"product_tag":[50],"class_list":{"0":"post-2632","1":"product","2":"type-product","3":"status-publish","4":"has-post-thumbnail","6":"product_cat-sheet-metal-fabrication","7":"product_tag-custom-sheet-metal-fabrication-stamping-services","9":"first","10":"instock","11":"shipping-taxable","12":"product-type-simple","13":"entry","14":"content-bg","15":"loop-entry"},"yoast_head":"<!-- This site is optimized with the Yoast SEO Premium plugin v20.5 (Yoast SEO v27.4) - https:\/\/yoast.com\/product\/yoast-seo-premium-wordpress\/ -->\n<title>HDMI 7.1 Display Metal Bezel Enclosure - Vanmodel-sheet metal<\/title>\n<meta name=\"description\" content=\"Expert in sheet metal fabrication, custom stamping &amp; precision laser cutting. We use high-strength galvanized steel &amp; offer powder coating.\" \/>\n<meta name=\"robots\" content=\"index, follow, max-snippet:-1, max-image-preview:large, max-video-preview:-1\" \/>\n<link rel=\"canonical\" href=\"https:\/\/vanmodel-sheetmetal.com\/fr\/produit\/hdmi-7-1-display-metal-bezel-enclosure\/\" \/>\n<meta property=\"og:locale\" content=\"fr_FR\" \/>\n<meta property=\"og:type\" content=\"article\" \/>\n<meta property=\"og:title\" content=\"HDMI 7.1 Display Metal Bezel Enclosure\" \/>\n<meta property=\"og:description\" content=\"Expert in sheet metal fabrication, custom stamping &amp; precision laser cutting. We use high-strength galvanized steel &amp; offer powder coating.\" \/>\n<meta property=\"og:url\" content=\"https:\/\/vanmodel-sheetmetal.com\/fr\/produit\/hdmi-7-1-display-metal-bezel-enclosure\/\" \/>\n<meta property=\"og:site_name\" content=\"Vanmodel-sheet metal\" \/>\n<meta property=\"article:modified_time\" content=\"2025-10-26T13:46:26+00:00\" \/>\n<meta property=\"og:image\" content=\"https:\/\/vanmodel-sheetmetal.com\/wp-content\/uploads\/2025\/07\/11-HDMI-7-.1-\u663e\u793a\u5c4f\u91d1\u5c5e\u6846\u5916\u58f32.png\" \/>\n\t<meta property=\"og:image:width\" content=\"800\" \/>\n\t<meta property=\"og:image:height\" content=\"800\" \/>\n\t<meta property=\"og:image:type\" content=\"image\/png\" \/>\n<meta name=\"twitter:card\" content=\"summary_large_image\" \/>\n<meta name=\"twitter:label1\" content=\"Dur\u00e9e de lecture estim\u00e9e\" \/>\n\t<meta name=\"twitter:data1\" content=\"2 minutes\" \/>\n<script type=\"application\/ld+json\" class=\"yoast-schema-graph\">{\"@context\":\"https:\\\/\\\/schema.org\",\"@graph\":[{\"@type\":\"WebPage\",\"@id\":\"https:\\\/\\\/vanmodel-sheetmetal.com\\\/product\\\/hdmi-7-1-display-metal-bezel-enclosure\\\/\",\"url\":\"https:\\\/\\\/vanmodel-sheetmetal.com\\\/product\\\/hdmi-7-1-display-metal-bezel-enclosure\\\/\",\"name\":\"HDMI 7.1 Display Metal Bezel Enclosure - Vanmodel-sheet metal\",\"isPartOf\":{\"@id\":\"https:\\\/\\\/vanmodel-sheetmetal.com\\\/#website\"},\"primaryImageOfPage\":{\"@id\":\"https:\\\/\\\/vanmodel-sheetmetal.com\\\/product\\\/hdmi-7-1-display-metal-bezel-enclosure\\\/#primaryimage\"},\"image\":{\"@id\":\"https:\\\/\\\/vanmodel-sheetmetal.com\\\/product\\\/hdmi-7-1-display-metal-bezel-enclosure\\\/#primaryimage\"},\"thumbnailUrl\":\"https:\\\/\\\/vanmodel-sheetmetal.com\\\/wp-content\\\/uploads\\\/2025\\\/07\\\/11-HDMI-7-.1-\u663e\u793a\u5c4f\u91d1\u5c5e\u6846\u5916\u58f32.png\",\"datePublished\":\"2025-07-05T10:49:34+00:00\",\"dateModified\":\"2025-10-26T13:46:26+00:00\",\"description\":\"Expert in sheet metal fabrication, custom stamping & precision laser cutting. We use high-strength galvanized steel & offer powder coating.\",\"breadcrumb\":{\"@id\":\"https:\\\/\\\/vanmodel-sheetmetal.com\\\/product\\\/hdmi-7-1-display-metal-bezel-enclosure\\\/#breadcrumb\"},\"inLanguage\":\"fr-FR\",\"potentialAction\":[{\"@type\":\"ReadAction\",\"target\":[\"https:\\\/\\\/vanmodel-sheetmetal.com\\\/product\\\/hdmi-7-1-display-metal-bezel-enclosure\\\/\"]}]},{\"@type\":\"ImageObject\",\"inLanguage\":\"fr-FR\",\"@id\":\"https:\\\/\\\/vanmodel-sheetmetal.com\\\/product\\\/hdmi-7-1-display-metal-bezel-enclosure\\\/#primaryimage\",\"url\":\"https:\\\/\\\/vanmodel-sheetmetal.com\\\/wp-content\\\/uploads\\\/2025\\\/07\\\/11-HDMI-7-.1-\u663e\u793a\u5c4f\u91d1\u5c5e\u6846\u5916\u58f32.png\",\"contentUrl\":\"https:\\\/\\\/vanmodel-sheetmetal.com\\\/wp-content\\\/uploads\\\/2025\\\/07\\\/11-HDMI-7-.1-\u663e\u793a\u5c4f\u91d1\u5c5e\u6846\u5916\u58f32.png\",\"width\":800,\"height\":800},{\"@type\":\"BreadcrumbList\",\"@id\":\"https:\\\/\\\/vanmodel-sheetmetal.com\\\/product\\\/hdmi-7-1-display-metal-bezel-enclosure\\\/#breadcrumb\",\"itemListElement\":[{\"@type\":\"ListItem\",\"position\":1,\"name\":\"Home\",\"item\":\"https:\\\/\\\/vanmodel-sheetmetal.com\\\/\"},{\"@type\":\"ListItem\",\"position\":2,\"name\":\"Product\",\"item\":\"https:\\\/\\\/vanmodel-sheetmetal.com\\\/es\\\/product\\\/\"},{\"@type\":\"ListItem\",\"position\":3,\"name\":\"HDMI 7.1 Display Metal Bezel Enclosure\"}]},{\"@type\":\"WebSite\",\"@id\":\"https:\\\/\\\/vanmodel-sheetmetal.com\\\/#website\",\"url\":\"https:\\\/\\\/vanmodel-sheetmetal.com\\\/\",\"name\":\"Vanmodel-sheet metal\",\"description\":\"Dongguan Vanmodel Precision metal Products Group\",\"publisher\":{\"@id\":\"https:\\\/\\\/vanmodel-sheetmetal.com\\\/#organization\"},\"potentialAction\":[{\"@type\":\"SearchAction\",\"target\":{\"@type\":\"EntryPoint\",\"urlTemplate\":\"https:\\\/\\\/vanmodel-sheetmetal.com\\\/?s={search_term_string}\"},\"query-input\":{\"@type\":\"PropertyValueSpecification\",\"valueRequired\":true,\"valueName\":\"search_term_string\"}}],\"inLanguage\":\"fr-FR\"},{\"@type\":\"Organization\",\"@id\":\"https:\\\/\\\/vanmodel-sheetmetal.com\\\/#organization\",\"name\":\"Vanmodel-sheet metal\",\"url\":\"https:\\\/\\\/vanmodel-sheetmetal.com\\\/\",\"logo\":{\"@type\":\"ImageObject\",\"inLanguage\":\"fr-FR\",\"@id\":\"https:\\\/\\\/vanmodel-sheetmetal.com\\\/#\\\/schema\\\/logo\\\/image\\\/\",\"url\":\"https:\\\/\\\/vanmodel-sheetmetal.com\\\/wp-content\\\/uploads\\\/2025\\\/06\\\/logo21.png\",\"contentUrl\":\"https:\\\/\\\/vanmodel-sheetmetal.com\\\/wp-content\\\/uploads\\\/2025\\\/06\\\/logo21.png\",\"width\":426,\"height\":220,\"caption\":\"Vanmodel-sheet metal\"},\"image\":{\"@id\":\"https:\\\/\\\/vanmodel-sheetmetal.com\\\/#\\\/schema\\\/logo\\\/image\\\/\"}}]}<\/script>\n<!-- \/ Yoast SEO Premium plugin. -->","yoast_head_json":{"title":"HDMI 7.1 Display Metal Bezel Enclosure - Vanmodel-sheet metal","description":"Expert in sheet metal fabrication, custom stamping & precision laser cutting. We use high-strength galvanized steel & offer powder coating.","robots":{"index":"index","follow":"follow","max-snippet":"max-snippet:-1","max-image-preview":"max-image-preview:large","max-video-preview":"max-video-preview:-1"},"canonical":"https:\/\/vanmodel-sheetmetal.com\/fr\/produit\/hdmi-7-1-display-metal-bezel-enclosure\/","og_locale":"fr_FR","og_type":"article","og_title":"HDMI 7.1 Display Metal Bezel Enclosure","og_description":"Expert in sheet metal fabrication, custom stamping & precision laser cutting. We use high-strength galvanized steel & offer powder coating.","og_url":"https:\/\/vanmodel-sheetmetal.com\/fr\/produit\/hdmi-7-1-display-metal-bezel-enclosure\/","og_site_name":"Vanmodel-sheet metal","article_modified_time":"2025-10-26T13:46:26+00:00","og_image":[{"width":800,"height":800,"url":"https:\/\/vanmodel-sheetmetal.com\/wp-content\/uploads\/2025\/07\/11-HDMI-7-.1-\u663e\u793a\u5c4f\u91d1\u5c5e\u6846\u5916\u58f32.png","type":"image\/png"}],"twitter_card":"summary_large_image","twitter_misc":{"Dur\u00e9e de lecture estim\u00e9e":"2 minutes"},"schema":{"@context":"https:\/\/schema.org","@graph":[{"@type":"WebPage","@id":"https:\/\/vanmodel-sheetmetal.com\/product\/hdmi-7-1-display-metal-bezel-enclosure\/","url":"https:\/\/vanmodel-sheetmetal.com\/product\/hdmi-7-1-display-metal-bezel-enclosure\/","name":"HDMI 7.1 Display Metal Bezel Enclosure - Vanmodel-sheet metal","isPartOf":{"@id":"https:\/\/vanmodel-sheetmetal.com\/#website"},"primaryImageOfPage":{"@id":"https:\/\/vanmodel-sheetmetal.com\/product\/hdmi-7-1-display-metal-bezel-enclosure\/#primaryimage"},"image":{"@id":"https:\/\/vanmodel-sheetmetal.com\/product\/hdmi-7-1-display-metal-bezel-enclosure\/#primaryimage"},"thumbnailUrl":"https:\/\/vanmodel-sheetmetal.com\/wp-content\/uploads\/2025\/07\/11-HDMI-7-.1-\u663e\u793a\u5c4f\u91d1\u5c5e\u6846\u5916\u58f32.png","datePublished":"2025-07-05T10:49:34+00:00","dateModified":"2025-10-26T13:46:26+00:00","description":"Expert in sheet metal fabrication, custom stamping & precision laser cutting. We use high-strength galvanized steel & offer powder coating.","breadcrumb":{"@id":"https:\/\/vanmodel-sheetmetal.com\/product\/hdmi-7-1-display-metal-bezel-enclosure\/#breadcrumb"},"inLanguage":"fr-FR","potentialAction":[{"@type":"ReadAction","target":["https:\/\/vanmodel-sheetmetal.com\/product\/hdmi-7-1-display-metal-bezel-enclosure\/"]}]},{"@type":"ImageObject","inLanguage":"fr-FR","@id":"https:\/\/vanmodel-sheetmetal.com\/product\/hdmi-7-1-display-metal-bezel-enclosure\/#primaryimage","url":"https:\/\/vanmodel-sheetmetal.com\/wp-content\/uploads\/2025\/07\/11-HDMI-7-.1-\u663e\u793a\u5c4f\u91d1\u5c5e\u6846\u5916\u58f32.png","contentUrl":"https:\/\/vanmodel-sheetmetal.com\/wp-content\/uploads\/2025\/07\/11-HDMI-7-.1-\u663e\u793a\u5c4f\u91d1\u5c5e\u6846\u5916\u58f32.png","width":800,"height":800},{"@type":"BreadcrumbList","@id":"https:\/\/vanmodel-sheetmetal.com\/product\/hdmi-7-1-display-metal-bezel-enclosure\/#breadcrumb","itemListElement":[{"@type":"ListItem","position":1,"name":"Home","item":"https:\/\/vanmodel-sheetmetal.com\/"},{"@type":"ListItem","position":2,"name":"Product","item":"https:\/\/vanmodel-sheetmetal.com\/es\/product\/"},{"@type":"ListItem","position":3,"name":"HDMI 7.1 Display Metal Bezel Enclosure"}]},{"@type":"WebSite","@id":"https:\/\/vanmodel-sheetmetal.com\/#website","url":"https:\/\/vanmodel-sheetmetal.com\/","name":"Vanmodel-sheet metal","description":"Dongguan Vanmodel Precision metal Products Group","publisher":{"@id":"https:\/\/vanmodel-sheetmetal.com\/#organization"},"potentialAction":[{"@type":"SearchAction","target":{"@type":"EntryPoint","urlTemplate":"https:\/\/vanmodel-sheetmetal.com\/?s={search_term_string}"},"query-input":{"@type":"PropertyValueSpecification","valueRequired":true,"valueName":"search_term_string"}}],"inLanguage":"fr-FR"},{"@type":"Organization","@id":"https:\/\/vanmodel-sheetmetal.com\/#organization","name":"Vanmodel-sheet metal","url":"https:\/\/vanmodel-sheetmetal.com\/","logo":{"@type":"ImageObject","inLanguage":"fr-FR","@id":"https:\/\/vanmodel-sheetmetal.com\/#\/schema\/logo\/image\/","url":"https:\/\/vanmodel-sheetmetal.com\/wp-content\/uploads\/2025\/06\/logo21.png","contentUrl":"https:\/\/vanmodel-sheetmetal.com\/wp-content\/uploads\/2025\/06\/logo21.png","width":426,"height":220,"caption":"Vanmodel-sheet metal"},"image":{"@id":"https:\/\/vanmodel-sheetmetal.com\/#\/schema\/logo\/image\/"}}]}},"taxonomy_info":{"product_cat":[{"value":34,"label":"Sheet Metal Fabrication"}],"product_tag":[{"value":50,"label":"Custom Sheet Metal Fabrication &amp; Stamping Services"}]},"featured_image_src_large":["https:\/\/vanmodel-sheetmetal.com\/wp-content\/uploads\/2025\/07\/11-HDMI-7-.1-\u663e\u793a\u5c4f\u91d1\u5c5e\u6846\u5916\u58f32.png",800,800,false],"author_info":[],"comment_info":"","_links":{"self":[{"href":"https:\/\/vanmodel-sheetmetal.com\/fr\/wp-json\/wp\/v2\/product\/2632","targetHints":{"allow":["GET"]}}],"collection":[{"href":"https:\/\/vanmodel-sheetmetal.com\/fr\/wp-json\/wp\/v2\/product"}],"about":[{"href":"https:\/\/vanmodel-sheetmetal.com\/fr\/wp-json\/wp\/v2\/types\/product"}],"wp:featuredmedia":[{"embeddable":true,"href":"https:\/\/vanmodel-sheetmetal.com\/fr\/wp-json\/wp\/v2\/media\/2634"}],"wp:attachment":[{"href":"https:\/\/vanmodel-sheetmetal.com\/fr\/wp-json\/wp\/v2\/media?parent=2632"}],"wp:term":[{"taxonomy":"product_brand","embeddable":true,"href":"https:\/\/vanmodel-sheetmetal.com\/fr\/wp-json\/wp\/v2\/product_brand?post=2632"},{"taxonomy":"product_cat","embeddable":true,"href":"https:\/\/vanmodel-sheetmetal.com\/fr\/wp-json\/wp\/v2\/product_cat?post=2632"},{"taxonomy":"product_tag","embeddable":true,"href":"https:\/\/vanmodel-sheetmetal.com\/fr\/wp-json\/wp\/v2\/product_tag?post=2632"}],"curies":[{"name":"wp","href":"https:\/\/api.w.org\/{rel}","templated":true}]}}