{"id":2672,"date":"2025-07-06T06:07:29","date_gmt":"2025-07-06T06:07:29","guid":{"rendered":"https:\/\/vanmodel-sheetmetal.com\/?post_type=product&#038;p=2672"},"modified":"2025-10-26T12:55:50","modified_gmt":"2025-10-26T12:55:50","slug":"between-centers-centerless-grinding","status":"publish","type":"product","link":"https:\/\/vanmodel-sheetmetal.com\/fr\/produit\/between-centers-centerless-grinding\/","title":{"rendered":"Emboutissage de m\u00e9tal"},"content":{"rendered":"<div id=\"Info-box-wrap-3139\" class=\"aio-icon-box top-icon\" data-immersive-translate-walked=\"b34589ab-fc21-41ba-8201-3949857882e2\">\n<div class=\"aio-icon-description ult-responsive\" data-ultimate-target=\"#Info-box-wrap-3139 .aio-icon-description\" data-responsive-json-new=\"{&quot;font-size&quot;:&quot;&quot;,&quot;line-height&quot;:&quot;&quot;}\" data-immersive-translate-walked=\"b34589ab-fc21-41ba-8201-3949857882e2\" data-immersive-translate-paragraph=\"1\">\n<p class=\"ds-markdown-paragraph\"><strong>Qu&#039;est-ce que l&#039;emboutissage des m\u00e9taux ?<\/strong><br \/>\nL&#039;emboutissage des m\u00e9taux est un proc\u00e9d\u00e9 de fabrication \u00e0 haut rendement et \u00e0 grande \u00e9chelle qui transforme des t\u00f4les plates (acier, aluminium, laiton, etc.) en composants pr\u00e9cis et complexes. Il utilise un outillage sp\u00e9cialis\u00e9 appel\u00e9\u00a0<strong>matrices d&#039;estampage<\/strong>\u00a0et des presses puissantes, le processus effectue la d\u00e9coupe, le pliage, le poin\u00e7onnage, le gaufrage et le formage en succession rapide, r\u00e9alisant souvent des pi\u00e8ces en quelques secondes.<\/p>\n<p class=\"ds-markdown-paragraph\"><strong>Pourquoi les industries font confiance \u00e0 l&#039;emboutissage :<\/strong><\/p>\n<ul>\n<li>\n<p class=\"ds-markdown-paragraph\"><strong>Rentabilit\u00e9 :<\/strong>\u00a0Id\u00e9al pour la production de masse, r\u00e9duisant consid\u00e9rablement les co\u00fbts par pi\u00e8ce<\/p>\n<\/li>\n<li>\n<p class=\"ds-markdown-paragraph\"><strong>Pr\u00e9cision et coh\u00e9rence :<\/strong>\u00a0Maintient des tol\u00e9rances de \u00b1 0,05 mm sur des millions de pi\u00e8ces<\/p>\n<\/li>\n<li>\n<p class=\"ds-markdown-paragraph\"><strong>Polyvalence des mat\u00e9riaux :<\/strong>\u00a0Traite tout, des feuilles minces (0,1 mm) aux plaques \u00e9paisses (6,0 mm et plus)<\/p>\n<\/li>\n<li>\n<p class=\"ds-markdown-paragraph\"><strong>G\u00e9om\u00e9trie complexe :<\/strong>\u00a0Cr\u00e9e des formes complexes impossibles \u00e0 obtenir avec l&#039;usinage ou le moulage<\/p>\n<\/li>\n<\/ul>\n<p class=\"ds-markdown-paragraph\"><strong>M\u00e9thodes d&#039;estampage de cl\u00e9s que nous ma\u00eetrisons\u00a0:<\/strong><\/p>\n<ol start=\"1\">\n<li>\n<p class=\"ds-markdown-paragraph\"><strong>Estampage progressif :<\/strong>\u00a0Plusieurs op\u00e9rations effectu\u00e9es en s\u00e9quence dans une seule matrice, alimentant le stock de bobines via des presses automatis\u00e9es.\u00a0<em>Id\u00e9al pour les connecteurs, les supports et les contacts \u00e9lectriques.<\/em><\/p>\n<\/li>\n<li>\n<p class=\"ds-markdown-paragraph\"><strong>Estampage par transfert :<\/strong>\u00a0Les pi\u00e8ces se d\u00e9placent entre des stations d\u00e9di\u00e9es via des syst\u00e8mes de transfert m\u00e9caniques.\u00a0<em>Id\u00e9al pour les composants plus grands comme les pi\u00e8ces structurelles automobiles.<\/em><\/p>\n<\/li>\n<li>\n<p class=\"ds-markdown-paragraph\"><strong>D\u00e9coupe fine :<\/strong>\u00a0Offre des bords ultra-lisses et sans bavures pour les applications critiques.\u00a0<em>Indispensable pour les appareils m\u00e9dicaux et les engrenages de pr\u00e9cision.<\/em><\/p>\n<\/li>\n<li>\n<p class=\"ds-markdown-paragraph\"><strong>Emboutissage profond :<\/strong>\u00a0Transforme la t\u00f4le en formes 3D sans soudure (tasses, enceintes, cylindres).\u00a0<em>Utilis\u00e9 pour les \u00e9viers, les bo\u00eetiers et les composants de blindage.<\/em><\/p>\n<\/li>\n<\/ol>\n<p class=\"ds-markdown-paragraph\"><strong>Au-del\u00e0 de la presse : nos services \u00e0 valeur ajout\u00e9e<\/strong><\/p>\n<ul>\n<li>\n<p class=\"ds-markdown-paragraph\"><strong>Excellence de l&#039;outillage :<\/strong>\u00a0Conception et fabrication en interne de matrices d&#039;emboutissage de pr\u00e9cision<\/p>\n<\/li>\n<li>\n<p class=\"ds-markdown-paragraph\"><strong>Op\u00e9rations secondaires int\u00e9gr\u00e9es :<\/strong><\/p>\n<ul>\n<li>\n<p class=\"ds-markdown-paragraph\">Usinage CNC pour les caract\u00e9ristiques critiques<\/p>\n<\/li>\n<li>\n<p class=\"ds-markdown-paragraph\">Finition de surface (galvanoplastie, rev\u00eatement en poudre, anodisation)<\/p>\n<\/li>\n<li>\n<p class=\"ds-markdown-paragraph\">Soudage et assemblage automatis\u00e9s<\/p>\n<\/li>\n<\/ul>\n<\/li>\n<li>\n<p class=\"ds-markdown-paragraph\"><strong>Assurance qualit\u00e9:<\/strong>\u00a0Surveillance en temps r\u00e9el avec capteurs int\u00e9gr\u00e9s, inspection CMM et tra\u00e7abilit\u00e9 des mat\u00e9riaux<\/p>\n<\/li>\n<\/ul>\n<p class=\"ds-markdown-paragraph\"><strong>Expertise en science des mat\u00e9riaux :<\/strong><br \/>\nNous tamponnons :<\/p>\n<ul>\n<li>\n<p class=\"ds-markdown-paragraph\">Aciers au carbone et inoxydables<\/p>\n<\/li>\n<li>\n<p class=\"ds-markdown-paragraph\">alliages d&#039;aluminium et de cuivre<\/p>\n<\/li>\n<li>\n<p class=\"ds-markdown-paragraph\">M\u00e9taux exotiques (Inconel, Titane)<\/p>\n<\/li>\n<li>\n<p class=\"ds-markdown-paragraph\">Rev\u00eatements sp\u00e9ciaux (galvanis\u00e9, aluzinc)<\/p>\n<\/li>\n<\/ul>\n<p class=\"ds-markdown-paragraph\"><strong>Pourquoi s&#039;associer \u00e0 VanModel pour vos projets d&#039;estampage ?<\/strong><\/p>\n<ul>\n<li>\n<p class=\"ds-markdown-paragraph\"><strong>Vitesse de mise sur le march\u00e9 :<\/strong>\u00a0Prototypage rapide et d\u00e9veloppement d&#039;outillage<\/p>\n<\/li>\n<li>\n<p class=\"ds-markdown-paragraph\"><strong>Support technique :<\/strong>\u00a0Optimisation DFM (Design for Manufacturing)<\/p>\n<\/li>\n<li>\n<p class=\"ds-markdown-paragraph\"><strong>Int\u00e9gration verticale :<\/strong>\u00a0Cycle de production complet, de la mati\u00e8re premi\u00e8re \u00e0 l&#039;assemblage fini<\/p>\n<\/li>\n<li>\n<p class=\"ds-markdown-paragraph\"><strong>Conformit\u00e9 de l&#039;industrie :<\/strong>\u00a0Conforme aux normes IATF 16949, ISO 13485 et a\u00e9rospatiales<\/p>\n<\/li>\n<\/ul>\n<p class=\"ds-markdown-paragraph\"><strong>Pr\u00eat \u00e0 exploiter la puissance de l\u2019emboutissage de pr\u00e9cision des m\u00e9taux pour votre prochain projet\u00a0?<\/strong><\/p>\n<p class=\"ds-markdown-paragraph\"><strong>D\u00e9couvrez nos capacit\u00e9s avanc\u00e9es et demandez un devis d\u00e8s aujourd&#039;hui :<\/strong><br \/>\n<strong><a href=\"https:\/\/vanmodel-sheetmetal.com\/fr\/\" target=\"_blank\" rel=\"noopener noreferrer\">www.vanmodel-sheetmetal.com<\/a><\/strong><\/p>\n<\/div>\n<\/div>","protected":false},"excerpt":{"rendered":"<p>Qu&#039;est-ce que l&#039;emboutissage des m\u00e9taux\u00a0? L&#039;emboutissage des m\u00e9taux est un proc\u00e9d\u00e9 de fabrication \u00e0 haut rendement et \u00e0 grande \u00e9chelle qui transforme des t\u00f4les plates (acier, aluminium, laiton, etc.) en composants pr\u00e9cis et complexes. Gr\u00e2ce \u00e0 des outils sp\u00e9cialis\u00e9s appel\u00e9s matrices d&#039;emboutissage et \u00e0 des presses puissantes, ce proc\u00e9d\u00e9 effectue des op\u00e9rations de d\u00e9coupe, de pliage, de poin\u00e7onnage, d&#039;emboutissage et de formage en une succession rapide, permettant souvent de r\u00e9aliser des pi\u00e8ces en quelques secondes. Pourquoi les industries font confiance \u00e0 l&#039;emboutissage\u00a0:\u2026<\/p>","protected":false},"featured_media":2769,"template":"","meta":{"_kad_blocks_custom_css":"","_kad_blocks_head_custom_js":"","_kad_blocks_body_custom_js":"","_kad_blocks_footer_custom_js":"","_kadence_starter_templates_imported_post":false,"_kad_post_transparent":"default","_kad_post_title":"","_kad_post_layout":"default","_kad_post_sidebar_id":"","_kad_post_content_style":"default","_kad_post_vertical_padding":"default","_kad_post_feature":"","_kad_post_feature_position":"","_kad_post_header":false,"_kad_post_footer":false,"_kad_post_classname":""},"product_brand":[],"product_cat":[38],"product_tag":[47],"class_list":{"0":"post-2672","1":"product","2":"type-product","3":"status-publish","4":"has-post-thumbnail","6":"product_cat-others","7":"product_tag-precision-metal-stamping-manufacturer-supplier-vanmodel","9":"first","10":"instock","11":"shipping-taxable","12":"product-type-simple","13":"entry","14":"content-bg","15":"loop-entry"},"yoast_head":"<!-- This site is optimized with the Yoast SEO Premium plugin v20.5 (Yoast SEO v27.4) - https:\/\/yoast.com\/product\/yoast-seo-premium-wordpress\/ -->\n<title>Metal Stamping - Vanmodel-sheet metal<\/title>\n<meta name=\"description\" content=\"VanModel is a leading metal stamping manufacturer in China. We offer custom progressive die stamping, deep drawing &amp; fine blanking services. Get a quote!\" \/>\n<meta name=\"robots\" content=\"index, follow, max-snippet:-1, max-image-preview:large, max-video-preview:-1\" \/>\n<link rel=\"canonical\" href=\"https:\/\/vanmodel-sheetmetal.com\/fr\/produit\/between-centers-centerless-grinding\/\" \/>\n<meta property=\"og:locale\" content=\"fr_FR\" \/>\n<meta property=\"og:type\" content=\"article\" \/>\n<meta property=\"og:title\" content=\"Metal Stamping\" \/>\n<meta property=\"og:description\" content=\"VanModel is a leading metal stamping manufacturer in China. We offer custom progressive die stamping, deep drawing &amp; fine blanking services. Get a quote!\" \/>\n<meta property=\"og:url\" content=\"https:\/\/vanmodel-sheetmetal.com\/fr\/produit\/between-centers-centerless-grinding\/\" \/>\n<meta property=\"og:site_name\" content=\"Vanmodel-sheet metal\" \/>\n<meta property=\"article:modified_time\" content=\"2025-10-26T12:55:50+00:00\" \/>\n<meta property=\"og:image\" content=\"https:\/\/vanmodel-sheetmetal.com\/wp-content\/uploads\/2025\/07\/Metal-Stamping1.png\" \/>\n\t<meta property=\"og:image:width\" content=\"800\" \/>\n\t<meta property=\"og:image:height\" content=\"800\" \/>\n\t<meta property=\"og:image:type\" content=\"image\/png\" \/>\n<meta name=\"twitter:card\" content=\"summary_large_image\" \/>\n<meta name=\"twitter:label1\" content=\"Dur\u00e9e de lecture estim\u00e9e\" \/>\n\t<meta name=\"twitter:data1\" content=\"2 minutes\" \/>\n<script type=\"application\/ld+json\" class=\"yoast-schema-graph\">{\"@context\":\"https:\\\/\\\/schema.org\",\"@graph\":[{\"@type\":\"WebPage\",\"@id\":\"https:\\\/\\\/vanmodel-sheetmetal.com\\\/product\\\/between-centers-centerless-grinding\\\/\",\"url\":\"https:\\\/\\\/vanmodel-sheetmetal.com\\\/product\\\/between-centers-centerless-grinding\\\/\",\"name\":\"Metal Stamping - Vanmodel-sheet metal\",\"isPartOf\":{\"@id\":\"https:\\\/\\\/vanmodel-sheetmetal.com\\\/#website\"},\"primaryImageOfPage\":{\"@id\":\"https:\\\/\\\/vanmodel-sheetmetal.com\\\/product\\\/between-centers-centerless-grinding\\\/#primaryimage\"},\"image\":{\"@id\":\"https:\\\/\\\/vanmodel-sheetmetal.com\\\/product\\\/between-centers-centerless-grinding\\\/#primaryimage\"},\"thumbnailUrl\":\"https:\\\/\\\/vanmodel-sheetmetal.com\\\/wp-content\\\/uploads\\\/2025\\\/07\\\/Metal-Stamping1.png\",\"datePublished\":\"2025-07-06T06:07:29+00:00\",\"dateModified\":\"2025-10-26T12:55:50+00:00\",\"description\":\"VanModel is a leading metal stamping manufacturer in China. We offer custom progressive die stamping, deep drawing & fine blanking services. Get a quote!\",\"breadcrumb\":{\"@id\":\"https:\\\/\\\/vanmodel-sheetmetal.com\\\/product\\\/between-centers-centerless-grinding\\\/#breadcrumb\"},\"inLanguage\":\"fr-FR\",\"potentialAction\":[{\"@type\":\"ReadAction\",\"target\":[\"https:\\\/\\\/vanmodel-sheetmetal.com\\\/product\\\/between-centers-centerless-grinding\\\/\"]}]},{\"@type\":\"ImageObject\",\"inLanguage\":\"fr-FR\",\"@id\":\"https:\\\/\\\/vanmodel-sheetmetal.com\\\/product\\\/between-centers-centerless-grinding\\\/#primaryimage\",\"url\":\"https:\\\/\\\/vanmodel-sheetmetal.com\\\/wp-content\\\/uploads\\\/2025\\\/07\\\/Metal-Stamping1.png\",\"contentUrl\":\"https:\\\/\\\/vanmodel-sheetmetal.com\\\/wp-content\\\/uploads\\\/2025\\\/07\\\/Metal-Stamping1.png\",\"width\":800,\"height\":800},{\"@type\":\"BreadcrumbList\",\"@id\":\"https:\\\/\\\/vanmodel-sheetmetal.com\\\/product\\\/between-centers-centerless-grinding\\\/#breadcrumb\",\"itemListElement\":[{\"@type\":\"ListItem\",\"position\":1,\"name\":\"Home\",\"item\":\"https:\\\/\\\/vanmodel-sheetmetal.com\\\/\"},{\"@type\":\"ListItem\",\"position\":2,\"name\":\"Product\",\"item\":\"https:\\\/\\\/vanmodel-sheetmetal.com\\\/es\\\/product\\\/\"},{\"@type\":\"ListItem\",\"position\":3,\"name\":\"Metal Stamping\"}]},{\"@type\":\"WebSite\",\"@id\":\"https:\\\/\\\/vanmodel-sheetmetal.com\\\/#website\",\"url\":\"https:\\\/\\\/vanmodel-sheetmetal.com\\\/\",\"name\":\"Vanmodel-sheet metal\",\"description\":\"Dongguan Vanmodel Precision metal Products Group\",\"publisher\":{\"@id\":\"https:\\\/\\\/vanmodel-sheetmetal.com\\\/#organization\"},\"potentialAction\":[{\"@type\":\"SearchAction\",\"target\":{\"@type\":\"EntryPoint\",\"urlTemplate\":\"https:\\\/\\\/vanmodel-sheetmetal.com\\\/?s={search_term_string}\"},\"query-input\":{\"@type\":\"PropertyValueSpecification\",\"valueRequired\":true,\"valueName\":\"search_term_string\"}}],\"inLanguage\":\"fr-FR\"},{\"@type\":\"Organization\",\"@id\":\"https:\\\/\\\/vanmodel-sheetmetal.com\\\/#organization\",\"name\":\"Vanmodel-sheet metal\",\"url\":\"https:\\\/\\\/vanmodel-sheetmetal.com\\\/\",\"logo\":{\"@type\":\"ImageObject\",\"inLanguage\":\"fr-FR\",\"@id\":\"https:\\\/\\\/vanmodel-sheetmetal.com\\\/#\\\/schema\\\/logo\\\/image\\\/\",\"url\":\"https:\\\/\\\/vanmodel-sheetmetal.com\\\/wp-content\\\/uploads\\\/2025\\\/06\\\/logo21.png\",\"contentUrl\":\"https:\\\/\\\/vanmodel-sheetmetal.com\\\/wp-content\\\/uploads\\\/2025\\\/06\\\/logo21.png\",\"width\":426,\"height\":220,\"caption\":\"Vanmodel-sheet metal\"},\"image\":{\"@id\":\"https:\\\/\\\/vanmodel-sheetmetal.com\\\/#\\\/schema\\\/logo\\\/image\\\/\"}}]}<\/script>\n<!-- \/ Yoast SEO Premium plugin. -->","yoast_head_json":{"title":"Metal Stamping - Vanmodel-sheet metal","description":"VanModel is a leading metal stamping manufacturer in China. We offer custom progressive die stamping, deep drawing & fine blanking services. Get a quote!","robots":{"index":"index","follow":"follow","max-snippet":"max-snippet:-1","max-image-preview":"max-image-preview:large","max-video-preview":"max-video-preview:-1"},"canonical":"https:\/\/vanmodel-sheetmetal.com\/fr\/produit\/between-centers-centerless-grinding\/","og_locale":"fr_FR","og_type":"article","og_title":"Metal Stamping","og_description":"VanModel is a leading metal stamping manufacturer in China. We offer custom progressive die stamping, deep drawing & fine blanking services. Get a quote!","og_url":"https:\/\/vanmodel-sheetmetal.com\/fr\/produit\/between-centers-centerless-grinding\/","og_site_name":"Vanmodel-sheet metal","article_modified_time":"2025-10-26T12:55:50+00:00","og_image":[{"width":800,"height":800,"url":"https:\/\/vanmodel-sheetmetal.com\/wp-content\/uploads\/2025\/07\/Metal-Stamping1.png","type":"image\/png"}],"twitter_card":"summary_large_image","twitter_misc":{"Dur\u00e9e de lecture estim\u00e9e":"2 minutes"},"schema":{"@context":"https:\/\/schema.org","@graph":[{"@type":"WebPage","@id":"https:\/\/vanmodel-sheetmetal.com\/product\/between-centers-centerless-grinding\/","url":"https:\/\/vanmodel-sheetmetal.com\/product\/between-centers-centerless-grinding\/","name":"Metal Stamping - Vanmodel-sheet metal","isPartOf":{"@id":"https:\/\/vanmodel-sheetmetal.com\/#website"},"primaryImageOfPage":{"@id":"https:\/\/vanmodel-sheetmetal.com\/product\/between-centers-centerless-grinding\/#primaryimage"},"image":{"@id":"https:\/\/vanmodel-sheetmetal.com\/product\/between-centers-centerless-grinding\/#primaryimage"},"thumbnailUrl":"https:\/\/vanmodel-sheetmetal.com\/wp-content\/uploads\/2025\/07\/Metal-Stamping1.png","datePublished":"2025-07-06T06:07:29+00:00","dateModified":"2025-10-26T12:55:50+00:00","description":"VanModel is a leading metal stamping manufacturer in China. We offer custom progressive die stamping, deep drawing & fine blanking services. Get a quote!","breadcrumb":{"@id":"https:\/\/vanmodel-sheetmetal.com\/product\/between-centers-centerless-grinding\/#breadcrumb"},"inLanguage":"fr-FR","potentialAction":[{"@type":"ReadAction","target":["https:\/\/vanmodel-sheetmetal.com\/product\/between-centers-centerless-grinding\/"]}]},{"@type":"ImageObject","inLanguage":"fr-FR","@id":"https:\/\/vanmodel-sheetmetal.com\/product\/between-centers-centerless-grinding\/#primaryimage","url":"https:\/\/vanmodel-sheetmetal.com\/wp-content\/uploads\/2025\/07\/Metal-Stamping1.png","contentUrl":"https:\/\/vanmodel-sheetmetal.com\/wp-content\/uploads\/2025\/07\/Metal-Stamping1.png","width":800,"height":800},{"@type":"BreadcrumbList","@id":"https:\/\/vanmodel-sheetmetal.com\/product\/between-centers-centerless-grinding\/#breadcrumb","itemListElement":[{"@type":"ListItem","position":1,"name":"Home","item":"https:\/\/vanmodel-sheetmetal.com\/"},{"@type":"ListItem","position":2,"name":"Product","item":"https:\/\/vanmodel-sheetmetal.com\/es\/product\/"},{"@type":"ListItem","position":3,"name":"Metal Stamping"}]},{"@type":"WebSite","@id":"https:\/\/vanmodel-sheetmetal.com\/#website","url":"https:\/\/vanmodel-sheetmetal.com\/","name":"Vanmodel-sheet metal","description":"Dongguan Vanmodel Precision metal Products Group","publisher":{"@id":"https:\/\/vanmodel-sheetmetal.com\/#organization"},"potentialAction":[{"@type":"SearchAction","target":{"@type":"EntryPoint","urlTemplate":"https:\/\/vanmodel-sheetmetal.com\/?s={search_term_string}"},"query-input":{"@type":"PropertyValueSpecification","valueRequired":true,"valueName":"search_term_string"}}],"inLanguage":"fr-FR"},{"@type":"Organization","@id":"https:\/\/vanmodel-sheetmetal.com\/#organization","name":"Vanmodel-sheet metal","url":"https:\/\/vanmodel-sheetmetal.com\/","logo":{"@type":"ImageObject","inLanguage":"fr-FR","@id":"https:\/\/vanmodel-sheetmetal.com\/#\/schema\/logo\/image\/","url":"https:\/\/vanmodel-sheetmetal.com\/wp-content\/uploads\/2025\/06\/logo21.png","contentUrl":"https:\/\/vanmodel-sheetmetal.com\/wp-content\/uploads\/2025\/06\/logo21.png","width":426,"height":220,"caption":"Vanmodel-sheet metal"},"image":{"@id":"https:\/\/vanmodel-sheetmetal.com\/#\/schema\/logo\/image\/"}}]}},"taxonomy_info":{"product_cat":[{"value":38,"label":"Others"}],"product_tag":[{"value":47,"label":"Precision Metal Stamping Manufacturer &amp; Supplier | VanModel"}]},"featured_image_src_large":["https:\/\/vanmodel-sheetmetal.com\/wp-content\/uploads\/2025\/07\/Metal-Stamping1.png",800,800,false],"author_info":[],"comment_info":"","_links":{"self":[{"href":"https:\/\/vanmodel-sheetmetal.com\/fr\/wp-json\/wp\/v2\/product\/2672","targetHints":{"allow":["GET"]}}],"collection":[{"href":"https:\/\/vanmodel-sheetmetal.com\/fr\/wp-json\/wp\/v2\/product"}],"about":[{"href":"https:\/\/vanmodel-sheetmetal.com\/fr\/wp-json\/wp\/v2\/types\/product"}],"wp:featuredmedia":[{"embeddable":true,"href":"https:\/\/vanmodel-sheetmetal.com\/fr\/wp-json\/wp\/v2\/media\/2769"}],"wp:attachment":[{"href":"https:\/\/vanmodel-sheetmetal.com\/fr\/wp-json\/wp\/v2\/media?parent=2672"}],"wp:term":[{"taxonomy":"product_brand","embeddable":true,"href":"https:\/\/vanmodel-sheetmetal.com\/fr\/wp-json\/wp\/v2\/product_brand?post=2672"},{"taxonomy":"product_cat","embeddable":true,"href":"https:\/\/vanmodel-sheetmetal.com\/fr\/wp-json\/wp\/v2\/product_cat?post=2672"},{"taxonomy":"product_tag","embeddable":true,"href":"https:\/\/vanmodel-sheetmetal.com\/fr\/wp-json\/wp\/v2\/product_tag?post=2672"}],"curies":[{"name":"wp","href":"https:\/\/api.w.org\/{rel}","templated":true}]}}